{"id":3517,"date":"2022-08-09T12:33:18","date_gmt":"2022-08-09T10:33:18","guid":{"rendered":"https:\/\/www.upo.es\/area-historia-america\/?page_id=3517"},"modified":"2025-01-28T09:11:30","modified_gmt":"2025-01-28T08:11:30","slug":"profesores-miembros","status":"publish","type":"page","link":"https:\/\/www.upo.es\/area-historia-america\/profesores-miembros\/","title":{"rendered":"Profesorado y Miembros del \u00c1rea"},"content":{"rendered":"<section class=\"wpb-content-wrapper\"><p>[vc_row el_class=\u00bbprofesores\u00bb][vc_column width=\u00bb1\/4&#8243;][vc_single_image image=\u00bb3523&#8243; img_size=\u00bbfull\u00bb alignment=\u00bbcenter\u00bb style=\u00bbvc_box_circle_2&#8243;][vc_column_text]<\/p>\n<h4 style=\"text-align: center;\"><strong>Juan Marchena Fern\u00e1ndez<\/strong><\/h4>\n<p style=\"text-align: center;\">In memoriam (1954-2022)<\/p>\n<p style=\"text-align: center;\">Profesor Doctor. Catedr\u00e1tico. Director \u00c1rea de Historia de Am\u00e9rica.<\/p>\n<p style=\"text-align: center;\"><strong>ORCID:<\/strong> <a href=\"https:\/\/orcid.org\/0000-0002-3949-9051\">0000-0002-3949-9051<\/a><\/p>\n<p>[\/vc_column_text][\/vc_column][vc_column width=\u00bb1\/4&#8243;][vc_single_image image=\u00bb4027&#8243; img_size=\u00bbfull\u00bb alignment=\u00bbcenter\u00bb style=\u00bbvc_box_circle_2&#8243;][vc_column_text]<\/p>\n<h4 style=\"text-align: center;\"><strong>Justo Cu\u00f1o Bonito<\/strong><\/h4>\n<p style=\"text-align: center;\">Profesor Doctor. Director del Departamento de Geograf\u00eda, Historia y Filosof\u00eda.<\/p>\n<p style=\"text-align: center;\"><strong>ORCID:<\/strong> <a href=\"https:\/\/orcid.org\/0000-0003-3035-3336\">0000-0003-3035-3336<\/a><\/p>\n<p>[\/vc_column_text][\/vc_column][vc_column width=\u00bb1\/4&#8243;][vc_single_image image=\u00bb3879&#8243; img_size=\u00bbfull\u00bb alignment=\u00bbcenter\u00bb style=\u00bbvc_box_circle_2&#8243;][vc_column_text]<\/p>\n<h4 style=\"text-align: center;\"><strong>Francisco Antonio Rubio Dur\u00e1n<\/strong><\/h4>\n<p style=\"text-align: center;\">Profesor Doctor.<\/p>\n<p style=\"text-align: center;\"><strong>ORCID:<\/strong> <a href=\"https:\/\/orcid.org\/0000-0002-5158-3926\">0000-0002-5158-3926<\/a><\/p>\n<p>[\/vc_column_text][\/vc_column][vc_column width=\u00bb1\/4&#8243;][vc_single_image image=\u00bb4235&#8243; img_size=\u00bbfull\u00bb style=\u00bbvc_box_circle_2&#8243;][vc_column_text]<\/p>\n<h4 style=\"text-align: center;\"><strong>Antonino Vidal Ortega<\/strong><\/h4>\n<p style=\"text-align: center;\">Profesor Doctor<\/p>\n<p style=\"text-align: center;\"><strong>ORCID: <\/strong><a href=\"https:\/\/orcid.org\/0000-0002-0012-325X\">0000-0002-0012-325x<\/a><\/p>\n<h2 class=\"orc-font-body-large\"><\/h2>\n<p>[\/vc_column_text][\/vc_column][\/vc_row][vc_row el_class=\u00bbprofesores\u00bb][vc_column width=\u00bb1\/4&#8243;][vc_single_image image=\u00bb3883&#8243; img_size=\u00bbfull\u00bb alignment=\u00bbcenter\u00bb style=\u00bbvc_box_circle_2&#8243;][vc_column_text]<\/p>\n<h4 style=\"text-align: center;\">Sandra Milena Taborda Parra<\/h4>\n<p style=\"text-align: center;\">Colaboradora Honoraria.<\/p>\n<p style=\"text-align: center;\"><strong>ORCID:<\/strong> <a href=\"https:\/\/orcid.org\/0000-0003-0834-445X\">0000-0003-0834-445X<\/a><\/p>\n<p>[\/vc_column_text][\/vc_column][vc_column width=\u00bb1\/4&#8243;][vc_single_image image=\u00bb4211&#8243; img_size=\u00bbfull\u00bb alignment=\u00bbcenter\u00bb style=\u00bbvc_box_circle_2&#8243;][vc_column_text]<\/p>\n<h4 style=\"text-align: center;\">Marta Bordons Mart\u00ednez<\/h4>\n<p style=\"text-align: center;\">Personal Investigador en Formaci\u00f3n (FPU).<\/p>\n<p style=\"text-align: center;\"><strong>ORCID:<\/strong> <a href=\"https:\/\/orcid.org\/0000-0002-3854-018X\">0000-0002-3854-018X<\/a><\/p>\n<p>[\/vc_column_text][\/vc_column][vc_column width=\u00bb1\/4&#8243;][vc_single_image image=\u00bb4210&#8243; img_size=\u00bbfull\u00bb alignment=\u00bbcenter\u00bb style=\u00bbvc_box_circle_2&#8243;][vc_column_text]<\/p>\n<h4 style=\"text-align: center;\"><strong>Lorena Gonz\u00e1lez de la Torre<\/strong><\/h4>\n<p style=\"text-align: center;\">Ayuda Puente Predoctoral<\/p>\n<p>[\/vc_column_text][\/vc_column][vc_column width=\u00bb1\/4&#8243;][vc_single_image image=\u00bb4029&#8243; img_size=\u00bbfull\u00bb style=\u00bbvc_box_circle_2&#8243;][vc_column_text]<\/p>\n<h4 style=\"text-align: center;\"><strong>Mar\u00eda Jos\u00e9 G\u00e1lvez Carmona<\/strong><\/h4>\n<p style=\"text-align: center;\">Colaboradora Honoraria<\/p>\n<p>[\/vc_column_text][\/vc_column][\/vc_row][vc_row el_class=\u00bbprofesores\u00bb][vc_column width=\u00bb1\/3&#8243;][vc_single_image image=\u00bb4026&#8243; img_size=\u00bbfull\u00bb alignment=\u00bbcenter\u00bb style=\u00bbvc_box_circle_2&#8243;][vc_column_text]<\/p>\n<h4 style=\"text-align: center;\">Joaqu\u00edn Monge Castillero<\/h4>\n<p style=\"text-align: center;\">Ayuda Puente Predoctoral<\/p>\n<p>[\/vc_column_text][\/vc_column][vc_column width=\u00bb1\/3&#8243;][vc_single_image image=\u00bb4092&#8243; img_size=\u00bbfull\u00bb style=\u00bbvc_box_circle_2&#8243;][vc_column_text]<\/p>\n<h4 style=\"text-align: center;\"><strong>Rita G\u00f3mez Barnetto<\/strong><\/h4>\n<p style=\"text-align: center;\">Colaboradora Honoraria<\/p>\n<p>[\/vc_column_text][\/vc_column][vc_column width=\u00bb1\/3&#8243;][vc_single_image image=\u00bb4233&#8243; img_size=\u00bbfull\u00bb style=\u00bbvc_box_circle_2&#8243;][vc_column_text]<\/p>\n<h4 style=\"text-align: center;\"><strong>Elena Algar\u00edn Pentinel<\/strong><\/h4>\n<p style=\"text-align: center;\">Ayuda a la Formaci\u00f3n Doctoral<\/p>\n<p>[\/vc_column_text][\/vc_column][\/vc_row]<\/p>\n<\/section>","protected":false},"excerpt":{"rendered":"<p>[vc_row el_class=\u00bbprofesores\u00bb][vc_column width=\u00bb1\/4&#8243;][vc_single_image image=\u00bb3523&#8243; img_size=\u00bbfull\u00bb alignment=\u00bbcenter\u00bb style=\u00bbvc_box_circle_2&#8243;][vc_column_text] Juan Marchena Fern\u00e1ndez In memoriam (1954-2022) Profesor Doctor. Catedr\u00e1tico. Director \u00c1rea de Historia de Am\u00e9rica. ORCID: 0000-0002-3949-9051 [\/vc_column_text][\/vc_column][vc_column width=\u00bb1\/4&#8243;][vc_single_image image=\u00bb4027&#8243; img_size=\u00bbfull\u00bb alignment=\u00bbcenter\u00bb style=\u00bbvc_box_circle_2&#8243;][vc_column_text] Justo Cu\u00f1o Bonito Profesor Doctor. Director del Departamento de Geograf\u00eda, Historia y Filosof\u00eda. ORCID: 0000-0003-3035-3336 [\/vc_column_text][\/vc_column][vc_column width=\u00bb1\/4&#8243;][vc_single_image image=\u00bb3879&#8243; img_size=\u00bbfull\u00bb alignment=\u00bbcenter\u00bb style=\u00bbvc_box_circle_2&#8243;][vc_column_text] Francisco Antonio Rubio Dur\u00e1n Profesor Doctor. ORCID: 0000-0002-5158-3926 [\/vc_column_text][\/vc_column][vc_column width=\u00bb1\/4&#8243;][vc_single_image image=\u00bb4235&#8243; img_size=\u00bbfull\u00bb style=\u00bbvc_box_circle_2&#8243;][vc_column_text] Antonino Vidal Ortega Profesor Doctor ORCID: 0000-0002-0012-325x [\/vc_column_text][\/vc_column][\/vc_row][vc_row el_class=\u00bbprofesores\u00bb][vc_column width=\u00bb1\/4&#8243;][vc_single_image image=\u00bb3883&#8243; img_size=\u00bbfull\u00bb alignment=\u00bbcenter\u00bb style=\u00bbvc_box_circle_2&#8243;][vc_column_text] Sandra Milena Taborda Parra Colaboradora Honoraria. ORCID: 0000-0003-0834-445X [\/vc_column_text][\/vc_column][vc_column width=\u00bb1\/4&#8243;][vc_single_image image=\u00bb4211&#8243; img_size=\u00bbfull\u00bb [&hellip;]<\/p>\n","protected":false},"author":1,"featured_media":0,"parent":0,"menu_order":0,"comment_status":"closed","ping_status":"closed","template":"","meta":{"footnotes":""},"class_list":["post-3517","page","type-page","status-publish","hentry"],"_links":{"self":[{"href":"https:\/\/www.upo.es\/area-historia-america\/wp-json\/wp\/v2\/pages\/3517","targetHints":{"allow":["GET"]}}],"collection":[{"href":"https:\/\/www.upo.es\/area-historia-america\/wp-json\/wp\/v2\/pages"}],"about":[{"href":"https:\/\/www.upo.es\/area-historia-america\/wp-json\/wp\/v2\/types\/page"}],"author":[{"embeddable":true,"href":"https:\/\/www.upo.es\/area-historia-america\/wp-json\/wp\/v2\/users\/1"}],"replies":[{"embeddable":true,"href":"https:\/\/www.upo.es\/area-historia-america\/wp-json\/wp\/v2\/comments?post=3517"}],"version-history":[{"count":26,"href":"https:\/\/www.upo.es\/area-historia-america\/wp-json\/wp\/v2\/pages\/3517\/revisions"}],"predecessor-version":[{"id":4243,"href":"https:\/\/www.upo.es\/area-historia-america\/wp-json\/wp\/v2\/pages\/3517\/revisions\/4243"}],"wp:attachment":[{"href":"https:\/\/www.upo.es\/area-historia-america\/wp-json\/wp\/v2\/media?parent=3517"}],"curies":[{"name":"wp","href":"https:\/\/api.w.org\/{rel}","templated":true}]}}