{"id":3550,"date":"2022-08-10T10:41:50","date_gmt":"2022-08-10T08:41:50","guid":{"rendered":"https:\/\/www.upo.es\/area-historia-america\/?page_id=3550"},"modified":"2025-05-19T09:08:58","modified_gmt":"2025-05-19T07:08:58","slug":"maestria-historia-america","status":"publish","type":"page","link":"https:\/\/www.upo.es\/area-historia-america\/maestria-historia-america\/","title":{"rendered":"Maestr\u00eda en Historia de Am\u00e9rica"},"content":{"rendered":"<section class=\"wpb-content-wrapper\"><p>[vc_row][vc_column][vc_column_text css=\u00bb.vc_custom_1660121225588{padding-bottom: 20px !important;}\u00bb]M\u00e1s informaci\u00f3n: <a href=\"https:\/\/www.upo.es\/postgrado\/Master-Oficial-Historia-de-America-Latina-Mundos-Indigenas\/\">https:\/\/www.upo.es\/postgrado\/Master-Oficial-Historia-de-America-Latina-Mundos-Indigenas\/<\/a>[\/vc_column_text]<div class=\"edgt-tabs  edgt-tabs-standard\">\n\t<ul class=\"edgt-tabs-nav clearfix\">\n\t\t\t\t\t<li>\n\t\t\t\t\t\t\t\t\t<h5>\n\t\t\t\t\t\t<a href=\"#tab-descripcion\">Descripci\u00f3n<\/a>\n\t\t\t\t\t<\/h5>\n\t\t\t\t\t\t\t<\/li>\n\t\t\t\t\t<li>\n\t\t\t\t\t\t\t\t\t<h5>\n\t\t\t\t\t\t<a href=\"#tab-comision-academica\">Comisi\u00f3n Acad\u00e9mica<\/a>\n\t\t\t\t\t<\/h5>\n\t\t\t\t\t\t\t<\/li>\n\t\t\t<\/ul>\n\t<div class=\"edgt-tab-container\" id=\"tab-descripcion-588\">\n            <h3 class=\"edgt-tab-title\">\n            Descripci\u00f3n        <\/h3>\n            <div class=\"edgt-tab-content-holder\">\n        <div class=\"edgt-tab-content\">\n            [vc_column_text]<\/p>\n<p style=\"text-align: left;\">El M\u00e1ster Historia de Am\u00e9rica Latina tiene por objetivo ofrecer al alumnado una s\u00f3lida formaci\u00f3n avanzada pr\u00e1ctica, metodol\u00f3gica y te\u00f3rica de car\u00e1cter multidisciplinar, dirigida a su especializaci\u00f3n acad\u00e9mica e investigadora en el campo de la historia latinoamericana. Las asignaturas y seminarios del programa son impartidos por algunos de los mejores especialistas europeos, norteamericanos y latinoamericanos.<\/p>\n<p>&nbsp;<\/p>\n<p style=\"text-align: left;\">El programa pone un especial \u00e9nfasis en la investigaci\u00f3n, y destina una parte sustancial de su tiempo al desarrollo de los proyectos de cada estudiante, con tutor\u00edas personalizadas, monitoreo de los mismos, y trabajo en los archivos y bibliotecas de Sevilla, con menci\u00f3n expresa del Archivo General de Indias y de la Escuela de Estudios Hispanoamericanos (CSIC), donde habr\u00e1n de llevar a cabo sus trabajos de consulta e investigaci\u00f3n. Para ello se han previsto diversos seminarios metodol\u00f3gicos que ayudar\u00e1n a la realizaci\u00f3n del Trabajo Fin de m\u00e1ster.<\/p>\n<p>&nbsp;<\/p>\n<p style=\"text-align: left;\">El profesorado participante proviene de las Universidades siguientes, Universidad Pablo de Olavide, Universidad Nova de Lisboa, CHAM, Universidad Federal do Par\u00e1, Brasil, Pontificia Universidad Cat\u00f3lica del Per\u00fa, Lima, Universidad de St. Andrews, Escocia, Universidad Nacional de Colombia, Bogot\u00e1, Universidad de Barcelona, Universidad de Buenos Aires, Instituto de Historia, CSIC, Madrid, Queen\u2019s University, Canad\u00e1, Universidad de Murcia, Universidad Jaume I, Castell\u00f3n, Universidad de Colonia, Alemania, Universidad de Lisboa, Escuela Espa\u00f1ola de Historia y Arqueolog\u00eda en Roma, Universidad Nacional de Trujillo, Per\u00fa, Universidad de Las Palmas de Gran Canaria.<\/p>\n<p>[\/vc_column_text]        <\/div>\n        <div class=\"edgt-tab-image\">\n                    <\/div>\n    <\/div>\n<\/div><div class=\"edgt-tab-container\" id=\"tab-comision-academica-116\">\n            <h3 class=\"edgt-tab-title\">\n            Comisi\u00f3n Acad\u00e9mica        <\/h3>\n            <div class=\"edgt-tab-content-holder\">\n        <div class=\"edgt-tab-content\">\n            [vc_column_text]<\/p>\n<ul>\n<li><strong>Director:<\/strong> D. Justo Cu\u00f1o Bonito<\/li>\n<li><strong>Director:<\/strong> D. Jose M\u00aa Miura Andrades<\/li>\n<li><strong>Director:<\/strong> D. Juan Marchena Fern\u00e1ndez (in memoriam)<\/li>\n<li><strong>Coordinador:<\/strong> D. Francisco Antonio Rubio Dur\u00e1n<\/li>\n<li><strong>Responsable de Calidad:<\/strong> D\u00aa. Silvia Mar\u00eda P\u00e9rez Gonz\u00e1lez<\/li>\n<\/ul>\n<p>[\/vc_column_text]        <\/div>\n        <div class=\"edgt-tab-image\">\n                    <\/div>\n    <\/div>\n<\/div><\/div>[\/vc_column][\/vc_row]<\/p>\n<\/section>","protected":false},"excerpt":{"rendered":"<p>[vc_row][vc_column][vc_column_text css=\u00bb.vc_custom_1660121225588{padding-bottom: 20px !important;}\u00bb]M\u00e1s informaci\u00f3n: https:\/\/www.upo.es\/postgrado\/Master-Oficial-Historia-de-America-Latina-Mundos-Indigenas\/[\/vc_column_text][\/vc_column][\/vc_row]<\/p>\n","protected":false},"author":1,"featured_media":0,"parent":0,"menu_order":0,"comment_status":"closed","ping_status":"closed","template":"","meta":{"footnotes":""},"class_list":["post-3550","page","type-page","status-publish","hentry"],"_links":{"self":[{"href":"https:\/\/www.upo.es\/area-historia-america\/wp-json\/wp\/v2\/pages\/3550","targetHints":{"allow":["GET"]}}],"collection":[{"href":"https:\/\/www.upo.es\/area-historia-america\/wp-json\/wp\/v2\/pages"}],"about":[{"href":"https:\/\/www.upo.es\/area-historia-america\/wp-json\/wp\/v2\/types\/page"}],"author":[{"embeddable":true,"href":"https:\/\/www.upo.es\/area-historia-america\/wp-json\/wp\/v2\/users\/1"}],"replies":[{"embeddable":true,"href":"https:\/\/www.upo.es\/area-historia-america\/wp-json\/wp\/v2\/comments?post=3550"}],"version-history":[{"count":8,"href":"https:\/\/www.upo.es\/area-historia-america\/wp-json\/wp\/v2\/pages\/3550\/revisions"}],"predecessor-version":[{"id":4267,"href":"https:\/\/www.upo.es\/area-historia-america\/wp-json\/wp\/v2\/pages\/3550\/revisions\/4267"}],"wp:attachment":[{"href":"https:\/\/www.upo.es\/area-historia-america\/wp-json\/wp\/v2\/media?parent=3550"}],"curies":[{"name":"wp","href":"https:\/\/api.w.org\/{rel}","templated":true}]}}