{"id":3562,"date":"2022-08-10T10:52:39","date_gmt":"2022-08-10T08:52:39","guid":{"rendered":"https:\/\/www.upo.es\/area-historia-america\/?page_id=3562"},"modified":"2023-01-09T09:51:28","modified_gmt":"2023-01-09T08:51:28","slug":"otros-cursos-especificos-historia-de-america","status":"publish","type":"page","link":"https:\/\/www.upo.es\/area-historia-america\/otros-cursos-especificos-historia-de-america\/","title":{"rendered":"Otros cursos espec\u00edficos (Historia de Am\u00e9rica)"},"content":{"rendered":"<section class=\"wpb-content-wrapper\"><p>[vc_row][vc_column]<div class=\"edgt-accordion-holder edgt-ac-default  edgt-accordion edgt-ac-boxed  clearfix\">\n\t<h6 class=\"edgt-accordion-title\">\n    <span class=\"edgt-accordion-mark\">\n\t\t<span class=\"edgt_icon_plus arrow_carrot-right\"><\/span>\n\t\t<span class=\"edgt_icon_minus arrow_carrot-down\"><\/span>\n\t<\/span>\n\t<span class=\"edgt-tab-title\">Curso Alta Especializaci\u00f3n<\/span>\n<\/h6>\n<div class=\"edgt-accordion-content\">\n\t<div class=\"edgt-accordion-content-inner\">\n\t\t[vc_column_text]El Curso de Alta Especializaci\u00f3n (2021-2022) tiene por objetivo ofrecer a especialistas en la materia una formaci\u00f3n de primer nivel en Historia sobre el tema de los Universos Coloniales Americanos, proponiendo una mirada comparada entre los distintos territorios que formaron parte de las monarqu\u00edas ib\u00e9ricas entre los siglos XVI y XVIII. Para ello se ofrecen un total de 32 conferencias, a cargo de otros tantos expertos y expertas en la historia colonial iberoamericana.<\/p>\n<p>La organizaci\u00f3n del Curso corre a cargo del \u00c1rea de Historia de Am\u00e9rica de la Universidad Pablo de Olavide, del CHAM, constituido por los Centros de Humanidades de la Facultad de Ciencias Sociales y Humanas de la Universidade Nova de Lisboa; de la Universidade Dos A\u00e7ores y del CIES-ISCTE (Grupo de Historia Moderna y Contempor\u00e1nea de Lisboa y del FLUL (Facultad de Letras de la Universidade de Lisboa).[\/vc_column_text][vc_empty_space][vc_single_image image=\u00bb3888&#8243; img_size=\u00bbfull\u00bb alignment=\u00bbcenter\u00bb]\t<\/div>\n<\/div><\/div>[\/vc_column][\/vc_row]<\/p>\n<\/section>","protected":false},"excerpt":{"rendered":"<p>[vc_row][vc_column][\/vc_column][\/vc_row]<\/p>\n","protected":false},"author":1,"featured_media":0,"parent":0,"menu_order":0,"comment_status":"closed","ping_status":"closed","template":"","meta":{"footnotes":""},"class_list":["post-3562","page","type-page","status-publish","hentry"],"_links":{"self":[{"href":"https:\/\/www.upo.es\/area-historia-america\/wp-json\/wp\/v2\/pages\/3562","targetHints":{"allow":["GET"]}}],"collection":[{"href":"https:\/\/www.upo.es\/area-historia-america\/wp-json\/wp\/v2\/pages"}],"about":[{"href":"https:\/\/www.upo.es\/area-historia-america\/wp-json\/wp\/v2\/types\/page"}],"author":[{"embeddable":true,"href":"https:\/\/www.upo.es\/area-historia-america\/wp-json\/wp\/v2\/users\/1"}],"replies":[{"embeddable":true,"href":"https:\/\/www.upo.es\/area-historia-america\/wp-json\/wp\/v2\/comments?post=3562"}],"version-history":[{"count":7,"href":"https:\/\/www.upo.es\/area-historia-america\/wp-json\/wp\/v2\/pages\/3562\/revisions"}],"predecessor-version":[{"id":3953,"href":"https:\/\/www.upo.es\/area-historia-america\/wp-json\/wp\/v2\/pages\/3562\/revisions\/3953"}],"wp:attachment":[{"href":"https:\/\/www.upo.es\/area-historia-america\/wp-json\/wp\/v2\/media?parent=3562"}],"curies":[{"name":"wp","href":"https:\/\/api.w.org\/{rel}","templated":true}]}}