{"id":3565,"date":"2022-08-10T10:56:19","date_gmt":"2022-08-10T08:56:19","guid":{"rendered":"https:\/\/www.upo.es\/area-historia-america\/?page_id=3565"},"modified":"2022-08-10T10:56:19","modified_gmt":"2022-08-10T08:56:19","slug":"plan-andaluz-de-investigacion-desarrollo-e-innovacion-grupo-hum-209","status":"publish","type":"page","link":"https:\/\/www.upo.es\/area-historia-america\/plan-andaluz-de-investigacion-desarrollo-e-innovacion-grupo-hum-209\/","title":{"rendered":"Plan Andaluz de Investigaci\u00f3n, Desarrollo e Innovaci\u00f3n. Grupo HUM-209"},"content":{"rendered":"<section class=\"wpb-content-wrapper\"><p>[vc_row][vc_column]<div class=\"edgt-tabs  edgt-tabs-standard\">\n\t<ul class=\"edgt-tabs-nav clearfix\">\n\t\t\t\t\t<li>\n\t\t\t\t\t\t\t\t\t<h5>\n\t\t\t\t\t\t<a href=\"#tab-definicion\">Definici\u00f3n<\/a>\n\t\t\t\t\t<\/h5>\n\t\t\t\t\t\t\t<\/li>\n\t\t\t\t\t<li>\n\t\t\t\t\t\t\t\t\t<h5>\n\t\t\t\t\t\t<a href=\"#tab-miembros\">Miembros<\/a>\n\t\t\t\t\t<\/h5>\n\t\t\t\t\t\t\t<\/li>\n\t\t\t<\/ul>\n\t<div class=\"edgt-tab-container\" id=\"tab-definicion-972\">\n            <h3 class=\"edgt-tab-title\">\n            Definici\u00f3n        <\/h3>\n            <div class=\"edgt-tab-content-holder\">\n        <div class=\"edgt-tab-content\">\n            [vc_column_text]<strong>L\u00edneas de investigaci\u00f3n:<\/strong><\/p>\n<ul>\n<li>Desarrollo, derechos humanos y procesos de democratizaci\u00f3n en Am\u00e9rica Latina.<\/li>\n<li>Integraci\u00f3n hist\u00f3rica de espacios econ\u00f3micos y culturales en Am\u00e9rica Latina.<\/li>\n<li>Red inform\u00e1tica interuniversitaria.<\/li>\n<\/ul>\n<p><strong>Oferta tecnol\u00f3gica:<\/strong><\/p>\n<ul>\n<li>Estudios de pol\u00edticas de desarrollo sostenible.<\/li>\n<li>An\u00e1lisis de procesos de democratizaci\u00f3n.<\/li>\n<li>Estudios sobre prensa, escritos de car\u00e1cter polit\u00edco, encuestas y documentos relacionados con la socio-econom\u00eda latinoamericana.<\/li>\n<li>Gesti\u00f3n de fondos audiovisuales.<\/li>\n<li>Asesoramiento a entidades p\u00fablicas privadas sobre asuntos migratorios.<\/li>\n<li>Asesoramiento en cooperaci\u00f3n y ayuda al desarrollo.<\/li>\n<li>Formaci\u00f3n y capacitaci\u00f3n de personal de origen latinoamericano.<\/li>\n<li>Asesoramiento en relaciones exteriores referentes al mundo latinoamericano.<\/li>\n<\/ul>\n<p>[\/vc_column_text]        <\/div>\n        <div class=\"edgt-tab-image\">\n                    <\/div>\n    <\/div>\n<\/div><div class=\"edgt-tab-container\" id=\"tab-miembros-268\">\n            <h3 class=\"edgt-tab-title\">\n            Miembros        <\/h3>\n            <div class=\"edgt-tab-content-holder\">\n        <div class=\"edgt-tab-content\">\n            [vc_column_text]El grupo HUM-209 est\u00e1 conformado por 24 miembros, 21 personas con t\u00edtulo de Doctorado y 3 personas con t\u00edtulo de M\u00e1ster. Responsable del grupo: Dr. Juan Marchena Fern\u00e1ndez.[\/vc_column_text]        <\/div>\n        <div class=\"edgt-tab-image\">\n                    <\/div>\n    <\/div>\n<\/div><\/div>[\/vc_column][\/vc_row]<\/p>\n<\/section>","protected":false},"excerpt":{"rendered":"<p>[vc_row][vc_column][\/vc_column][\/vc_row]<\/p>\n","protected":false},"author":1,"featured_media":0,"parent":0,"menu_order":0,"comment_status":"closed","ping_status":"closed","template":"","meta":{"footnotes":""},"class_list":["post-3565","page","type-page","status-publish","hentry"],"_links":{"self":[{"href":"https:\/\/www.upo.es\/area-historia-america\/wp-json\/wp\/v2\/pages\/3565","targetHints":{"allow":["GET"]}}],"collection":[{"href":"https:\/\/www.upo.es\/area-historia-america\/wp-json\/wp\/v2\/pages"}],"about":[{"href":"https:\/\/www.upo.es\/area-historia-america\/wp-json\/wp\/v2\/types\/page"}],"author":[{"embeddable":true,"href":"https:\/\/www.upo.es\/area-historia-america\/wp-json\/wp\/v2\/users\/1"}],"replies":[{"embeddable":true,"href":"https:\/\/www.upo.es\/area-historia-america\/wp-json\/wp\/v2\/comments?post=3565"}],"version-history":[{"count":4,"href":"https:\/\/www.upo.es\/area-historia-america\/wp-json\/wp\/v2\/pages\/3565\/revisions"}],"predecessor-version":[{"id":3569,"href":"https:\/\/www.upo.es\/area-historia-america\/wp-json\/wp\/v2\/pages\/3565\/revisions\/3569"}],"wp:attachment":[{"href":"https:\/\/www.upo.es\/area-historia-america\/wp-json\/wp\/v2\/media?parent=3565"}],"curies":[{"name":"wp","href":"https:\/\/api.w.org\/{rel}","templated":true}]}}