{"id":3570,"date":"2022-08-10T10:58:36","date_gmt":"2022-08-10T08:58:36","guid":{"rendered":"https:\/\/www.upo.es\/area-historia-america\/?page_id=3570"},"modified":"2022-08-10T10:58:36","modified_gmt":"2022-08-10T08:58:36","slug":"proyectos-de-investigacion-en-vigor","status":"publish","type":"page","link":"https:\/\/www.upo.es\/area-historia-america\/proyectos-de-investigacion-en-vigor\/","title":{"rendered":"Proyectos de Investigaci\u00f3n en Vigor"},"content":{"rendered":"<section class=\"wpb-content-wrapper\"><p>[vc_row][vc_column]<div class=\"edgt-accordion-holder edgt-ac-default  edgt-accordion edgt-ac-boxed  clearfix\">\n\t<h6 class=\"edgt-accordion-title\">\n    <span class=\"edgt-accordion-mark\">\n\t\t<span class=\"edgt_icon_plus arrow_carrot-right\"><\/span>\n\t\t<span class=\"edgt_icon_minus arrow_carrot-down\"><\/span>\n\t<\/span>\n\t<span class=\"edgt-tab-title\">Grupo HUM 209, Integraci\u00f3n hist\u00f3rica cultura, desarrollo y derechos humanos en Am\u00e9rica Latina<\/span>\n<\/h6>\n<div class=\"edgt-accordion-content\">\n\t<div class=\"edgt-accordion-content-inner\">\n\t\t<div class=\"edgt-tabs  edgt-tabs-standard\">\n\t<ul class=\"edgt-tabs-nav clearfix\">\n\t\t\t\t\t<li>\n\t\t\t\t\t\t\t\t\t<h5>\n\t\t\t\t\t\t<a href=\"#tab-definicion\">Definici\u00f3n<\/a>\n\t\t\t\t\t<\/h5>\n\t\t\t\t\t\t\t<\/li>\n\t\t\t\t\t<li>\n\t\t\t\t\t\t\t\t\t<h5>\n\t\t\t\t\t\t<a href=\"#tab-objetivos\">Objetivos<\/a>\n\t\t\t\t\t<\/h5>\n\t\t\t\t\t\t\t<\/li>\n\t\t\t\t\t<li>\n\t\t\t\t\t\t\t\t\t<h5>\n\t\t\t\t\t\t<a href=\"#tab-plazos-y-desarrollo\">Plazos y Desarrollo<\/a>\n\t\t\t\t\t<\/h5>\n\t\t\t\t\t\t\t<\/li>\n\t\t\t\t\t<li>\n\t\t\t\t\t\t\t\t\t<h5>\n\t\t\t\t\t\t<a href=\"#tab-miembros\">Miembros<\/a>\n\t\t\t\t\t<\/h5>\n\t\t\t\t\t\t\t<\/li>\n\t\t\t<\/ul>\n\t<div class=\"edgt-tab-container\" id=\"tab-definicion-587\">\n            <h3 class=\"edgt-tab-title\">\n            Definici\u00f3n        <\/h3>\n            <div class=\"edgt-tab-content-holder\">\n        <div class=\"edgt-tab-content\">\n                    <\/div>\n        <div class=\"edgt-tab-image\">\n                    <\/div>\n    <\/div>\n<\/div><div class=\"edgt-tab-container\" id=\"tab-objetivos-831\">\n            <h3 class=\"edgt-tab-title\">\n            Objetivos        <\/h3>\n            <div class=\"edgt-tab-content-holder\">\n        <div class=\"edgt-tab-content\">\n                    <\/div>\n        <div class=\"edgt-tab-image\">\n                    <\/div>\n    <\/div>\n<\/div><div class=\"edgt-tab-container\" id=\"tab-plazos-y-desarrollo-412\">\n            <h3 class=\"edgt-tab-title\">\n            Plazos y Desarrollo        <\/h3>\n            <div class=\"edgt-tab-content-holder\">\n        <div class=\"edgt-tab-content\">\n                    <\/div>\n        <div class=\"edgt-tab-image\">\n                    <\/div>\n    <\/div>\n<\/div><div class=\"edgt-tab-container\" id=\"tab-miembros-313\">\n            <h3 class=\"edgt-tab-title\">\n            Miembros        <\/h3>\n            <div class=\"edgt-tab-content-holder\">\n        <div class=\"edgt-tab-content\">\n                    <\/div>\n        <div class=\"edgt-tab-image\">\n                    <\/div>\n    <\/div>\n<\/div><\/div>\t<\/div>\n<\/div><h6 class=\"edgt-accordion-title\">\n    <span class=\"edgt-accordion-mark\">\n\t\t<span class=\"edgt_icon_plus arrow_carrot-right\"><\/span>\n\t\t<span class=\"edgt_icon_minus arrow_carrot-down\"><\/span>\n\t<\/span>\n\t<span class=\"edgt-tab-title\">CONCHA MSCA RISE Comisi\u00f3n Europea. Proyecto H2020. ID777998 <\/span>\n<\/h6>\n<div class=\"edgt-accordion-content\">\n\t<div class=\"edgt-accordion-content-inner\">\n\t\t<div class=\"edgt-tabs  edgt-tabs-standard\">\n\t<ul class=\"edgt-tabs-nav clearfix\">\n\t\t\t\t\t<li>\n\t\t\t\t\t\t\t\t\t<h5>\n\t\t\t\t\t\t<a href=\"#tab-definicion\">Definici\u00f3n<\/a>\n\t\t\t\t\t<\/h5>\n\t\t\t\t\t\t\t<\/li>\n\t\t\t\t\t<li>\n\t\t\t\t\t\t\t\t\t<h5>\n\t\t\t\t\t\t<a href=\"#tab-objetivos\">Objetivos<\/a>\n\t\t\t\t\t<\/h5>\n\t\t\t\t\t\t\t<\/li>\n\t\t\t\t\t<li>\n\t\t\t\t\t\t\t\t\t<h5>\n\t\t\t\t\t\t<a href=\"#tab-plazos-y-desarrollo\">Plazos y Desarrollo<\/a>\n\t\t\t\t\t<\/h5>\n\t\t\t\t\t\t\t<\/li>\n\t\t\t\t\t<li>\n\t\t\t\t\t\t\t\t\t<h5>\n\t\t\t\t\t\t<a href=\"#tab-miembros\">Miembros<\/a>\n\t\t\t\t\t<\/h5>\n\t\t\t\t\t\t\t<\/li>\n\t\t\t<\/ul>\n\t<div class=\"edgt-tab-container\" id=\"tab-definicion-228\">\n            <h3 class=\"edgt-tab-title\">\n            Definici\u00f3n        <\/h3>\n            <div class=\"edgt-tab-content-holder\">\n        <div class=\"edgt-tab-content\">\n                    <\/div>\n        <div class=\"edgt-tab-image\">\n                    <\/div>\n    <\/div>\n<\/div><div class=\"edgt-tab-container\" id=\"tab-objetivos-506\">\n            <h3 class=\"edgt-tab-title\">\n            Objetivos        <\/h3>\n            <div class=\"edgt-tab-content-holder\">\n        <div class=\"edgt-tab-content\">\n                    <\/div>\n        <div class=\"edgt-tab-image\">\n                    <\/div>\n    <\/div>\n<\/div><div class=\"edgt-tab-container\" id=\"tab-plazos-y-desarrollo-838\">\n            <h3 class=\"edgt-tab-title\">\n            Plazos y Desarrollo        <\/h3>\n            <div class=\"edgt-tab-content-holder\">\n        <div class=\"edgt-tab-content\">\n                    <\/div>\n        <div class=\"edgt-tab-image\">\n                    <\/div>\n    <\/div>\n<\/div><div class=\"edgt-tab-container\" id=\"tab-miembros-960\">\n            <h3 class=\"edgt-tab-title\">\n            Miembros        <\/h3>\n            <div class=\"edgt-tab-content-holder\">\n        <div class=\"edgt-tab-content\">\n                    <\/div>\n        <div class=\"edgt-tab-image\">\n                    <\/div>\n    <\/div>\n<\/div><\/div>\t<\/div>\n<\/div><h6 class=\"edgt-accordion-title\">\n    <span class=\"edgt-accordion-mark\">\n\t\t<span class=\"edgt_icon_plus arrow_carrot-right\"><\/span>\n\t\t<span class=\"edgt_icon_minus arrow_carrot-down\"><\/span>\n\t<\/span>\n\t<span class=\"edgt-tab-title\">H2020-MSCA-RISE-2018 Comisi\u00f3n Europea. Proyecto ID823846- CONNECCARIBBEAN<\/span>\n<\/h6>\n<div class=\"edgt-accordion-content\">\n\t<div class=\"edgt-accordion-content-inner\">\n\t\t<div class=\"edgt-tabs  edgt-tabs-standard\">\n\t<ul class=\"edgt-tabs-nav clearfix\">\n\t\t\t\t\t<li>\n\t\t\t\t\t\t\t\t\t<h5>\n\t\t\t\t\t\t<a href=\"#tab-definicion\">Definici\u00f3n<\/a>\n\t\t\t\t\t<\/h5>\n\t\t\t\t\t\t\t<\/li>\n\t\t\t\t\t<li>\n\t\t\t\t\t\t\t\t\t<h5>\n\t\t\t\t\t\t<a href=\"#tab-objetivos\">Objetivos<\/a>\n\t\t\t\t\t<\/h5>\n\t\t\t\t\t\t\t<\/li>\n\t\t\t\t\t<li>\n\t\t\t\t\t\t\t\t\t<h5>\n\t\t\t\t\t\t<a href=\"#tab-plazos-y-desarrollo\">Plazos y Desarrollo<\/a>\n\t\t\t\t\t<\/h5>\n\t\t\t\t\t\t\t<\/li>\n\t\t\t\t\t<li>\n\t\t\t\t\t\t\t\t\t<h5>\n\t\t\t\t\t\t<a href=\"#tab-miembros\">Miembros<\/a>\n\t\t\t\t\t<\/h5>\n\t\t\t\t\t\t\t<\/li>\n\t\t\t<\/ul>\n\t<div class=\"edgt-tab-container\" id=\"tab-definicion-129\">\n            <h3 class=\"edgt-tab-title\">\n            Definici\u00f3n        <\/h3>\n            <div class=\"edgt-tab-content-holder\">\n        <div class=\"edgt-tab-content\">\n                    <\/div>\n        <div class=\"edgt-tab-image\">\n                    <\/div>\n    <\/div>\n<\/div><div class=\"edgt-tab-container\" id=\"tab-objetivos-333\">\n            <h3 class=\"edgt-tab-title\">\n            Objetivos        <\/h3>\n            <div class=\"edgt-tab-content-holder\">\n        <div class=\"edgt-tab-content\">\n                    <\/div>\n        <div class=\"edgt-tab-image\">\n                    <\/div>\n    <\/div>\n<\/div><div class=\"edgt-tab-container\" id=\"tab-plazos-y-desarrollo-260\">\n            <h3 class=\"edgt-tab-title\">\n            Plazos y Desarrollo        <\/h3>\n            <div class=\"edgt-tab-content-holder\">\n        <div class=\"edgt-tab-content\">\n                    <\/div>\n        <div class=\"edgt-tab-image\">\n                    <\/div>\n    <\/div>\n<\/div><div class=\"edgt-tab-container\" id=\"tab-miembros-804\">\n            <h3 class=\"edgt-tab-title\">\n            Miembros        <\/h3>\n            <div class=\"edgt-tab-content-holder\">\n        <div class=\"edgt-tab-content\">\n                    <\/div>\n        <div class=\"edgt-tab-image\">\n                    <\/div>\n    <\/div>\n<\/div><\/div>\t<\/div>\n<\/div><h6 class=\"edgt-accordion-title\">\n    <span class=\"edgt-accordion-mark\">\n\t\t<span class=\"edgt_icon_plus arrow_carrot-right\"><\/span>\n\t\t<span class=\"edgt_icon_minus arrow_carrot-down\"><\/span>\n\t<\/span>\n\t<span class=\"edgt-tab-title\">Defensa y fortificaciones en las Islas del Atl\u00e1ntico Medio durante el largo siglo XVII<\/span>\n<\/h6>\n<div class=\"edgt-accordion-content\">\n\t<div class=\"edgt-accordion-content-inner\">\n\t\t<div class=\"edgt-tabs  edgt-tabs-standard\">\n\t<ul class=\"edgt-tabs-nav clearfix\">\n\t\t\t\t\t<li>\n\t\t\t\t\t\t\t\t\t<h5>\n\t\t\t\t\t\t<a href=\"#tab-definicion\">Definici\u00f3n<\/a>\n\t\t\t\t\t<\/h5>\n\t\t\t\t\t\t\t<\/li>\n\t\t\t\t\t<li>\n\t\t\t\t\t\t\t\t\t<h5>\n\t\t\t\t\t\t<a href=\"#tab-objetivos\">Objetivos<\/a>\n\t\t\t\t\t<\/h5>\n\t\t\t\t\t\t\t<\/li>\n\t\t\t\t\t<li>\n\t\t\t\t\t\t\t\t\t<h5>\n\t\t\t\t\t\t<a href=\"#tab-plazos-y-desarrollo\">Plazos y Desarrollo<\/a>\n\t\t\t\t\t<\/h5>\n\t\t\t\t\t\t\t<\/li>\n\t\t\t\t\t<li>\n\t\t\t\t\t\t\t\t\t<h5>\n\t\t\t\t\t\t<a href=\"#tab-miembros\">Miembros<\/a>\n\t\t\t\t\t<\/h5>\n\t\t\t\t\t\t\t<\/li>\n\t\t\t<\/ul>\n\t<div class=\"edgt-tab-container\" id=\"tab-definicion-440\">\n            <h3 class=\"edgt-tab-title\">\n            Definici\u00f3n        <\/h3>\n            <div class=\"edgt-tab-content-holder\">\n        <div class=\"edgt-tab-content\">\n                    <\/div>\n        <div class=\"edgt-tab-image\">\n                    <\/div>\n    <\/div>\n<\/div><div class=\"edgt-tab-container\" id=\"tab-objetivos-540\">\n            <h3 class=\"edgt-tab-title\">\n            Objetivos        <\/h3>\n            <div class=\"edgt-tab-content-holder\">\n        <div class=\"edgt-tab-content\">\n                    <\/div>\n        <div class=\"edgt-tab-image\">\n                    <\/div>\n    <\/div>\n<\/div><div class=\"edgt-tab-container\" id=\"tab-plazos-y-desarrollo-547\">\n            <h3 class=\"edgt-tab-title\">\n            Plazos y Desarrollo        <\/h3>\n            <div class=\"edgt-tab-content-holder\">\n        <div class=\"edgt-tab-content\">\n                    <\/div>\n        <div class=\"edgt-tab-image\">\n                    <\/div>\n    <\/div>\n<\/div><div class=\"edgt-tab-container\" id=\"tab-miembros-770\">\n            <h3 class=\"edgt-tab-title\">\n            Miembros        <\/h3>\n            <div class=\"edgt-tab-content-holder\">\n        <div class=\"edgt-tab-content\">\n                    <\/div>\n        <div class=\"edgt-tab-image\">\n                    <\/div>\n    <\/div>\n<\/div><\/div>\t<\/div>\n<\/div><\/div>[\/vc_column][\/vc_row]<\/p>\n<\/section>","protected":false},"excerpt":{"rendered":"<p>[vc_row][vc_column][\/vc_column][\/vc_row]<\/p>\n","protected":false},"author":1,"featured_media":0,"parent":0,"menu_order":0,"comment_status":"closed","ping_status":"closed","template":"","meta":{"footnotes":""},"class_list":["post-3570","page","type-page","status-publish","hentry"],"_links":{"self":[{"href":"https:\/\/www.upo.es\/area-historia-america\/wp-json\/wp\/v2\/pages\/3570","targetHints":{"allow":["GET"]}}],"collection":[{"href":"https:\/\/www.upo.es\/area-historia-america\/wp-json\/wp\/v2\/pages"}],"about":[{"href":"https:\/\/www.upo.es\/area-historia-america\/wp-json\/wp\/v2\/types\/page"}],"author":[{"embeddable":true,"href":"https:\/\/www.upo.es\/area-historia-america\/wp-json\/wp\/v2\/users\/1"}],"replies":[{"embeddable":true,"href":"https:\/\/www.upo.es\/area-historia-america\/wp-json\/wp\/v2\/comments?post=3570"}],"version-history":[{"count":1,"href":"https:\/\/www.upo.es\/area-historia-america\/wp-json\/wp\/v2\/pages\/3570\/revisions"}],"predecessor-version":[{"id":3571,"href":"https:\/\/www.upo.es\/area-historia-america\/wp-json\/wp\/v2\/pages\/3570\/revisions\/3571"}],"wp:attachment":[{"href":"https:\/\/www.upo.es\/area-historia-america\/wp-json\/wp\/v2\/media?parent=3570"}],"curies":[{"name":"wp","href":"https:\/\/api.w.org\/{rel}","templated":true}]}}