{"id":3581,"date":"2022-08-10T11:31:07","date_gmt":"2022-08-10T09:31:07","guid":{"rendered":"https:\/\/www.upo.es\/area-historia-america\/?page_id=3581"},"modified":"2023-01-09T09:58:22","modified_gmt":"2023-01-09T08:58:22","slug":"red-mundial-universidades-magallanicas","status":"publish","type":"page","link":"https:\/\/www.upo.es\/area-historia-america\/red-mundial-universidades-magallanicas\/","title":{"rendered":"Red Mundial de Universidades Magall\u00e1nicas"},"content":{"rendered":"<section class=\"wpb-content-wrapper\"><p>[vc_row][vc_column]<div class=\"edgt-tabs  edgt-tabs-standard\">\n\t<ul class=\"edgt-tabs-nav clearfix\">\n\t\t\t\t\t<li>\n\t\t\t\t\t\t\t\t\t<h5>\n\t\t\t\t\t\t<a href=\"#tab-definicion\">Definici\u00f3n<\/a>\n\t\t\t\t\t<\/h5>\n\t\t\t\t\t\t\t<\/li>\n\t\t\t\t\t<li>\n\t\t\t\t\t\t\t\t\t<h5>\n\t\t\t\t\t\t<a href=\"#tab-miembros\">Miembros<\/a>\n\t\t\t\t\t<\/h5>\n\t\t\t\t\t\t\t<\/li>\n\t\t\t<\/ul>\n\t<div class=\"edgt-tab-container\" id=\"tab-definicion-857\">\n            <h3 class=\"edgt-tab-title\">\n            Definici\u00f3n        <\/h3>\n            <div class=\"edgt-tab-content-holder\">\n        <div class=\"edgt-tab-content\">\n            [vc_column_text]<\/p>\n<p style=\"text-align: left;\">La <strong>RED MUNDIAL DE UNIVERSIDADES MAGALL\u00c1NICAS PARA LA INVESTIGACION, LA CIENCIA Y LA CULTURA (RUMA)<\/strong> constituye una plataforma cient\u00edfica y acad\u00e9mica creada en torno a la efem\u00e9rides del Quinto Centenario del primer viaje de circunnavegaci\u00f3n realizado por Fernando de Magallanes y culminado por Juan Sebasti\u00e1n Elcano entre 1519 y 1522, como inicio de un proceso de globalizaci\u00f3n que se ha desarrollado hasta nuestros d\u00edas.<\/p>\n<p style=\"text-align: left;\">La RUMA est\u00e1 constituida por acad\u00e9micos y cient\u00edficos, profesores y profesoras, de las universidades y centros de investigaci\u00f3n y formaci\u00f3n que jalonan la ruta hist\u00f3rica del viaje, y que a continuaci\u00f3n se relacionan. Profesorado e investigadores de estas universidades realizan un trabajo en RED cuyo objetivo principal es analizar y difundir el impacto de dicha navegaci\u00f3n en la construcci\u00f3n del mundo global de la Modernidad inicial, conformado por primera vez a escala planetaria, dando inicio a un proceso que se ha desarrollado hasta la actualidad.<br \/>\nEn esta RED acad\u00e9mica universitaria, que re\u00fane a m\u00e1s de sesenta cient\u00edficos y cient\u00edficas de veinte universidades y centros de investigaci\u00f3n y formaci\u00f3n, de nueve pa\u00edses y de los cinco continentes, se coordinan estudios, an\u00e1lisis y aportaci\u00f3n de saberes y conocimientos, que abarcan el m\u00e1s extenso cat\u00e1logo de las disciplinas cient\u00edficas, que incluyen desde la historia, el patrimonio art\u00edstico y cultural, la geograf\u00eda, la etnograf\u00eda, la arquitectura, la antropolog\u00eda, la literatura y la ling\u00fc\u00edstica, las ciencias de la naturaleza, la n\u00e1utica\u2026 hasta la oceanograf\u00eda, la climatolog\u00eda o la biolog\u00eda marina. Y que relacionan entre s\u00ed espacios europeos, africanos, americanos y asi\u00e1ticos conectados a partir de este viaje. Si sumamos los ORCID (Open Researcher and Contributor ID) del conjunto de investigadores de la RUMA, y el peso acad\u00e9mico de los centros a los que pertenecen, podr\u00e1 afirmarse que se trata de una de las Redes Acad\u00e9micas m\u00e1s potentes del momento, con una distribuci\u00f3n de investigadores e internacionalizaci\u00f3n de los estudios a escala mundial que la hace \u00fanica.<br \/>\nLa RUMA tiene como uno de sus principales objetivos desarrollar un programa de investigaci\u00f3n colaborativo para llevar a cabo la propuesta de candidatura de la Ruta de Magallanes\/Elcano a Patrimonio Mundial de la UNESCO. Para lo cual se han creado y se crear\u00e1n equipos espec\u00edficos de trabajo en cada una de las ciudades, territorios y regiones que jalonan la ruta del viaje de circunnavegaci\u00f3n, a los que la RUMA presta actualmente su cobertura cient\u00edfica.<br \/>\nEs tambi\u00e9n prop\u00f3sito de la RUMA planificar el programa de trabajos, a comenzar inmediatamente, o desarrollando los que ya est\u00e1n en marcha, en estrecha colaboraci\u00f3n con las instituciones locales, regionales, nacionales e internacionales adscritas a la candidatura, en todos los campos arriba mencionados y otros que puedan surgir, a partir de las iniciativas, ideas, proyectos o l\u00edneas de inter\u00e9s, que presenten cada uno de las y los acad\u00e9micos, cient\u00edficos y profesores de las universidades y centros de investigaci\u00f3n que componen la RUMA.<\/p>\n<p>[\/vc_column_text]        <\/div>\n        <div class=\"edgt-tab-image\">\n                    <\/div>\n    <\/div>\n<\/div><div class=\"edgt-tab-container\" id=\"tab-miembros-141\">\n            <h3 class=\"edgt-tab-title\">\n            Miembros        <\/h3>\n            <div class=\"edgt-tab-content-holder\">\n        <div class=\"edgt-tab-content\">\n            [vc_column_text]<\/p>\n<p style=\"text-align: left;\"><strong>Universidades y Centros de Investigaci\u00f3n con profesores e investigadores integrados actualmente en la RED:<\/strong><\/p>\n<ul>\n<li style=\"text-align: left;\"><strong>Portugal:<\/strong>\n<ul>\n<li style=\"text-align: left;\">Universidade Nova de Lisboa. FCSH.<\/li>\n<li style=\"text-align: left;\">Universidade de Lisboa. FLUL.<\/li>\n<li style=\"text-align: left;\">Universidade Tras os Montes e Alto Douro. Vila Real.<\/li>\n<li style=\"text-align: left;\">Polit\u00e9cnico do Porto.<\/li>\n<li style=\"text-align: left;\">Academia de Marinha de Portugal.<\/li>\n<li style=\"text-align: left;\">Catedra Unesco \u201cO Patrim\u00f3nio Cultural dos Oceanos\u201d. FCSH, Univ. Nova de Lisboa.<\/li>\n<li style=\"text-align: left;\">Escuela Naval de Portugal.<\/li>\n<\/ul>\n<\/li>\n<li style=\"text-align: left;\"><strong>Espa\u00f1a:<\/strong>\n<ul>\n<li style=\"text-align: left;\">Universidad de Sevilla.<\/li>\n<li style=\"text-align: left;\">Universidad Pablo de Olavide. Sevilla.<\/li>\n<li style=\"text-align: left;\">Universidad Loyola Andaluc\u00eda. Sevilla.<\/li>\n<li style=\"text-align: left;\">Universidad de C\u00e1diz<\/li>\n<li style=\"text-align: left;\">Universidad de La Laguna. Tenerife.<\/li>\n<li style=\"text-align: left;\">Universidad de Las Palmas de Gran Canaria.<\/li>\n<\/ul>\n<\/li>\n<li style=\"text-align: left;\"><strong>Cabo Verde:<\/strong>\n<ul>\n<li style=\"text-align: left;\">Universidad de Cabo Verde. Praia<\/li>\n<\/ul>\n<\/li>\n<li style=\"text-align: left;\"><strong>Brasil:<\/strong>\n<ul>\n<li style=\"text-align: left;\">Universidad Federal Fluminense (Niter\u00f3i. Rio de Janeiro)<\/li>\n<\/ul>\n<\/li>\n<li style=\"text-align: left;\"><strong>Uruguay:<\/strong>\n<ul>\n<li style=\"text-align: left;\">Universidad Cat\u00f3lica del Uruguay (Montevideo)<\/li>\n<li style=\"text-align: left;\">Universidad de la Rep\u00fablica (Montevideo)<\/li>\n<\/ul>\n<\/li>\n<li style=\"text-align: left;\"><strong>Argentina:<\/strong>\n<ul>\n<li style=\"text-align: left;\">Universidad de Buenos Aires.<\/li>\n<li style=\"text-align: left;\">Universidad Nacional de la Patagonia Austral (Rio Gallegos, San Juli\u00e1n, Calafate)<\/li>\n<\/ul>\n<\/li>\n<li style=\"text-align: left;\"><strong>Chile:<\/strong>\n<ul>\n<li style=\"text-align: left;\">Universidad de Magallanes (Punta Arenas)<\/li>\n<li style=\"text-align: left;\">Universidad Austral (Valdivia)<\/li>\n<\/ul>\n<\/li>\n<li style=\"text-align: left;\"><strong>Guam:<\/strong>\n<ul>\n<li style=\"text-align: left;\">University of Guam<\/li>\n<\/ul>\n<\/li>\n<li style=\"text-align: left;\"><strong>Filipinas:<\/strong>\n<ul>\n<li style=\"text-align: left;\">University of Cebu.<\/li>\n<\/ul>\n<\/li>\n<li style=\"text-align: left;\"><strong>Timor Leste:<\/strong>\n<ul>\n<li style=\"text-align: left;\">Universidade Nacional Timor Lorosa\u2019e<\/li>\n<\/ul>\n<\/li>\n<\/ul>\n<p>[\/vc_column_text]        <\/div>\n        <div class=\"edgt-tab-image\">\n                    <\/div>\n    <\/div>\n<\/div><\/div>[\/vc_column][\/vc_row]<\/p>\n<\/section>","protected":false},"excerpt":{"rendered":"<p>[vc_row][vc_column][\/vc_column][\/vc_row]<\/p>\n","protected":false},"author":1,"featured_media":0,"parent":0,"menu_order":0,"comment_status":"closed","ping_status":"closed","template":"","meta":{"footnotes":""},"class_list":["post-3581","page","type-page","status-publish","hentry"],"_links":{"self":[{"href":"https:\/\/www.upo.es\/area-historia-america\/wp-json\/wp\/v2\/pages\/3581","targetHints":{"allow":["GET"]}}],"collection":[{"href":"https:\/\/www.upo.es\/area-historia-america\/wp-json\/wp\/v2\/pages"}],"about":[{"href":"https:\/\/www.upo.es\/area-historia-america\/wp-json\/wp\/v2\/types\/page"}],"author":[{"embeddable":true,"href":"https:\/\/www.upo.es\/area-historia-america\/wp-json\/wp\/v2\/users\/1"}],"replies":[{"embeddable":true,"href":"https:\/\/www.upo.es\/area-historia-america\/wp-json\/wp\/v2\/comments?post=3581"}],"version-history":[{"count":4,"href":"https:\/\/www.upo.es\/area-historia-america\/wp-json\/wp\/v2\/pages\/3581\/revisions"}],"predecessor-version":[{"id":3957,"href":"https:\/\/www.upo.es\/area-historia-america\/wp-json\/wp\/v2\/pages\/3581\/revisions\/3957"}],"wp:attachment":[{"href":"https:\/\/www.upo.es\/area-historia-america\/wp-json\/wp\/v2\/media?parent=3581"}],"curies":[{"name":"wp","href":"https:\/\/api.w.org\/{rel}","templated":true}]}}