{"id":3629,"date":"2022-08-11T11:56:14","date_gmt":"2022-08-11T09:56:14","guid":{"rendered":"https:\/\/www.upo.es\/area-historia-america\/?page_id=3629"},"modified":"2024-04-03T09:17:10","modified_gmt":"2024-04-03T07:17:10","slug":"publicaciones","status":"publish","type":"page","link":"https:\/\/www.upo.es\/area-historia-america\/publicaciones\/","title":{"rendered":"Publicaciones"},"content":{"rendered":"<section class=\"wpb-content-wrapper\"><p>[vc_row][vc_column]<div id=\"ult-carousel-329041902869e8884acf997\" class=\"ult-carousel-wrapper   ult_horizontal\" data-gutter=\"15\" data-rtl=\"false\" ><div class=\"ult-carousel-103966799669e8884acf8b0 \" >[vc_single_image image=\u00bb3679&#8243; img_size=\u00bbfull\u00bb alignment=\u00bbcenter\u00bb][vc_single_image image=\u00bb3678&#8243; img_size=\u00bbfull\u00bb alignment=\u00bbcenter\u00bb][vc_single_image image=\u00bb3676&#8243; img_size=\u00bbfull\u00bb alignment=\u00bbcenter\u00bb][vc_single_image image=\u00bb3677&#8243; img_size=\u00bbfull\u00bb alignment=\u00bbcenter\u00bb][vc_single_image image=\u00bb3675&#8243; img_size=\u00bbfull\u00bb alignment=\u00bbcenter\u00bb][vc_single_image image=\u00bb3674&#8243; img_size=\u00bbfull\u00bb alignment=\u00bbcenter\u00bb][vc_single_image image=\u00bb3673&#8243; img_size=\u00bbfull\u00bb alignment=\u00bbcenter\u00bb][vc_single_image image=\u00bb3672&#8243; img_size=\u00bbfull\u00bb alignment=\u00bbcenter\u00bb][vc_single_image image=\u00bb4145&#8243; img_size=\u00bbfull\u00bb alignment=\u00bbcenter\u00bb][vc_single_image image=\u00bb4144&#8243; img_size=\u00bbfull\u00bb alignment=\u00bbcenter\u00bb]<\/div><\/div>\t\t\t<script type=\"text\/javascript\">\n\t\t\t\tjQuery(document).ready(function ($) {\n\t\t\t\t\tif( typeof jQuery('.ult-carousel-103966799669e8884acf8b0').slick == \"function\"){\n\t\t\t\t\t\t$('.ult-carousel-103966799669e8884acf8b0').slick({dots: false,autoplay: true,autoplaySpeed: 1500,speed: 300,infinite: true,arrows: false,slidesToScroll:1,slidesToShow:6,swipe: false,draggable: false,touchMove: true,pauseOnHover: false,pauseOnFocus: false,responsive: [\n\t\t\t\t\t\t\t{\n\t\t\t\t\t\t\t  breakpoint: 1026,\n\t\t\t\t\t\t\t  settings: {\n\t\t\t\t\t\t\t\tslidesToShow: 6,\n\t\t\t\t\t\t\t\tslidesToScroll: 1,  \n\t\t\t\t\t\t\t  }\n\t\t\t\t\t\t\t},\n\t\t\t\t\t\t\t{\n\t\t\t\t\t\t\t  breakpoint: 1025,\n\t\t\t\t\t\t\t  settings: {\n\t\t\t\t\t\t\t\tslidesToShow: 3,\n\t\t\t\t\t\t\t\tslidesToScroll: 1\n\t\t\t\t\t\t\t  }\n\t\t\t\t\t\t\t},\n\t\t\t\t\t\t\t{\n\t\t\t\t\t\t\t  breakpoint: 760,\n\t\t\t\t\t\t\t  settings: {\n\t\t\t\t\t\t\t\tslidesToShow: 2,\n\t\t\t\t\t\t\t\tslidesToScroll: 1\n\t\t\t\t\t\t\t  }\n\t\t\t\t\t\t\t}\n\t\t\t\t\t\t],pauseOnDotsHover: true,customPaging: function(slider, i) {\n                   return '<i type=\"button\" style= \"color:#333333;\" class=\"ultsl-record\" data-role=\"none\"><\/i>';\n                },});\n\t\t\t\t\t}\n\t\t\t\t});\n\t\t\t<\/script>\n\t\t\t<div class=\"edgt-tabs  edgt-tabs-standard\">\n\t<ul class=\"edgt-tabs-nav clearfix\">\n\t\t\t\t\t<li>\n\t\t\t\t\t\t\t\t\t<h5>\n\t\t\t\t\t\t<a href=\"#tab-libros\">Libros<\/a>\n\t\t\t\t\t<\/h5>\n\t\t\t\t\t\t\t<\/li>\n\t\t\t\t\t<li>\n\t\t\t\t\t\t\t\t\t<h5>\n\t\t\t\t\t\t<a href=\"#tab-capitulos-de-libros\">Cap\u00edtulos de Libros<\/a>\n\t\t\t\t\t<\/h5>\n\t\t\t\t\t\t\t<\/li>\n\t\t\t\t\t<li>\n\t\t\t\t\t\t\t\t\t<h5>\n\t\t\t\t\t\t<a href=\"#tab-articulos-en-revistas\">Art\u00edculos en Revistas<\/a>\n\t\t\t\t\t<\/h5>\n\t\t\t\t\t\t\t<\/li>\n\t\t\t<\/ul>\n\t<div class=\"edgt-tab-container\" id=\"tab-libros-983\">\n            <h3 class=\"edgt-tab-title\">\n            Libros        <\/h3>\n            <div class=\"edgt-tab-content-holder\">\n        <div class=\"edgt-tab-content\">\n            [vc_row_inner][vc_column_inner width=\u00bb1\/3&#8243;][vc_single_image image=\u00bb3643&#8243; img_size=\u00bb393&#215;526&#8243; alignment=\u00bbcenter\u00bb onclick=\u00bbcustom_link\u00bb link=\u00bbhttps:\/\/www.aahpanama.org\/2021\/04\/viaje-al-corazon-del-mundo-las-ciudades-coloniales-del-istmo-de-panama-2\/\u00bb][vc_column_text]<\/p>\n<h4>QUILES, FERNANDO Y MARCHENA, JUAN (Eds.)<\/h4>\n<p><a href=\"https:\/\/www.aahpanama.org\/2021\/04\/viaje-al-corazon-del-mundo-las-ciudades-coloniales-del-istmo-de-panama-2\/\"><em>Viaje al Coraz\u00f3n del mundo. Las ciudades coloniales del istmo de Panam\u00e1, AcerVos, Sevilla, 2021.<\/em><\/a><\/p>\n<p><strong>ISBN:<\/strong> 978-84-09-29730-6[\/vc_column_text][\/vc_column_inner][vc_column_inner width=\u00bb1\/3&#8243;][vc_single_image image=\u00bb3636&#8243; img_size=\u00bb333&#215;526&#8243; alignment=\u00bbcenter\u00bb][vc_column_text]<\/p>\n<h4>MARCHENA FERN\u00c1NDEZ, JUAN; CHUST CALERO, MANUEL; SCHELZ, MARIANO (Eds. y coord.)<\/h4>\n<p><em>El debate permanente. Modos de producci\u00f3n y revoluci\u00f3n en Am\u00e9rica Latina, Ariadna editores, Santiago de Chile, 2020.<\/em><\/p>\n<p><strong>ISBN:<\/strong> 978-956-8416-91-1[\/vc_column_text][\/vc_column_inner][vc_column_inner width=\u00bb1\/3&#8243;][vc_single_image image=\u00bb3637&#8243; img_size=\u00bb342&#215;526&#8243; alignment=\u00bbcenter\u00bb onclick=\u00bbcustom_link\u00bb link=\u00bbhttps:\/\/library.oapen.org\/handle\/20.500.12657\/50249&#8243;][vc_column_text]<\/p>\n<h4>CHUST, MANUEL; MARCHENA FERN\u00c1NDEZ, JUAN; SCHLEZ, MARIANO (Eds.)<\/h4>\n<p><a href=\"https:\/\/library.oapen.org\/handle\/20.500.12657\/50249\"><em>La ilusi\u00f3n de la Libertad. El liberalismo revolucionario en la d\u00e9cada de 1820 en Espa\u00f1a y Am\u00e9rica.<\/em><\/a><\/p>\n<p><strong>DOI:<\/strong> 10.26448\/ae9789566095231.9[\/vc_column_text][\/vc_column_inner][\/vc_row_inner]        <\/div>\n        <div class=\"edgt-tab-image\">\n                    <\/div>\n    <\/div>\n<\/div><div class=\"edgt-tab-container\" id=\"tab-capitulos-de-libros-520\">\n            <h3 class=\"edgt-tab-title\">\n            Cap\u00edtulos de Libros        <\/h3>\n            <div class=\"edgt-tab-content-holder\">\n        <div class=\"edgt-tab-content\">\n            [vc_column_text]<\/p>\n<ul>\n<li><strong>MARCHENA FERN\u00c1NDEZ, JUAN<\/strong><br \/>\n<em>\u201cA modo de presentaci\u00f3n\u201d<\/em>, en Qui\u00f1ones Aguilar, Ana Cielo, <em>Mundos de creaci\u00f3n de los pueblos ind\u00edgenas de Am\u00e9rica Latina<\/em>, Pontificia Universidad Javeriana \/ Universidad Pablo de Olavide, Bogot\u00e1, 2020, p\u00e1g. 5-15<br \/>\n<strong>ISBN:<\/strong> 978-958-781-551-1<\/li>\n<li><strong>MARCHENA FERN\u00c1NDEZ, JUAN; CHUST CALERO, MANUEL; SCHELZ, MARIANO (Eds. y coord.)<\/strong><br \/>\n<em>\u201cCrear dos, tres\u2026 muchos congresos\u201d<\/em>, en Marchena Fernandez, Juan; Chust Calero, Manuel; Schelz, Mariano (Eds. y coord.) <em>El debate permanente. Modos de producci\u00f3n y revoluci\u00f3n en Am\u00e9rica Latina<\/em>, Ariadna editores, Santiago de Chile, 2020. P\u00e1gs. 9 a 27.<br \/>\n<strong>ISBN:<\/strong> 978-956-8416-91-1<\/li>\n<li><strong>MARCHENA FERN\u00c1NDEZ, JUAN<\/strong><br \/>\n<em>\u201cObreros de maestranza y grada. Violencia, conflictividad laboral y social en los arsenales y puertos de la real armada borb\u00f3nica en la crisis del Antiguo R\u00e9gimen (1770-1812)\u201d<\/em>, en Marchena Fern\u00e1ndez, Juan; Chust Calero, Manuel; Schelz, Mariano (Eds. y coord.), <em>El debate permanente. Modos de producci\u00f3n y revoluci\u00f3n en Am\u00e9rica Latina<\/em>, Ariadna editores, Santiago de Chile, 2020, p\u00e1gs. 405-429.<br \/>\n<strong>ISBN:<\/strong> 978-956-8416-91-1<\/li>\n<\/ul>\n<p>[\/vc_column_text]        <\/div>\n        <div class=\"edgt-tab-image\">\n                    <\/div>\n    <\/div>\n<\/div><div class=\"edgt-tab-container\" id=\"tab-articulos-en-revistas-609\">\n            <h3 class=\"edgt-tab-title\">\n            Art\u00edculos en Revistas        <\/h3>\n            <div class=\"edgt-tab-content-holder\">\n        <div class=\"edgt-tab-content\">\n            [vc_column_text]<\/p>\n<ul>\n<li><strong>MARCHENA FERN\u00c1NDEZ, JUAN<\/strong><br \/>\n<em>\u201cUna ciudad iluminada no es lo mismo que una ciudad ilustrada. Las paradojas de un ministro de Carlos III. Pablo de Olavide\u201d<\/em>, en J.A. Filter y F. Quiles (eds.) <em>El paisaje cultural de la Ilustraci\u00f3n en Andaluc\u00eda. Ciudad, territorio y patrimonio cultural en las Nuevas Poblaciones<\/em>, Fundaci\u00f3n Pablo de Olavide, Sevilla, 2020.<br \/>\n<strong>ISBN:<\/strong> 978-84-120123-1-6<\/li>\n<li><strong>MARCHENA FERNANDEZ, JUAN<\/strong><br \/>\n<em>\u201cLos buques de la Real Armada espa\u00f1ola en las guerras de independencia americanas. El teatro de operaciones del Caribe. 1810-1825\u201d<\/em>, en Javier Guerrero Bar\u00f3n y \u00c1ngela Parra Amaya, <em>Gentes, pueblos y batallas. Microhistorias de la Ruta de la Libertad. <\/em><br \/>\n<em>Colecci\u00f3n Ruta del Bicentenario, Volumen III.<\/em><br \/>\nUniversidad pedag\u00f3gica y Tecnol\u00f3gica de Colombia.<br \/>\nTunja, 2020. P\u00e1gs.21-79.<br \/>\n<strong>ISBN:<\/strong> 978-958-660-371-3<\/li>\n<li><strong>MARCHENA FERNANDZ, JUAN<\/strong><br \/>\n<em>\u201cEl Trienio Liberal en los Andes. 1820-1824. Mucha guerra, poca revoluci\u00f3n\u201d<\/em>, en Chust, Manuel (Ed.) <em>\u00a1Mueran las cadenas! El Trienio Liberal en Am\u00e9rica<\/em>. 1820-1824, Comares, Granada, 2020. P\u00e1ginas 147-213<br \/>\n<strong>ISBN:<\/strong> 978-84-1369-080-3<\/li>\n<li><strong>MARCHENA FERNANDEZ, JUAN<\/strong><br \/>\n<em>\u201cLos colores del Rey. Uniformes coloniales de la Nueva Granada en v\u00edsperas de la Independencia\u201d<\/em>, en <em>Nuevas miradas a la Campa\u00f1a Libertadora, Academia Colombiana de la Historia<\/em>, Bogot\u00e1, 2020, p\u00e1gs. 369-410.<br \/>\n<strong>ISBN:<\/strong> 978-958-5154-03-2<\/li>\n<li><strong>MARCHENA FERNANDEZ, JUAN<\/strong><br \/>\n<em>\u201cElogio de la gloria ef\u00edmera. Las ciudades del Istmo en el Caribe\u201d<\/em>, en Quiles, Fernando y Marchena, Juan (eds.) <em>Viaje al Coraz\u00f3n del mundo. Las ciudades coloniales del istmo de Panam\u00e1<\/em>, AcerVos, Sevilla, 2021, p\u00e1gs. 125-271.<br \/>\n<strong>ISBN:<\/strong> 978-84-09-29730-6<\/li>\n<li><strong>MARCHENA FERNANDEZ, JUAN<\/strong><br \/>\n<em>\u201cNuevas miradas sobre la informaci\u00f3n oficial. Ilustraci\u00f3n y reformismo borb\u00f3nico en el mundo andino. Los intendentes del rey\u201d<\/em>, en Hunefeldt, Christine y Belmonte, Alexandre, <em>Mesianismo, reformismo, rebeli\u00f3n. Los Andes en el Siglo de la Ilustraci\u00f3n<\/em>, P\/I, Lima, 2021, p\u00e1g. 299-350.<br \/>\n<strong>ISBN:<\/strong> 979-87-12-65281-5<\/li>\n<li><strong>MARCHENA FERNANDEZ, JUAN<\/strong><br \/>\n<em>\u201cEl papel y los desaf\u00edos de las humanidades en el siglo XXI\u201d<\/em>.<br \/>\nJorge Hidalgo, Andrea Hidalgo, Xochitl Inostroza (edit.), <em>Artes y Ciencias Humanas para el siglo XXI. Pol\u00edticas p\u00fablicas y reflexiones.<\/em> Facultad de Filosof\u00eda y Humanidades de la Universidad de Chile, Santiago, 2021. P\u00e1gs. 119-140<br \/>\n<strong>ISBN:<\/strong> 978-956-19-1169-7<\/li>\n<li><strong>MARCHENA FERN\u00c1NDEZ, JUAN<\/strong><br \/>\n<em>\u201c200 a\u00f1os de Independencia en el Per\u00fa, 200 a\u00f1os del Trienio Liberal en Espa\u00f1a: \u201c\u00bfqu\u00e9 conmemorar?\u201d<\/em><br \/>\n<em>Amer\u00edcan\u00eda, Revista de Estudios Latinoamericanos<\/em>. UPO.<br \/>\nhttps:\/\/www.upo.es\/revistas\/index.php\/americania\/article\/view\/6084<br \/>\nN.13, Enero junio, 2021<br \/>\n<strong>ISSN-e:<\/strong> 2174-0178<br \/>\n<a href=\"https:\/\/doi.org\/10.46661\/americania.6084\">https:\/\/doi.org\/10.46661\/americania.6084<\/a><\/li>\n<li><strong>CU\u00d1O BONITO, JUSTO; QUINTERO, \u00c1NGEL; PRIETO, ESTEBAN; GUTI\u00c9RREZ, NAYIBE; MARCHENA, JUAN; CARO, JORGE EL\u00cdAS; DE LA CRUZ, MARIBEL y SOLANO, SERGIO; ACOSTA ORT\u00cdZ, KEVIN DAVID<\/strong><br \/>\n<em>\u201cSan Cristobal de la Habana: desde su fundaci\u00f3n hasta su papel pol\u00edtico en la independencia americana\u201d<\/em>, en <em>Revista memorias. Revista digital de historia y arqueolog\u00eda desde El Caribe<\/em>. Universidad del Norte, Barranquilla, Colombia, 2021.<br \/>\n<strong>ISBN:<\/strong> Pendiente<\/li>\n<li><strong>CU\u00d1O BONITO, JUSTO<\/strong><br \/>\n<em>\u201cActos, actas y proyectos constitucionales para la forja de la Rep\u00fablica de Colombia: de El Socorro a C\u00facuta (1810-1821)\u201d<\/em>, en <em>Revista Historia Constitucional<\/em>, Universidad de Oviedo, Espa\u00f1a, 2021.<br \/>\n<strong>ISSN:<\/strong> Pendiente<\/li>\n<li><strong>SANTIAGO FERN\u00c1NDEZ, JAVIER; MARCHENA FERN\u00c1NDEZ, JUAN; BONNET V\u00c9LEZ, DIANA; PLATT, TRISTAN; CHAC\u00d3N, MANUEL BENITO; MART\u00cdNEZ L\u00d3PEZ-CANO, MAR\u00cdA DEL PILAR; JUC\u00c1 DE SAMPAIO, ANTONIO CARLOS; GREENHALGH DE CERQUEIRA, FERNANDO CARLOS; DE FRANCISCO OLMOS; JOS\u00c9 MAR\u00cdA; CU\u00d1O BONITO, JUSTO; MU\u00d1OZ SERRULLA, MAR\u00cdA TERESA <\/strong><br \/>\n<em>\u201cMoneda oficial y macuquina en el conflicto de independencia americano\u201d<\/em> en <em>Monedas, medios de cambio y espacios de circulaci\u00f3n en Am\u00e9rica Latina y Espa\u00f1a: 1500-1900<\/em>, Banco Central de Costa Rica, San Jos\u00e9 de Costa Rica, 2021.<br \/>\n<strong>ISBN:<\/strong> Pendiente<\/li>\n<li><strong>SANTANA HERN\u00c1NDEZ, ADALBERTO; BOJ\u00d3RQUEZ HERN\u00c1NDEZ, ADALBERTO; VILLACORTA ZULUAGA, CARMEN ELENA; CASTRO HERRERA, GUILLERMO, SOTO MAYEDO, ISABEL; CU\u00d1O BONITO, JUSTO; MOLINARI, LUCRECIA; AYERBE, LUIS FERNANDO; GUERRA VILABOY, SERGIO<\/strong><br \/>\n<em>\u201cLa ruptura del pacto colonial y el principo del fin de la dominaci\u00f3n espa\u00f1ola en am\u00e9rica. Nuevas perspectivas de estudio\u201d<\/em>, en <em>Visiones sobre Centroam\u00e9rica en el 200 aniversario de su independencia<\/em>, Editorial de la Universidad Nacional (EUNA), San Jos\u00e9 de Costa Rica, 2021.<br \/>\n<strong>ISBN:<\/strong> PENDIENTE<\/li>\n<li><strong>CU\u00d1O BONITO, JUSTO; CHUST, MANUEL; MARCHENA, JUAN; TER\u00c1N, MARIANA; V\u00c1ZQUEZ, MARIO; PAZ, GUSTAVO<\/strong><br \/>\n<em>\u201cSobre quisicosas, robespierres, nerones y armisticios constitucionales en los \u00faltimos d\u00edas de la dominaci\u00f3n realista de la Nueva Granada: 1820-1821\u201d<\/em>, en <em>Am\u00e9rica y el Trienio Liberal, 1820-1825<\/em>, Comares, Granada, 2020.<br \/>\n<strong>ISBN:<\/strong> Pendiente<\/li>\n<li><strong>CU\u00d1O BONITO, JUSTO; QUINTERO, \u00c1NGEL; PRIETO, ESTEBAN; GUTI\u00c9RREZ, NAYIBE; MARCHENA, JUAN; CARO, JORGE EL\u00cdAS; DE LA CRUZ, MARIBEL y SOLANO, SERGIO; ACOSTA ORT\u00cdZ, KEVIN DAVID<\/strong><br \/>\n<em>\u201cSan Crist\u00f3bal de la Habana: desde su fundaci\u00f3n hasta su papel pol\u00edtico en la independencia americana (1592-1825)\u201d<\/em>, en <em>Las ciudades coloniales del Gran Caribe y la construcci\u00f3n de la primera modernidad. 1500-1850<\/em>, PDTE, 2020.<br \/>\n<strong>ISBN:<\/strong> Pendiente<\/li>\n<li><strong>CU\u00d1O BONITO, JUSTO<\/strong><br \/>\n<em>\u201cLa Batalla de Boyac\u00e1 desde la mirada realista: antecedentes, g\u00e9nesis y consecuencias (1818-1820)\u201d<\/em>, en <em>Nuevas miradas de la campa\u00f1a libertadora de 1819<\/em>, Academia de la Historia de Colombia, Bogot\u00e1, 2020.<br \/>\n<strong>ISBN:<\/strong> Pendiente<\/li>\n<li><strong>CU\u00d1O BONITO, JUSTO; CHUST, MANUEL; MARCHENA, JUAN; AMORES CARREDANO, JUAN; V\u00c1ZQUEZ CIENFUEGOS, SIGFRIDO, RAMOS SANTANA, ALBERTO; PORTILLO, JOS\u00c9 MAR\u00cdA; P\u00c9REZ GARZ\u00d3N, JUAN SISINIO, LORENTE SARI\u00d1ENA, MAR\u00cdA MARTA; GARRIGA ACOSTA, CARLOS<\/strong><br \/>\n<em>\u201cEl constitucionalismo neogranadino tras la ruptura del pacto colonial. Nuevas perspectivas de estudio\u201d<\/em>, en <em>Iberoam\u00e9rica y la Constituci\u00f3n de 1812<\/em>, 2020.<br \/>\n<strong>ISBN:<\/strong> Pendiente<\/li>\n<li><strong>MARCHENA, JUAN; CHUST, MANUEL; SCHELZ, MARINO (Editores)<\/strong><br \/>\n<em>\u201cLa ilusi\u00f3n de la Libertad. El liberalismo revolucionario en la d\u00e9cada de 1820 en Espa\u00f1a y Am\u00e9rica\u201d<\/em>, 2021.<br \/>\n<strong>ISBN:<\/strong> 978-956-6095-23-1<br \/>\n<a href=\"https:\/\/doi.org\/10.26448\/ae9789566095231.9\">https:\/\/doi.org\/10.26448\/ae9789566095231.9<\/a><\/li>\n<li><strong>GUTI\u00c9RREZ MONTOYA, NAYIBE<\/strong><br \/>\n<em>\u201cCaribbean fortifications, cities and ports 16th-18th centuries\u201d<\/em>, en Naranjo Orovio, Consuelo, Gonz\u00e1lez-Ripoll, Mar\u00eda Dolores y Ruiz del \u00c1rbol, Mar\u00eda (ed.), <em>The Caribbean: Origin of the Modern world<\/em>, Editorial Doce Calles y Consejo Superior de Investigaciones Cient\u00edficas (CSIC), Madrid, 2020, p\u00e1g.33-52.<br \/>\n<strong>ISBN:<\/strong> 978-84-9744-268-8<\/li>\n<li><strong>IB\u00c1\u00d1EZ-BONILLO, PABLO<\/strong><br \/>\n<em>\u201c\u00bfQui\u00e9n escribi\u00f3 el memorial de Bernard O\u2019Brien (1636)? Dudas y certezas de una fuente clave sobre los irlandeses en el Amazonas\u201d<\/em>, en <em>P\u00e9rez Tostado, Igor y Downey, Declan M., Ireland and the Iberian Atlantic<\/em>. <em>Migration, military and material culture<\/em>, Valencia: Albatros Ediciones, 2020, pp. 55-74.<br \/>\n<strong>ISBN:<\/strong> 978-84-7274-366-3<\/li>\n<li><strong>CHAMBOULEYRON, RAFAEL; IB\u00c1\u00d1EZ-BONILLO, PABLO; MELO, VANICE SIQUEIRA<\/strong><br \/>\n<em>\u201cVastid\u00e3o dos gentios b\u00e1rbaros\u201d: Caminhos e fronteiras entre o Maranh\u00e3o e o Brasil (1680-1700)\u201d<\/em>, Almanack, 27, 2021.<br \/>\n<a href=\"http:\/\/doi.org\/10.1590\/2236-463327ed00221\">http:\/\/doi.org\/10.1590\/2236-463327ed00221<\/a><br \/>\n<strong>ISSN:<\/strong> 2236-4633<\/li>\n<li><strong>BORDONS MART\u00cdNEZ, MARTA<\/strong><br \/>\n<em>\u201cLa larga lucha de los pueblos mapuches por la tierra y la identidad. Megaproyectos extractivistas y \u00c1reas Naturales Protegidas en territorio ind\u00edgena\u00bb<\/em> en <em>American\u00eda: Revista de Estudios Latinoamericanos<\/em>, vol. 12, 2020. pp. 213-247.<br \/>\nhttps:\/\/doi.org\/10.46661\/americania.5342<br \/>\n<strong>ISSN:<\/strong> 2174-0178<\/li>\n<li><strong>TABORDA PARRA, SANDRA MILENA<\/strong><br \/>\n<em>\u201cSobreviviendo a pesar del fin de la esclavitud: mujeres propietarias de esclavos en Cartagena de Indias. 1821.1852\u201d<\/em>, en <em>Historia de las mujeres en el Caribe colombiano<\/em>, Editorial La Iguana Ciega, Barranquilla.<br \/>\n<strong>ISBN:<\/strong> Pendiente<\/li>\n<\/ul>\n<p>[\/vc_column_text]        <\/div>\n        <div class=\"edgt-tab-image\">\n                    <\/div>\n    <\/div>\n<\/div><\/div>[\/vc_column][\/vc_row][vc_row][vc_column][\/vc_column][\/vc_row]<\/p>\n<\/section>","protected":false},"excerpt":{"rendered":"<p>[vc_row][vc_column][\/vc_column][\/vc_row][vc_row][vc_column][\/vc_column][\/vc_row]<\/p>\n","protected":false},"author":1,"featured_media":0,"parent":0,"menu_order":0,"comment_status":"closed","ping_status":"closed","template":"","meta":{"footnotes":""},"class_list":["post-3629","page","type-page","status-publish","hentry"],"_links":{"self":[{"href":"https:\/\/www.upo.es\/area-historia-america\/wp-json\/wp\/v2\/pages\/3629","targetHints":{"allow":["GET"]}}],"collection":[{"href":"https:\/\/www.upo.es\/area-historia-america\/wp-json\/wp\/v2\/pages"}],"about":[{"href":"https:\/\/www.upo.es\/area-historia-america\/wp-json\/wp\/v2\/types\/page"}],"author":[{"embeddable":true,"href":"https:\/\/www.upo.es\/area-historia-america\/wp-json\/wp\/v2\/users\/1"}],"replies":[{"embeddable":true,"href":"https:\/\/www.upo.es\/area-historia-america\/wp-json\/wp\/v2\/comments?post=3629"}],"version-history":[{"count":27,"href":"https:\/\/www.upo.es\/area-historia-america\/wp-json\/wp\/v2\/pages\/3629\/revisions"}],"predecessor-version":[{"id":4146,"href":"https:\/\/www.upo.es\/area-historia-america\/wp-json\/wp\/v2\/pages\/3629\/revisions\/4146"}],"wp:attachment":[{"href":"https:\/\/www.upo.es\/area-historia-america\/wp-json\/wp\/v2\/media?parent=3629"}],"curies":[{"name":"wp","href":"https:\/\/api.w.org\/{rel}","templated":true}]}}