{"id":3667,"date":"2022-08-11T12:16:36","date_gmt":"2022-08-11T10:16:36","guid":{"rendered":"https:\/\/www.upo.es\/area-historia-america\/?page_id=3667"},"modified":"2023-06-19T15:50:55","modified_gmt":"2023-06-19T13:50:55","slug":"el-area","status":"publish","type":"page","link":"https:\/\/www.upo.es\/area-historia-america\/el-area\/","title":{"rendered":"El \u00c1rea"},"content":{"rendered":"<section class=\"wpb-content-wrapper\"><p>[vc_row][vc_column]<div class=\"edgt-iwt clearfix  edgt-iwt-icon-left edgt-iwt-icon-medium\">\n\t<div class=\"edgt-iwt-icon\">\n\t\t\t\t\t<a itemprop=\"url\" href=\"https:\/\/www.upo.es\/area-historia-america\/wp-content\/uploads\/2022\/09\/Informe_Grupo_HUM209.pdf\" target=\"_blank\">\n\t\t\t\t\t\t\t\t\t    <span class=\"edgt-icon-shortcode edgt-normal   edgt-icon-medium\"  >\n                    <i class=\"edgt-icon-font-awesome fa fa-link edgt-icon-element\" style=\"\" ><\/i>            <\/span>\n\t\t\t\t\t\t\t\t<\/a>\n\t\t\t<\/div>\n\t<div class=\"edgt-iwt-content\" >\n\t\t\t\t\t<h4 class=\"edgt-iwt-title\" >\n\t\t\t\t\t\t\t\t\t<a itemprop=\"url\" href=\"https:\/\/www.upo.es\/area-historia-america\/wp-content\/uploads\/2022\/09\/Informe_Grupo_HUM209.pdf\" target=\"_blank\">\n\t\t\t\t\t\t\t\t<span class=\"edgt-iwt-title-text\">Informe Grupo HUM209<\/span>\n\t\t\t\t\t\t\t\t\t<\/a>\n\t\t\t\t\t\t\t<\/h4>\n\t\t\t\t\t<\/div>\n<\/div>[vc_empty_space]<div class=\"edgt-tabs  edgt-tabs-standard\">\n\t<ul class=\"edgt-tabs-nav clearfix\">\n\t\t\t\t\t<li>\n\t\t\t\t\t\t\t\t\t<h5>\n\t\t\t\t\t\t<a href=\"#tab-dedicacion-docente\">Dedicaci\u00f3n Docente<\/a>\n\t\t\t\t\t<\/h5>\n\t\t\t\t\t\t\t<\/li>\n\t\t\t\t\t<li>\n\t\t\t\t\t\t\t\t\t<h5>\n\t\t\t\t\t\t<a href=\"#tab-dedicacion-investigadora\">Dedicaci\u00f3n Investigadora<\/a>\n\t\t\t\t\t<\/h5>\n\t\t\t\t\t\t\t<\/li>\n\t\t\t<\/ul>\n\t<div class=\"edgt-tab-container\" id=\"tab-dedicacion-docente-599\">\n            <h3 class=\"edgt-tab-title\">\n            Dedicaci\u00f3n Docente        <\/h3>\n            <div class=\"edgt-tab-content-holder\">\n        <div class=\"edgt-tab-content\">\n                    <\/div>\n        <div class=\"edgt-tab-image\">\n                    <\/div>\n    <\/div>\n<\/div><div class=\"edgt-tab-container\" id=\"tab-dedicacion-investigadora-97\">\n            <h3 class=\"edgt-tab-title\">\n            Dedicaci\u00f3n Investigadora        <\/h3>\n            <div class=\"edgt-tab-content-holder\">\n        <div class=\"edgt-tab-content\">\n                    <\/div>\n        <div class=\"edgt-tab-image\">\n                    <\/div>\n    <\/div>\n<\/div><\/div>[\/vc_column][\/vc_row][vc_row][vc_column][vc_column_text]El \u00c1rea de Historia de Am\u00e9rica de la Universidad Pablo de Olavide fue fundada por el prestigioso americanista Juan Marchena Fern\u00e1ndez (1954-2022), profesor perpetuo de nuestro \u00e1rea, durante el proceso de creaci\u00f3n de la nuestra joven universidad en 1997. De este \u00c1rea pasaron a depender toda la docencia e investigaci\u00f3n que, en relaci\u00f3n con la Historia de Am\u00e9rica, se realiza a trav\u00e9s de los grados y postgrados. De este modo, en el postgrado, a los Doctorados en Historia de Am\u00e9rica Latina (Las Luchas Sociales en Iberoam\u00e9rica 1998-2000, Las M\u00e1scaras del Poder en la Historia Latinoamericana 1999-2001,\u00a0\u00a0El Poder y la Palabra en la Historia Latinoamericana 2000-2002 y Mundos Ind\u00edgenas 2003-2005) distinguidos con las Menciones de Calidad del Ministerio de Educaci\u00f3n, se sum\u00f3 a partir de 2007, el M\u00e1ster en Historia de Am\u00e9rica Latina \u00abMundos Ind\u00edgenas\u00bb que igualmente ostenta la Menci\u00f3n de Calidad del Ministerio y de la Asociaci\u00f3n Iberoamericana de Postgrado (AUIP). A estos prestigiosos postgrados, recientemente se sum\u00f3 el Postdoctorado en Procesos Identitarios, Culturales y Socioecon\u00f3micos en la Historia Latinoamericana.<\/p>\n<p>Con el \u00c1rea de Historia de Am\u00e9rica tambi\u00e9n tienen vinculaci\u00f3n directa instituciones como El Colegio de Am\u00e9rica, Centro de Estudios Avanzados para Am\u00e9rica Latina y El Caribe y la Revista <em>American\u00eda<\/em>. Tambi\u00e9n ha sido impulsora de decenas proyectos de colaboraci\u00f3n con prestigiosas instituciones de toda Am\u00e9rica Latina en los que se priorizaron actuaciones al servicio del desarrollo de las sociedades latinoamericanas, siempre bajo el prisma de la reconstrucci\u00f3n identitaria de una Historia compartida entre Am\u00e9rica Latina y el mundo ib\u00e9rico.<\/p>\n<p>El \u00c1rea impulsa una investigaci\u00f3n hist\u00f3rica rigurosa, comprometida, inclusiva y no especulativa. Permanentemente comprometida con la reconstrucci\u00f3n de una Historia Total que reivindique el protagonismo de las y los excluidos, sin olvidar el de las y los excluyentes.<\/p>\n<p>Asimismo, desde el \u00c1rea de Historia de Am\u00e9rica Latina compartimos el enfoque de g\u00e9nero y el protocolo de lenguaje inclusivo propuesto desde la revista <em>American\u00eda. Revista de Estudios Latinoamericanos.\u00a0<\/em>Les invitamos a consultar este documento pinchando <a href=\"https:\/\/www.upo.es\/revistas\/index.php\/americania\/genero\">aqu\u00ed<\/a>.[\/vc_column_text][\/vc_column][\/vc_row]<\/p>\n<\/section>","protected":false},"excerpt":{"rendered":"<p>[vc_row][vc_column][vc_empty_space][\/vc_column][\/vc_row][vc_row][vc_column][vc_column_text]El \u00c1rea de Historia de Am\u00e9rica de la Universidad Pablo de Olavide fue fundada por el prestigioso americanista Juan Marchena Fern\u00e1ndez (1954-2022), profesor perpetuo de nuestro \u00e1rea, durante el proceso de creaci\u00f3n de la nuestra joven universidad en 1997. De este \u00c1rea pasaron a depender toda la docencia e investigaci\u00f3n que, en relaci\u00f3n con la Historia de Am\u00e9rica, se realiza a trav\u00e9s de los grados y postgrados. De este modo, en el postgrado, a los Doctorados en Historia de Am\u00e9rica Latina (Las Luchas Sociales en Iberoam\u00e9rica 1998-2000, Las M\u00e1scaras del [&hellip;]<\/p>\n","protected":false},"author":1,"featured_media":0,"parent":0,"menu_order":0,"comment_status":"closed","ping_status":"closed","template":"","meta":{"footnotes":""},"class_list":["post-3667","page","type-page","status-publish","hentry"],"_links":{"self":[{"href":"https:\/\/www.upo.es\/area-historia-america\/wp-json\/wp\/v2\/pages\/3667","targetHints":{"allow":["GET"]}}],"collection":[{"href":"https:\/\/www.upo.es\/area-historia-america\/wp-json\/wp\/v2\/pages"}],"about":[{"href":"https:\/\/www.upo.es\/area-historia-america\/wp-json\/wp\/v2\/types\/page"}],"author":[{"embeddable":true,"href":"https:\/\/www.upo.es\/area-historia-america\/wp-json\/wp\/v2\/users\/1"}],"replies":[{"embeddable":true,"href":"https:\/\/www.upo.es\/area-historia-america\/wp-json\/wp\/v2\/comments?post=3667"}],"version-history":[{"count":10,"href":"https:\/\/www.upo.es\/area-historia-america\/wp-json\/wp\/v2\/pages\/3667\/revisions"}],"predecessor-version":[{"id":4021,"href":"https:\/\/www.upo.es\/area-historia-america\/wp-json\/wp\/v2\/pages\/3667\/revisions\/4021"}],"wp:attachment":[{"href":"https:\/\/www.upo.es\/area-historia-america\/wp-json\/wp\/v2\/media?parent=3667"}],"curies":[{"name":"wp","href":"https:\/\/api.w.org\/{rel}","templated":true}]}}