{"id":1189,"date":"2019-05-15T13:23:42","date_gmt":"2019-05-15T11:23:42","guid":{"rendered":"https:\/\/www.upo.es\/area-historia-arte\/?page_id=1189"},"modified":"2019-07-16T13:22:29","modified_gmt":"2019-07-16T11:22:29","slug":"defensa-publica-de-la-tesis-doctoral-de-maria-pia-benitez-de-unanue-2","status":"publish","type":"page","link":"https:\/\/www.upo.es\/area-historia-arte\/defensa-publica-de-la-tesis-doctoral-de-maria-pia-benitez-de-unanue-2\/","title":{"rendered":"Defensa p\u00fablica de la Tesis Doctoral de Mar\u00eda P\u00eda Ben\u00edtez de Un\u00e1nue"},"content":{"rendered":"\n<p><\/p>\n\n\n\n<div class=\"wp-block-image\"><figure class=\"aligncenter is-resized\"><img loading=\"lazy\" src=\"https:\/\/www.upo.es\/area-historia-arte\/wp-content\/uploads\/2019\/05\/Defensa_Tesis_Doctoral_Maria_Pia_UPO.jpg\" alt=\"\" class=\"wp-image-1209\" width=\"597\" height=\"217\" srcset=\"https:\/\/www.upo.es\/area-historia-arte\/wp-content\/uploads\/2019\/05\/Defensa_Tesis_Doctoral_Maria_Pia_UPO.jpg 960w, https:\/\/www.upo.es\/area-historia-arte\/wp-content\/uploads\/2019\/05\/Defensa_Tesis_Doctoral_Maria_Pia_UPO-300x109.jpg 300w, https:\/\/www.upo.es\/area-historia-arte\/wp-content\/uploads\/2019\/05\/Defensa_Tesis_Doctoral_Maria_Pia_UPO-768x279.jpg 768w\" sizes=\"(max-width: 597px) 100vw, 597px\" \/><\/figure><\/div>\n\n\n\n<p style=\"text-align:center\">Defensa p\u00fablica de la Tesis Doctoral: <em>Valoraci\u00f3n de los monasterios urbanos mendicantes en la Puebla de los \u00c1ngeles, M\u00e9xico<\/em> de Mar\u00eda P\u00eda Ben\u00edtez de Un\u00e1nue<\/p>\n\n\n\n<p style=\"text-align:center\"><strong>Fecha<\/strong>: 15 de octubre de 2013 <\/p>\n\n\n\n<p style=\"text-align:center\"><strong>Lugar<\/strong>: Sal\u00f3n de Grados del edificio 7 &#8211; Universidad Pablo de Olavide, Sevilla<\/p>\n\n\n\n<p><strong>Directores<\/strong>:<\/p>\n\n\n\n<ul><li>Dra. Ana Mar\u00eda Aranda Bernal (Universidad Pablo de Olavide, Sevilla)<\/li><li>Dr.&nbsp; Jos\u00e9 Hern\u00e1ndez Palomo (Escuela de Estudios Hispano-Americanos (CSIC), Sevilla)<\/li><\/ul>\n","protected":false},"excerpt":{"rendered":"<p>Defensa p\u00fablica de la Tesis Doctoral: Valoraci\u00f3n de los monasterios urbanos mendicantes en la Puebla de los \u00c1ngeles, M\u00e9xico de[&#8230;]<\/p>\n","protected":false},"author":1,"featured_media":0,"parent":0,"menu_order":0,"comment_status":"closed","ping_status":"closed","template":"template-fullwidth.php","meta":[],"_links":{"self":[{"href":"https:\/\/www.upo.es\/area-historia-arte\/wp-json\/wp\/v2\/pages\/1189"}],"collection":[{"href":"https:\/\/www.upo.es\/area-historia-arte\/wp-json\/wp\/v2\/pages"}],"about":[{"href":"https:\/\/www.upo.es\/area-historia-arte\/wp-json\/wp\/v2\/types\/page"}],"author":[{"embeddable":true,"href":"https:\/\/www.upo.es\/area-historia-arte\/wp-json\/wp\/v2\/users\/1"}],"replies":[{"embeddable":true,"href":"https:\/\/www.upo.es\/area-historia-arte\/wp-json\/wp\/v2\/comments?post=1189"}],"version-history":[{"count":5,"href":"https:\/\/www.upo.es\/area-historia-arte\/wp-json\/wp\/v2\/pages\/1189\/revisions"}],"predecessor-version":[{"id":2045,"href":"https:\/\/www.upo.es\/area-historia-arte\/wp-json\/wp\/v2\/pages\/1189\/revisions\/2045"}],"wp:attachment":[{"href":"https:\/\/www.upo.es\/area-historia-arte\/wp-json\/wp\/v2\/media?parent=1189"}],"curies":[{"name":"wp","href":"https:\/\/api.w.org\/{rel}","templated":true}]}}