{"id":1226,"date":"2019-05-15T18:11:00","date_gmt":"2019-05-15T16:11:00","guid":{"rendered":"https:\/\/www.upo.es\/area-historia-arte\/?page_id=1226"},"modified":"2019-07-17T19:31:00","modified_gmt":"2019-07-17T17:31:00","slug":"iv-simposio-internacional-de-arte-y-patrimonio-barroco-iberoamericano","status":"publish","type":"page","link":"https:\/\/www.upo.es\/area-historia-arte\/iv-simposio-internacional-de-arte-y-patrimonio-barroco-iberoamericano\/","title":{"rendered":"IV Simposio Internacional de Arte y Patrimonio Barroco Iberoamericano"},"content":{"rendered":"\n<p style=\"text-align:center\">IV Simposio Internacional de \u00abArte y Patrimonio Barroco Iberoamericano\u00bb<\/p>\n\n\n\n<div class=\"wp-block-image\"><figure class=\"aligncenter is-resized\"><img loading=\"lazy\" src=\"https:\/\/www.upo.es\/area-historia-arte\/wp-content\/uploads\/2019\/05\/IV_Simposio_Arte_y_Patrimonio.jpg\" alt=\"\" class=\"wp-image-1227\" width=\"623\" height=\"381\" srcset=\"https:\/\/www.upo.es\/area-historia-arte\/wp-content\/uploads\/2019\/05\/IV_Simposio_Arte_y_Patrimonio.jpg 982w, https:\/\/www.upo.es\/area-historia-arte\/wp-content\/uploads\/2019\/05\/IV_Simposio_Arte_y_Patrimonio-300x184.jpg 300w, https:\/\/www.upo.es\/area-historia-arte\/wp-content\/uploads\/2019\/05\/IV_Simposio_Arte_y_Patrimonio-768x470.jpg 768w\" sizes=\"(max-width: 623px) 100vw, 623px\" \/><\/figure><\/div>\n\n\n\n<p style=\"text-align:center\">Universidad Pablo de Olavide, Edificio 25 Aula de Grados. Carretera de Utrera, Km1. Sevilla, Espa\u00f1a<\/p>\n\n\n\n<p style=\"text-align:center\">Jueves, 18 de octubre de 2012<\/p>\n\n\n\n<p>&nbsp;09\u00b430 h.&nbsp;<strong>Inauguraci\u00f3n del IV Simposio.<\/strong><br>&nbsp;&nbsp;&nbsp;&nbsp;&nbsp;&nbsp;&nbsp;&nbsp;&nbsp;&nbsp;&nbsp;&nbsp;&nbsp;&nbsp;&nbsp; Fernando Quiles Garc\u00eda (Universidad Pablo de Olavide)<br>&nbsp;&nbsp;&nbsp;&nbsp;&nbsp;&nbsp;&nbsp;&nbsp;&nbsp;&nbsp;&nbsp;&nbsp;&nbsp;&nbsp;&nbsp; Mar\u00eda del Pilar L\u00f3pez (Universidad Nacional de Colombia)<br>&nbsp;&nbsp;&nbsp;&nbsp;&nbsp;&nbsp;&nbsp;&nbsp;&nbsp;&nbsp;&nbsp;&nbsp;&nbsp;&nbsp;&nbsp; Mar\u00eda de los \u00c1ngeles Fern\u00e1ndez Valle (Universidad Pablo de Olavide)<br><br>&nbsp;10\u00b400 h.&nbsp;<strong>IBEROITALIA. Dibujo arquitect\u00f3nico y de ornamentaci\u00f3n en Palermo a finales del siglo XVII: El taller de arquitectura de Giacomo Amato (1643-1732).<\/strong><br>&nbsp;&nbsp;&nbsp;&nbsp;&nbsp;&nbsp;&nbsp;&nbsp;&nbsp;&nbsp;&nbsp;&nbsp;&nbsp; &nbsp; Sabina de Cavi (Universidad de C\u00f3rdoba)<br><br>&nbsp;10\u00b445 h.&nbsp;<strong>Arte y esclavitud en la Am\u00e9rica hispana.<\/strong><br>&nbsp;&nbsp;&nbsp;&nbsp;&nbsp;&nbsp;&nbsp;&nbsp;&nbsp;&nbsp;&nbsp;&nbsp;&nbsp; &nbsp; Luis M\u00e9ndez Rodr\u00edguez (Universidad de Sevilla)<br><br>&nbsp;11\u00b430 h. Pausa<br><br>&nbsp;11\u201945 h.&nbsp;<strong>Rituales de lo cotidiano entre la casa y la vecindad.<\/strong><br>&nbsp;&nbsp;&nbsp;&nbsp;&nbsp;&nbsp;&nbsp;&nbsp;&nbsp;&nbsp;&nbsp;&nbsp;&nbsp;&nbsp; Mar\u00eda del Pilar L\u00f3pez (Universidad Nacional de Colombia)<br><br>&nbsp;12\u00b430 h.&nbsp;<strong>Una muerte transformada en vida. Pervivencias en el retrato funerario.<\/strong><br>&nbsp;&nbsp;&nbsp;&nbsp;&nbsp;&nbsp;&nbsp;&nbsp;&nbsp;&nbsp;&nbsp;&nbsp;&nbsp;&nbsp; Fernando Quiles Garc\u00eda (Universidad Pablo de Olavide)<br><br>&nbsp;13\u00b415 h.&nbsp;<strong>Pintura mural en el Nuevo Reino de Granada.<\/strong><br>&nbsp;&nbsp;&nbsp;&nbsp;&nbsp;&nbsp;&nbsp;&nbsp;&nbsp;&nbsp;&nbsp;&nbsp;&nbsp;&nbsp; Jos\u00e9 Manuel Almansa Moreno (Universidad de Ja\u00e9n)<\/p>\n\n\n\n<p>16\u00b400 h.&nbsp;<strong>Sebasti\u00e1n Mart\u00ednez, pintor giennense del barroco.<\/strong><br>&nbsp;&nbsp;&nbsp;&nbsp;&nbsp;&nbsp;&nbsp;&nbsp;&nbsp;&nbsp;&nbsp;&nbsp;&nbsp; Rafael Mantas Fern\u00e1ndez (Universidad de Ja\u00e9n)<br><br>16\u00b445 h.&nbsp;<strong>El Museo de la Catedral Metropolitana de Granada.<br><\/strong>&nbsp;&nbsp;&nbsp;&nbsp;&nbsp;&nbsp;&nbsp;&nbsp;&nbsp;&nbsp;&nbsp;&nbsp;&nbsp;&nbsp; Rodrigo G\u00f3mez Jim\u00e9nez (Universidad Pablo de Olavide)<\/p>\n\n\n\n<p>17\u00b430 h.\u00a0<strong>La ruta del barroco. Montilla: Un Patrimonio por Descubrir.<\/strong><br>\u00a0\u00a0\u00a0\u00a0\u00a0\u00a0\u00a0\u00a0\u00a0\u00a0\u00a0\u00a0\u00a0 Juan Casado Alcaide (Ayuntamiento de Montilla, C\u00f3rdoba)<br><br>18\u00b415 h. Pausa<br><br>18\u00b430 h.\u00a0<strong>Una reflexi\u00f3n sobre las din\u00e1micas de conservaci\u00f3n y destrucci\u00f3n.<\/strong><br>              Mar\u00eda Dolores Ruiz de Lacanal (Universidad de Sevilla, G. I. SOS Patrimonio)<\/p>\n\n\n\n<p>19\u00b415 h.&nbsp;<strong>El proceso patrimonial de monumentos art\u00edsticos. Retos en la investigaci\u00f3n de la Catedral de Sevilla.<\/strong><br>&nbsp;&nbsp;&nbsp;&nbsp;&nbsp;&nbsp;&nbsp;&nbsp;&nbsp;&nbsp;&nbsp;&nbsp;&nbsp; Ana Gal\u00e1n P\u00e9rez (Universidad de Sevilla)<\/p>\n\n\n\n<p><strong>20\u00b400 h. Mesa redonda: J\u00f3venes investigadores y el Barroco Iberoamericano.&nbsp;&nbsp;<\/strong>&nbsp;&nbsp;&nbsp;&nbsp;<br><strong>Modera:<\/strong>&nbsp;Francisco Ollero Lobato (Universidad Pablo de Olavide)<br><strong>Participan:<\/strong>&nbsp;Mar\u00eda Dolores&nbsp; Ruiz de Lacanal (Universidad de Sevilla, G.I. SOS Patrimonio), Fernando Quiles Garc\u00eda (Universidad Pablo de Olavide), Juan Manuel Almansa Moreno (Universidad de Ja\u00e9n) y Ellen Dooley (University of Southern California, Los \u00c1ngeles)<\/p>\n\n\n\n<p><\/p>\n\n\n\n<p style=\"text-align:center\">Viernes, 19 de octubre de 2012<br><\/p>\n\n\n\n<p>10\u00b400 h.&nbsp;<strong>Miguel de Molinos y la negaci\u00f3n de la imagen.<\/strong><br>&nbsp;&nbsp;&nbsp;&nbsp;&nbsp;&nbsp;&nbsp;&nbsp;&nbsp;&nbsp;&nbsp;&nbsp; Arsenio Moreno Mendoza (Universidad Pablo de Olavide)<br><br>10\u00b445 h.&nbsp;<strong>De lejan\u00edas y cercan\u00edas. La apropiaci\u00f3n de la imagen americana en el espacio social andaluz.<\/strong><br>&nbsp;&nbsp;&nbsp;&nbsp;&nbsp;&nbsp;&nbsp;&nbsp;&nbsp;&nbsp;&nbsp;&nbsp;&nbsp;&nbsp; Mar\u00eda de los \u00c1ngeles Fern\u00e1ndez Valle (Universidad Pablo de Olavide)<br><br>&nbsp;11\u00b430 Pausa<br><br>&nbsp;11\u00b445 h.&nbsp;<strong>De Oporto a Santa F\u00e9 de Bogot\u00e1. La apolog\u00eda inmaculista en el mundo iberoamericano a trav\u00e9s de dos programas iconogr\u00e1ficos barrocos.<br>&nbsp;&nbsp;&nbsp;&nbsp;&nbsp;&nbsp;&nbsp;&nbsp;&nbsp;&nbsp;&nbsp;&nbsp;&nbsp;&nbsp;&nbsp;<\/strong>Carme L\u00f3pez Calder\u00f3n (Universidad de Santiago de Compostela)<br><br>&nbsp;12\u00b430 h.&nbsp;<strong>Religiosas pero prohibidas. Control de estampas en el Nuevo Reino de Granada en los siglos XVII y XVIII.<\/strong><br>&nbsp;&nbsp;&nbsp;&nbsp;&nbsp;&nbsp;&nbsp;&nbsp;&nbsp;&nbsp;&nbsp;&nbsp;&nbsp; &nbsp; Laura Liliana Vargas Murcia (Universidad Nacional de Colombia)<br><br>13\u00b415 h.&nbsp;<strong>Presentaci\u00f3n del V Congreso Internacional de Barroco Iberoamericano (CIBI).<\/strong><br> &nbsp;&nbsp;&nbsp;&nbsp;&nbsp;&nbsp;&nbsp;&nbsp;&nbsp;&nbsp;&nbsp;&nbsp;&nbsp; Mar\u00eda del Pilar L\u00f3pez y Fernando Quiles Garc\u00eda.<br><br><strong>Coordinaci\u00f3n acad\u00e9mica:<\/strong><\/p>\n\n\n\n<ul><li>Fernando Quiles Garc\u00eda&nbsp;<\/li><li>Marcela Cristina Cu\u00e9llar S\u00e1nchez&nbsp;<\/li><li>Mar\u00eda de los \u00c1ngeles Fern\u00e1ndez Valle<\/li><\/ul>\n\n\n\n<p><strong>Organizan:<\/strong><\/p>\n\n\n\n<ul><li>\u00c1rea de Historia del Arte de la Universidad Pablo de Olavide<\/li><li>Centro de Estudios de Barroco Iberoamericano (CEIBA)<\/li><li>Congreso Internacional de Barroco Iberoamericano (CIBI)<\/li><li>Unidad Asociada UPO- EEHA<\/li><li>Universidad Nacional de Colombia<\/li><\/ul>\n\n\n\n<p><strong>Colaboran:<\/strong><\/p>\n\n\n\n<ul><li><em>Visibilia. Red de Patrimonio Art\u00edstico de Andaluc\u00eda<\/em><\/li><li>Proyecto Motriz de Excelencia de la Junta de Andaluc\u00eda [P09-HUM-4523]<\/li><li><em>Red de Arquitectura Vern\u00e1cula Iberoamericana (Red-Avi)<\/em><\/li><li>Proyecto de la Agencia Espa\u00f1ola de Cooperaci\u00f3n Internacional para el Desarrollo [A3\/041329\/11]<\/li><\/ul>\n\n\n\n<p><strong>Organizaci\u00f3n del V CIBI:<\/strong><\/p>\n\n\n\n<ul><li>Universidad Nacional de Colombia<\/li><li>Universidad de los Andes, Bogot\u00e1<\/li><li>Pontificia Universidad Javeriana, Bogot\u00e1<\/li><li>Universidad del Externado de Colombia<\/li><li>Universidad del Rosario, Bogot\u00e1<\/li><li>Universidad Pablo de Olavide, Sevilla<\/li><\/ul>\n\n\n\n<p><strong>Inscripci\u00f3n:<\/strong><br>maferval@upo.es<\/p>\n\n\n\n<p><a href=\"https:\/\/www.upo.es\/area-historia-arte\/wp-content\/uploads\/2019\/05\/IV_Simposio_Internacional_Arte_y_Patrimonio_Barroco_Iberoamericano_UPO.pdf\">PROGRAMA<\/a><\/p>\n","protected":false},"excerpt":{"rendered":"<p>IV Simposio Internacional de \u00abArte y Patrimonio Barroco Iberoamericano\u00bb Universidad Pablo de Olavide, Edificio 25 Aula de Grados. Carretera de[&#8230;]<\/p>\n","protected":false},"author":1,"featured_media":0,"parent":0,"menu_order":0,"comment_status":"closed","ping_status":"closed","template":"template-fullwidth.php","meta":[],"_links":{"self":[{"href":"https:\/\/www.upo.es\/area-historia-arte\/wp-json\/wp\/v2\/pages\/1226"}],"collection":[{"href":"https:\/\/www.upo.es\/area-historia-arte\/wp-json\/wp\/v2\/pages"}],"about":[{"href":"https:\/\/www.upo.es\/area-historia-arte\/wp-json\/wp\/v2\/types\/page"}],"author":[{"embeddable":true,"href":"https:\/\/www.upo.es\/area-historia-arte\/wp-json\/wp\/v2\/users\/1"}],"replies":[{"embeddable":true,"href":"https:\/\/www.upo.es\/area-historia-arte\/wp-json\/wp\/v2\/comments?post=1226"}],"version-history":[{"count":3,"href":"https:\/\/www.upo.es\/area-historia-arte\/wp-json\/wp\/v2\/pages\/1226\/revisions"}],"predecessor-version":[{"id":2089,"href":"https:\/\/www.upo.es\/area-historia-arte\/wp-json\/wp\/v2\/pages\/1226\/revisions\/2089"}],"wp:attachment":[{"href":"https:\/\/www.upo.es\/area-historia-arte\/wp-json\/wp\/v2\/media?parent=1226"}],"curies":[{"name":"wp","href":"https:\/\/api.w.org\/{rel}","templated":true}]}}