{"id":1232,"date":"2019-05-15T18:15:27","date_gmt":"2019-05-15T16:15:27","guid":{"rendered":"https:\/\/www.upo.es\/area-historia-arte\/?page_id=1232"},"modified":"2019-05-15T18:15:27","modified_gmt":"2019-05-15T16:15:27","slug":"taller-internacional-estudios-de-paisajes-culturales-productivos","status":"publish","type":"page","link":"https:\/\/www.upo.es\/area-historia-arte\/taller-internacional-estudios-de-paisajes-culturales-productivos\/","title":{"rendered":"Taller internacional Estudios de Paisajes Culturales Productivos"},"content":{"rendered":"\n<p style=\"text-align:center\">Taller Internacional <em>Estudios de Paisajes Culturales Productivos<\/em><\/p>\n\n\n\n<div class=\"wp-block-image\"><figure class=\"aligncenter is-resized\"><img loading=\"lazy\" src=\"https:\/\/www.upo.es\/area-historia-arte\/wp-content\/uploads\/2019\/05\/Paisajes_Culturales_Productivos_Colombia_2012-455x1024.png\" alt=\"\" class=\"wp-image-1233\" width=\"287\" height=\"646\" srcset=\"https:\/\/www.upo.es\/area-historia-arte\/wp-content\/uploads\/2019\/05\/Paisajes_Culturales_Productivos_Colombia_2012-455x1024.png 455w, https:\/\/www.upo.es\/area-historia-arte\/wp-content\/uploads\/2019\/05\/Paisajes_Culturales_Productivos_Colombia_2012-133x300.png 133w, https:\/\/www.upo.es\/area-historia-arte\/wp-content\/uploads\/2019\/05\/Paisajes_Culturales_Productivos_Colombia_2012-768x1727.png 768w, https:\/\/www.upo.es\/area-historia-arte\/wp-content\/uploads\/2019\/05\/Paisajes_Culturales_Productivos_Colombia_2012.png 1202w\" sizes=\"(max-width: 287px) 100vw, 287px\" \/><\/figure><\/div>\n\n\n\n<p>Conmemoraci\u00f3n del primer a\u00f1o de la Inscripci\u00f3n del Paisaje Cultural Cafetero de Colombia en los Lista de Patrimonio Mundial de la UNESCO y cuadrag\u00e9simo aniversario de la Convenci\u00f3n sobre la Protecci\u00f3n del Patrimonio Mundial, Cultural y Natural.<\/p>\n\n\n\n<p><em>Manizales &#8211; Julio 30 y 31<\/em><\/p>\n\n\n\n<ul><li>Institucionalidad agroproductiva<\/li><\/ul>\n\n\n\n<p><em>Pereira &#8211; Agosto 1 y 2<\/em><\/p>\n\n\n\n<ul><li>Patrimonio y arquitectura del bahareque en el paisaje cafetero<\/li><\/ul>\n\n\n\n<p><em>Armenoa &#8211; Agosto 3 y 4<\/em><\/p>\n\n\n\n<ul><li>Turismo sostenible y La ruta del caf\u00e9\u00a0<\/li><\/ul>\n\n\n\n<p><a href=\"https:\/\/www.upo.es\/area-historia-arte\/wp-content\/uploads\/2019\/05\/Programa_Taller_Internacional_Estudios_del_Paisaje.pdf\">PROGRAMA<\/a><\/p>\n","protected":false},"excerpt":{"rendered":"<p>Taller Internacional Estudios de Paisajes Culturales Productivos Conmemoraci\u00f3n del primer a\u00f1o de la Inscripci\u00f3n del Paisaje Cultural Cafetero de Colombia[&#8230;]<\/p>\n","protected":false},"author":1,"featured_media":0,"parent":0,"menu_order":0,"comment_status":"closed","ping_status":"closed","template":"","meta":[],"_links":{"self":[{"href":"https:\/\/www.upo.es\/area-historia-arte\/wp-json\/wp\/v2\/pages\/1232"}],"collection":[{"href":"https:\/\/www.upo.es\/area-historia-arte\/wp-json\/wp\/v2\/pages"}],"about":[{"href":"https:\/\/www.upo.es\/area-historia-arte\/wp-json\/wp\/v2\/types\/page"}],"author":[{"embeddable":true,"href":"https:\/\/www.upo.es\/area-historia-arte\/wp-json\/wp\/v2\/users\/1"}],"replies":[{"embeddable":true,"href":"https:\/\/www.upo.es\/area-historia-arte\/wp-json\/wp\/v2\/comments?post=1232"}],"version-history":[{"count":1,"href":"https:\/\/www.upo.es\/area-historia-arte\/wp-json\/wp\/v2\/pages\/1232\/revisions"}],"predecessor-version":[{"id":1235,"href":"https:\/\/www.upo.es\/area-historia-arte\/wp-json\/wp\/v2\/pages\/1232\/revisions\/1235"}],"wp:attachment":[{"href":"https:\/\/www.upo.es\/area-historia-arte\/wp-json\/wp\/v2\/media?parent=1232"}],"curies":[{"name":"wp","href":"https:\/\/api.w.org\/{rel}","templated":true}]}}