{"id":1236,"date":"2019-05-15T18:20:12","date_gmt":"2019-05-15T16:20:12","guid":{"rendered":"https:\/\/www.upo.es\/area-historia-arte\/?page_id=1236"},"modified":"2019-07-19T09:52:09","modified_gmt":"2019-07-19T07:52:09","slug":"congreso-internacional-paisajes-culturales-y-arquitectura-vernacula-2","status":"publish","type":"page","link":"https:\/\/www.upo.es\/area-historia-arte\/congreso-internacional-paisajes-culturales-y-arquitectura-vernacula-2\/","title":{"rendered":"Congreso Internacional Paisajes Culturales y Arquitectura Vern\u00e1cula"},"content":{"rendered":"\n<p style=\"text-align:center\"><em>Paisajes Culturales y Arquitectura Vern\u00e1cula<\/em><\/p>\n\n\n\n<div class=\"wp-block-image\"><figure class=\"aligncenter is-resized\"><img loading=\"lazy\" src=\"https:\/\/www.upo.es\/area-historia-arte\/wp-content\/uploads\/2019\/05\/Congreso_Internacional_Paisajes_Culturales_Arquitectura_Vernacula_7_y_8_Mayo_2012-796x1024.jpg\" alt=\"\" class=\"wp-image-1237\" width=\"328\" height=\"422\" srcset=\"https:\/\/www.upo.es\/area-historia-arte\/wp-content\/uploads\/2019\/05\/Congreso_Internacional_Paisajes_Culturales_Arquitectura_Vernacula_7_y_8_Mayo_2012-796x1024.jpg 796w, https:\/\/www.upo.es\/area-historia-arte\/wp-content\/uploads\/2019\/05\/Congreso_Internacional_Paisajes_Culturales_Arquitectura_Vernacula_7_y_8_Mayo_2012-233x300.jpg 233w, https:\/\/www.upo.es\/area-historia-arte\/wp-content\/uploads\/2019\/05\/Congreso_Internacional_Paisajes_Culturales_Arquitectura_Vernacula_7_y_8_Mayo_2012-768x987.jpg 768w\" sizes=\"(max-width: 328px) 100vw, 328px\" \/><\/figure><\/div>\n\n\n\n<p style=\"text-align:center\">Paisajes Culturales y Arquitectura Vern\u00e1cula<\/p>\n\n\n\n<p style=\"text-align:center\"><strong>Fecha<\/strong>: 7-8 de mayo de 2012<\/p>\n\n\n\n<p style=\"text-align:center\"><strong>Lugar<\/strong>: Facultad de Ciencias del H\u00e1bitat, Teatro Sede Candelaria, Universidad de La Salle, Bogot\u00e1 <\/p>\n\n\n\n<p>En el marco de la celebraci\u00f3n de los 35 a\u00f1os del Programa de Arquitectura y de los 40 a\u00f1os de la convenci\u00f3n de Patrimonio de la UNESCO celebramos el Congreso Internacional `Paisajes Culturales y Arquitectura Vern\u00e1cula\u00b4, con la participaci\u00f3n de investigadores de Venezuela, Argetina, Uruguay, Chile, Per\u00fa, Espa\u00f1a y Colombia. <\/p>\n\n\n\n<p><strong>Organizan:<\/strong><\/p>\n\n\n\n<ul><li>Universidad de La Salle, Bogot\u00e1. Facultad de Ciencias del H\u00e1bitat<\/li><li>Universidad Nacional de Colombia<\/li><li>Red de Arquitectura Vern\u00e1cula Iberoamericana (Red-Avi). \u00c1rea de Historia del Arte. Universidad Pablo de Olavide<\/li><\/ul>\n\n\n\n<p><strong>Apoyan:<\/strong><\/p>\n\n\n\n<ul><li>AECID. Ministerio de Asuntos Exteriores y Colaboraci\u00f3n, Espa\u00f1a.<\/li><li>CIHDEP. Centro de Investigaci\u00f3n h\u00e1bitat, desarrollo y paz.<\/li><li>Observatorio Urbano. Facultad de Ciencias del H\u00e1bitat.<\/li><li>OPP. Observatorio para la sostenibilidad del Patrimonio en Paisajes.<\/li><\/ul>\n\n\n\n<p><a href=\"https:\/\/www.upo.es\/area-historia-arte\/wp-content\/uploads\/2019\/05\/Programa_Congreso_Paisajes_Culturales_y_Arquitectura_Vernacula_2012.pdf\">PROGRAMA<\/a><\/p>\n","protected":false},"excerpt":{"rendered":"<p>Paisajes Culturales y Arquitectura Vern\u00e1cula Paisajes Culturales y Arquitectura Vern\u00e1cula Fecha: 7-8 de mayo de 2012 Lugar: Facultad de Ciencias[&#8230;]<\/p>\n","protected":false},"author":1,"featured_media":0,"parent":0,"menu_order":0,"comment_status":"closed","ping_status":"closed","template":"template-fullwidth.php","meta":[],"_links":{"self":[{"href":"https:\/\/www.upo.es\/area-historia-arte\/wp-json\/wp\/v2\/pages\/1236"}],"collection":[{"href":"https:\/\/www.upo.es\/area-historia-arte\/wp-json\/wp\/v2\/pages"}],"about":[{"href":"https:\/\/www.upo.es\/area-historia-arte\/wp-json\/wp\/v2\/types\/page"}],"author":[{"embeddable":true,"href":"https:\/\/www.upo.es\/area-historia-arte\/wp-json\/wp\/v2\/users\/1"}],"replies":[{"embeddable":true,"href":"https:\/\/www.upo.es\/area-historia-arte\/wp-json\/wp\/v2\/comments?post=1236"}],"version-history":[{"count":2,"href":"https:\/\/www.upo.es\/area-historia-arte\/wp-json\/wp\/v2\/pages\/1236\/revisions"}],"predecessor-version":[{"id":2218,"href":"https:\/\/www.upo.es\/area-historia-arte\/wp-json\/wp\/v2\/pages\/1236\/revisions\/2218"}],"wp:attachment":[{"href":"https:\/\/www.upo.es\/area-historia-arte\/wp-json\/wp\/v2\/media?parent=1236"}],"curies":[{"name":"wp","href":"https:\/\/api.w.org\/{rel}","templated":true}]}}