{"id":1248,"date":"2019-05-15T18:37:24","date_gmt":"2019-05-15T16:37:24","guid":{"rendered":"https:\/\/www.upo.es\/area-historia-arte\/?page_id=1248"},"modified":"2019-07-19T09:56:09","modified_gmt":"2019-07-19T07:56:09","slug":"simposio-internacional-de-arte-y-patrimonio-en-espana-y-america-memorias-y-percepciones","status":"publish","type":"page","link":"https:\/\/www.upo.es\/area-historia-arte\/simposio-internacional-de-arte-y-patrimonio-en-espana-y-america-memorias-y-percepciones\/","title":{"rendered":"Simposio Internacional de Arte y Patrimonio en Espa\u00f1a y Am\u00e9rica \u00abMemorias y Percepciones\u00bb"},"content":{"rendered":"\n<p style=\"text-align:center\"><\/p>\n\n\n\n<div class=\"wp-block-image\"><figure class=\"aligncenter is-resized\"><img loading=\"lazy\" src=\"https:\/\/www.upo.es\/area-historia-arte\/wp-content\/uploads\/2019\/05\/Simposio_Arte_y_Patrimonio_en_Espaxa_y_Amxrica._Memorias_y_Percepciones.jpg\" alt=\"\" class=\"wp-image-1249\" width=\"288\" height=\"325\"\/><\/figure><\/div>\n\n\n\n<p style=\"text-align:center\">Simposio Internacional de Arte y Patrimonio en Espa\u00f1a y Am\u00e9rica \u00abMemoria y Percepciones\u00bb<\/p>\n\n\n\n<p><strong>Fecha y lugar<\/strong>: 15 de junio de 2011 &#8211; Universidad Pablo de Olavide, Aula de Grados del edificio 25<\/p>\n\n\n\n<p style=\"text-align:center\"><strong>Fecha y lugar<\/strong>: 16 y 17 de junio de 2011 &#8211; Escuela de Estudios Hispano-Americanos, Sala Rafael Yuste<\/p>\n\n\n\n<p>El Simposio tiene como objetivo generar un espacio de encuentro, de intercambio, y reflexi\u00f3n entre investigadores y profesionales en torno al Patrimonio Cultural en Espa\u00f1a y Am\u00e9rica.<\/p>\n\n\n\n<p>El tema central es destacar la importancia de la memoria y la percepci\u00f3n en el estudio, an\u00e1lisis y apreciaci\u00f3n de las manifestaciones culturales \u2013materiales e inmateriales-, no s\u00f3lo como fuente documental e hist\u00f3rica que aportan valiosos datos para su conocimiento y valoraci\u00f3n, sino tambi\u00e9n como argumento para su interpretaci\u00f3n, b\u00fasqueda de significados culturales y apreciaci\u00f3n social del patrimonio.<\/p>\n\n\n\n<p>Se trata por tanto de establecer, desde las distintas metodolog\u00edas y disciplinas vinculadas al estudio de las manifestaciones culturales, y en especial desde la Historia del Arte y de la Arquitectura, aportaciones sustantivas sobre diferentes visiones, en su contexto hist\u00f3rico originario, o en etapas posteriores donde se proceda a una reinterpretaci\u00f3n o reconstrucci\u00f3n \u2013mental o f\u00edsica- del patrimonio.&nbsp;<\/p>\n\n\n\n<p>El estudio de nuevos significados con los que se acredita la continuidad f\u00edsica o conceptual de las manifestaciones culturales se relaciona con l\u00edneas de investigaci\u00f3n vigentes, dedicadas al an\u00e1lisis de la configuraci\u00f3n de im\u00e1genes y devociones, la visi\u00f3n e interpretaci\u00f3n de paisajes y&nbsp;n\u00facleos urbanos, o la fortuna de artistas y obras concretas que se abandonan en el pasado o pasan a convertirse en iconos repletos de nuevos contenidos. La mirada desde el territorio, el estado, la comunidad, el erudito o el curioso condiciona la imagen de la manifestaci\u00f3n cultural, que afecta no solamente al modo de proceder en su an\u00e1lisis como objeto hist\u00f3rico o est\u00e9tico, sino tambi\u00e9n a las condiciones de su registro, valoraci\u00f3n, conservaci\u00f3n, y gesti\u00f3n.<\/p>\n\n\n\n<p>De este modo, se&nbsp;expondr\u00e1n&nbsp;a lo largo de estos tres d\u00edas un conjunto de ponencias, dispuestas en sesiones de ma\u00f1ana y tarde,&nbsp; a cargo de un importante grupo de investigadores invitados \u2013estudiosos, investigadores, gestores y conservadores de bienes culturales-, que desde distintas disciplinas relacionadas con los estudios de esta naturaleza, abordar\u00e1n aspectos distintos sobre la comprensi\u00f3n de los bienes culturales desde diversas escalas y perspectivas.<\/p>\n\n\n\n<p>La organizaci\u00f3n del simposio&nbsp;corresponde al \u00c1rea de Historia del Arte del Departamento de Geograf\u00eda, Historia y Filosof\u00eda de la Universidad Pablo de Olavide y a&nbsp;la Escuela de Estudios Hispano-Americanos (CSIC).<\/p>\n\n\n\n<p>El programa de estudios de doctorado&nbsp;<em>Historia del Arte y Gesti\u00f3n Cultural en el Mundo Hisp\u00e1nico<\/em>, integrado y planificado desde el mencionado grupo docente e investigador,&nbsp; as\u00ed como el M\u00e1ster oficial&nbsp;<em>Arte, Museos y Gesti\u00f3n del Patrimonio Hist\u00f3rico<\/em>, ambos de la Universidad Pablo de Olavide, junto&nbsp;a la Escuela de Estudios Hispano-Americanos,&nbsp;&nbsp;proporcionan las relaciones necesarias entre alumnos, doctores y responsables de la organizaci\u00f3n para acoger un encuentro de estas caracter\u00edsticas.<\/p>\n\n\n\n<p>El presente evento cient\u00edfico est\u00e1 dirigido tanto a investigadores de las diversas disciplinas y competencias profesionales relacionadas con el estudio y la gesti\u00f3n del patrimonio, como a alumnos universitarios que quieran promover su especializaci\u00f3n en esta tem\u00e1tica, tanto de grado, como de postgrado y estudios de doctorado.&nbsp;<\/p>\n\n\n\n<p><strong>Organizan:<\/strong>&nbsp;<\/p>\n\n\n\n<ul><li>M\u00e1ster Oficial en<em>&nbsp;Arte, Museos y Gesti\u00f3n del Patrimonio Hist\u00f3rico<\/em>. \u00c1rea de Historia del Arte. Universidad Pablo de Olavide. Sevilla. Espa\u00f1a.&nbsp;<\/li><li>Escuela de Estudios Hispano-Americanos (CSIC). Sevilla. Espa\u00f1a.&nbsp;<\/li><\/ul>\n\n\n\n<p><strong>Colaboran:<\/strong><\/p>\n\n\n\n<ul><li><em>Visibilia. Red de Patrimonio Art\u00edstico de Andaluc\u00eda<\/em>. Proyecto Motriz de Excelencia de la Junta de Andaluc\u00eda [PO9-HUM-4523].<\/li><li><em>Red de Arquitectura Vern\u00e1cula Iberoamericana (Red-Avi).\u00a0<\/em>Proyecto financiado por la AECID. Espa\u00f1a [C\/031806\/10].<\/li><li>Fundaci\u00f3n Universidad-Sociedad de la Universidad Pablo de Olavide. Sevilla. Espa\u00f1a.<\/li><li>Fundaci\u00f3n Identidades y Memoria. Bogot\u00e1. Colombia.<\/li><li><em>Congreso Internacional de Barroco Iberoamericano (CIBI).<\/em><\/li><li>Museo Torres Garc\u00eda. Montevideo. Uruguay.<\/li><\/ul>\n\n\n\n<p><strong>Coordinaci\u00f3n acad\u00e9mica: <\/strong><\/p>\n\n\n\n<ul><li>Francisco Ollero Lobato (Universidad Pablo de Olavide)<\/li><li>Mar\u00eda de los \u00c1ngeles Fern\u00e1ndez Valle (Universidad Pablo de Olavide)<\/li><li>Rafael Rodr\u00edguez-Varo Roales (Universidad Pablo de Olavide)<\/li><\/ul>\n\n\n\n<p><strong>Para inscribirse env\u00eden&nbsp;los documentos a:&nbsp;<\/strong><a href=\"mailto:Emaferval@upo.es\">maferval@upo.es<\/a><\/p>\n\n\n\n<ul><li><a href=\"https:\/\/www.upo.es\/area-historia-arte\/wp-content\/uploads\/2019\/05\/Programa_Simposio_Internacional_de_Arte_y_Patrimonio_UPO_EEHA.pdf\">PROGRAMA<\/a><\/li><li><a href=\"https:\/\/www.upo.es\/area-historia-arte\/wp-content\/uploads\/2019\/05\/Cartel_Simposio_Internacional_de_Arte_y_Patrimonio_UPO_EEHA.pdf\">CARTEL<\/a><\/li><li><a href=\"https:\/\/www.upo.es\/area-historia-arte\/wp-content\/uploads\/2019\/05\/Formulario_de_inscripcion_simposio_UPO_EEHA.pdf\">FORMULARIO<\/a> <\/li><\/ul>\n","protected":false},"excerpt":{"rendered":"<p>Simposio Internacional de Arte y Patrimonio en Espa\u00f1a y Am\u00e9rica \u00abMemoria y Percepciones\u00bb Fecha y lugar: 15 de junio de[&#8230;]<\/p>\n","protected":false},"author":1,"featured_media":0,"parent":0,"menu_order":0,"comment_status":"closed","ping_status":"closed","template":"template-fullwidth.php","meta":[],"_links":{"self":[{"href":"https:\/\/www.upo.es\/area-historia-arte\/wp-json\/wp\/v2\/pages\/1248"}],"collection":[{"href":"https:\/\/www.upo.es\/area-historia-arte\/wp-json\/wp\/v2\/pages"}],"about":[{"href":"https:\/\/www.upo.es\/area-historia-arte\/wp-json\/wp\/v2\/types\/page"}],"author":[{"embeddable":true,"href":"https:\/\/www.upo.es\/area-historia-arte\/wp-json\/wp\/v2\/users\/1"}],"replies":[{"embeddable":true,"href":"https:\/\/www.upo.es\/area-historia-arte\/wp-json\/wp\/v2\/comments?post=1248"}],"version-history":[{"count":3,"href":"https:\/\/www.upo.es\/area-historia-arte\/wp-json\/wp\/v2\/pages\/1248\/revisions"}],"predecessor-version":[{"id":2223,"href":"https:\/\/www.upo.es\/area-historia-arte\/wp-json\/wp\/v2\/pages\/1248\/revisions\/2223"}],"wp:attachment":[{"href":"https:\/\/www.upo.es\/area-historia-arte\/wp-json\/wp\/v2\/media?parent=1248"}],"curies":[{"name":"wp","href":"https:\/\/api.w.org\/{rel}","templated":true}]}}