{"id":1390,"date":"2019-05-16T13:07:27","date_gmt":"2019-05-16T11:07:27","guid":{"rendered":"https:\/\/www.upo.es\/area-historia-arte\/?page_id=1390"},"modified":"2025-09-26T16:34:30","modified_gmt":"2025-09-26T14:34:30","slug":"tesis-doctorales-defendidas","status":"publish","type":"page","link":"https:\/\/www.upo.es\/area-historia-arte\/tesis-doctorales-defendidas\/","title":{"rendered":"Tesis doctorales"},"content":{"rendered":"\n<p><\/p>\n\n\n\n<h4>Tesis defendidas pertenecientes al Programa de Doctorado \u00ab<strong>Historia y Estudios Human\u00edsticos: Am\u00e9rica, Europa, Arte y Lenguas\u00bb<\/strong><\/h4>\n\n\n\n<p><strong>Nataly Andrea C\u00e1ceres Santacruz\u00a0<\/strong><\/p>\n\n\n\n<ul><li><em>Esculpiendo la naci\u00f3n. La conformaci\u00f3n de la escultura monumental p\u00fablica en el Ecuador de 1880 a 1935<\/em><\/li><li>Directores: Mar\u00eda de los \u00c1ngeles Fern\u00e1ndez Valle y William Rey Ashfield<\/li><li>Fecha: 13 de febrero de 2025<\/li><\/ul>\n\n\n\n<p><strong>Mar\u00eda Siquier Herrera<\/strong><\/p>\n\n\n\n<ul><li><em>Norma Bessouet: la artista enso\u00f1ada. J\u00f3venes calvas, animales diminutos, ni\u00f1as eternas e identidades pasajeras<\/em><\/li><li>Directora: Ana Aranda Bernal<\/li><li>Fecha: 2 de julio de 2024<\/li><\/ul>\n\n\n\n<p><strong>William El\u00edas Arciniegas Rodr\u00edguez<\/strong><\/p>\n\n\n\n<ul><li><em>Apropiaci\u00f3n Simb\u00f3lica. La creaci\u00f3n identitaria en el marco de la modernidad colonial.<\/em><\/li><li>Director: Fernando Quiles Garc\u00eda<\/li><li>Fecha: 8 de febrero de 2024<\/li><\/ul>\n\n\n\n<p><strong>Jorge Alberto Casas Ochoa<\/strong><\/p>\n\n\n\n<ul><li><em>Ingenuismo, en artistas boyacenses de finales del siglo XX.<\/em><\/li><li>Director: Fernando Quiles Garc\u00eda<\/li><li>Fecha: 6 de febrero de 2024<\/li><\/ul>\n\n\n\n<p><strong>Marcela Cristina Cu\u00e9llar S\u00e1nchez<\/strong><\/p>\n\n\n\n<ul><li><em>Reducto de San Fernando, La Salina y Reducto de San Carlos, Paya. Fuertes de Campa\u00f1a de Tierra Firme para la estrategia de pacificaci\u00f3n de la Nueva Granada.<\/em><\/li><li>Director: Fernando Quiles Garc\u00eda<\/li><li>Fecha: 14 de septiembre de 2023<\/li><\/ul>\n\n\n\n<p><strong>Victoria S\u00e1nchez Mellado<\/strong><\/p>\n\n\n\n<ul><li><em>Impresiones sobre el patrimonio hist\u00f3rico-art\u00edstico espa\u00f1ol en los libros de viajes (1901-1975).<\/em><\/li><li>Directora: Mar\u00eda del Valle G\u00f3mez de Terreros Guardiola<\/li><li>Fecha: 10 de febrero de 2023<\/li><\/ul>\n\n\n\n<p><strong>Damiano Tieri Marino<\/strong><\/p>\n\n\n\n<ul><li><em>La construcci\u00f3n de la naci\u00f3n a trav\u00e9s de la obra escult\u00f3rica de Jos\u00e9 Belloni en Montevideo<\/em>.<\/li><li>Director: William Rey Ahsfield. Tutor: Francisco Ollero Lobato<\/li><li>Fecha: 29 de septiembre de 2022<\/li><\/ul>\n\n\n\n<p><strong>Mar\u00eda Frick Campurro<\/strong><\/p>\n\n\n\n<ul><li><em>La pintura expresionista latinoamericana. Una aproximaci\u00f3n a sus or\u00edgenes, caracter\u00edsticas e identidad<\/em>.<\/li><li>Director: William Rey Ahsfield. Tutor: Francisco Ollero Lobato<\/li><li>Fecha: 14 de septiembre de 2022<\/li><\/ul>\n\n\n\n<p><strong>Ra\u00fal Zhingre Chamba<\/strong><\/p>\n\n\n\n<ul><li><em>El centro hist\u00f3rico de Quito y sus barrios perif\u00e9ricos: an\u00e1lisis hist\u00f3rico-social y gesti\u00f3n de su patrimonio cultural (1980-1990)<\/em>.<\/li><li>Director: Francisco Ollero Lobato<\/li><li>Fecha: 25 de julio de 2022<\/li><\/ul>\n\n\n\n<p><strong>Pablo Navarro Morcillo<\/strong><\/p>\n\n\n\n<ul><li><em>Sobre pintadas, <\/em>street art<em> y arte contempor\u00e1neo. Arraigo y desarrollo de la escena de grafiti en Sevilla (1985-2010)<\/em>.<\/li><li>Directora: Mar\u00eda del Valle G\u00f3mez de Terreros Guardiola<\/li><li>Fecha: 2 de junio de 2022<\/li><\/ul>\n\n\n\n<p><strong>Nelcy Echeverr\u00eda<\/strong><\/p>\n\n\n\n<ul><li><em>H\u00e1bitat popular y procesos de transformaci\u00f3n urbana. Retos y oportunidades en la vivienda popular y la vivienda de inter\u00e9s social. El caso de la localidad de Usme, Bogot\u00e1<\/em>.<\/li><li>Director: Francisco Ollero Lobato<\/li><li>Fecha: 26 de abril de 2021<\/li><\/ul>\n\n\n\n<p><strong>Mar\u00eda Isabel Serrano<\/strong><\/p>\n\n\n\n<ul><li><em>La influencia inglesa en Jerez de la Frontera: Urbanismo y Arquitectura (1850-1914)<\/em>.<\/li><li>Directora: Ana Aranda Bernal<\/li><li>Fecha: 26 de febrero de 2021<\/li><\/ul>\n\n\n\n<p><strong>Christian Javier Maldonado Badr\u00e1n<\/strong><\/p>\n\n\n\n<ul><li><em>Los sentidos del pasado: patrimonio e identidad cultural en Colombia, 1968 &#8211; 1997<\/em>.<\/li><li>Director: Fernando Quiles Garc\u00eda<\/li><li>Fecha: 2021<\/li><\/ul>\n\n\n\n<p><strong>Louise Noelle Gras<\/strong><\/p>\n\n\n\n<ul><li><em>Arquitectos mexicanos desconocidos del siglo XX. Obra y pensamiento<\/em>.<\/li><li>Directores: V\u00edctor P\u00e9rez Escolano y Ana Aranda Bernal<\/li><li>Fecha: 11 de noviembre de 2019<\/li><\/ul>\n\n\n\n<p><strong>Ana Laura Medina Manrique<\/strong><\/p>\n\n\n\n<ul><li><em>Las pinturas murales de las capillas otom\u00edes. Historia y cultura de San Miguel Tolim\u00e1n.<\/em><\/li><li>Directores: Francisco Ollero Lobato y David Charles Wright Carr<\/li><li>Fecha: 15 de julio de 2019<\/li><\/ul>\n\n\n\n<p><strong>Zara Ruiz Romero<\/strong><\/p>\n\n\n\n<ul><li><em>Arte prehisp\u00e1nico en disputa. Revalorizaci\u00f3n y protecci\u00f3n del legado peruano.<\/em><\/li><li>Directores: Arsenio Moreno Mendoza y Luis P\u00e9rez-Prat Durb\u00e1n<\/li><li>Fecha: 15 de marzo de 2019<\/li><\/ul>\n\n\n\n<p><strong>Carlos Enrique S\u00e1nchez S\u00e1nchez<\/strong><\/p>\n\n\n\n<ul><li><em>Las representaciones sociales en la regi\u00f3n andina colombiana. Entre las teatralidades, la fiesta, la religi\u00f3n y el culto.<\/em><\/li><li>Directores: Fernando Quiles Garc\u00eda y Juan M. Monterroso Montero<\/li><li>Fecha: 28 de septiembre de 2017<\/li><\/ul>\n\n\n\n<p><strong>Siervo de Jes\u00fas Hern\u00e1ndez<\/strong><\/p>\n\n\n\n<ul><li><em>Manifestaciones art\u00edsticas y culturales muiscas en la Universidad Pedag\u00f3gica y Tecnol\u00f3gica de Colombia.<\/em><\/li><li>Directores: Arsenio Moreno Mendoza y Fernando Quiles Garc\u00eda<\/li><li>Fecha: 28 de septiembre de 2017<\/li><\/ul>\n\n\n\n<p><strong>Esperanza Macarena Montes S\u00e1nchez<\/strong><\/p>\n\n\n\n<ul><li><em>\u00bfModernos sin Modernidad? La cultura visual en Cuenca (1890-1950).<\/em><\/li><li>Directora: Ana Mar\u00eda Aranda Bernal<\/li><li>Fecha: 11 de septiembre de 2017<\/li><\/ul>\n\n\n\n<p><strong>Juan Ram\u00f3n Rodr\u00edguez-Mateo<\/strong><\/p>\n\n\n\n<ul><li><em>Las traves\u00edas del desierto. 1982-2015, treinta a\u00f1os de evoluci\u00f3n profesional en diez artistas de la \u00abGeneraci\u00f3n sevillana de los a\u00f1os 80\u00bb.<\/em><\/li><li>Director: Fernando Quiles Garc\u00eda<\/li><li>Co-director: Iv\u00e1n de la Torre Amerighi<\/li><li>Fecha: 4 de septiembre de 2017<\/li><\/ul>\n\n\n\n<p><strong>Eunice Miranda Tapia<\/strong><\/p>\n\n\n\n<ul><li><em>La presencia de la familia en la fotograf\u00eda contempor\u00e1nea: de lo privado a lo p\u00fablico (1986-2016).<\/em><\/li><li>Directora: M\u00aa. del Valle G\u00f3mez de Terreros Guardiola&nbsp;<\/li><li>Co-directora: Rebeca Monroy Nasr<\/li><li>Fecha: 7 de septiembre de 2017<\/li><\/ul>\n\n\n\n<p><strong>Mar\u00eda F. Moral Jimeno<\/strong><\/p>\n\n\n\n<ul><li><em>Baeza y \u00dabeda, texto e imagen. Del documento a la construcci\u00f3n de una identidad.<\/em><\/li><li>Directores: Rodrigo Guti\u00e9rrez Vi\u00f1uales y Arsenio Moreno Mendoza<\/li><li>Fecha: 4 de marzo de 2016<\/li><\/ul>\n\n\n\n<p class=\"has-text-align-center\"><\/p>\n\n\n\n<h4>Tesis defendidas pertenecientes al Programa de Doctorado \u00ab<strong>Historia del Arte y Gesti\u00f3n Cultural en el Mundo Hisp\u00e1nico\u00bb<\/strong><\/h4>\n\n\n\n<p><strong>Carolina Gilabert S\u00e1nchez<\/strong><\/p>\n\n\n\n<ul><li><em>Lo hisp\u00e1nico en la cultura teatral l\u00edrica rioplantense (1898-1931).<\/em><\/li><li>Directores: Francisco Ollero Lobato y M\u00aa del Coral Morales Villar<\/li><li>Fecha: 28 de abril de 2017<\/li><\/ul>\n\n\n\n<p><strong>Carlos Alberto Inostroza Hern\u00e1ndez<\/strong><\/p>\n\n\n\n<ul><li><em>Schawager, ciudad de la Compa\u00f1\u00eda. Uno de los asentamientos cumbres del carb\u00f3n en Chile.<\/em><\/li><li>Director: Osvaldo C\u00e1ceres Gonz\u00e1lez<\/li><li>Tutora: Ana Mar\u00eda Aranda Bernal&nbsp;<\/li><li>Fecha: 29 de noviembre de 2016<\/li><\/ul>\n\n\n\n<p><strong>Alejandro H\u00e9ctor Novacovsky Guitler<\/strong><\/p>\n\n\n\n<ul><li><em>Patrimonio cultural y desarrollo local, una propuesta para el sudoeste de la provincia de Buenos Aires.<\/em><\/li><li>Directora: Graciela Mar\u00eda Vi\u00f1uales<\/li><li>Tutor: Francisco Ollero Lobato<\/li><li>Fecha: 9 de febrero de 2016<\/li><\/ul>\n\n\n\n<p><strong>Alejandra Ortiz Casta\u00f1ares<\/strong><\/p>\n\n\n\n<ul><li><em>Manuel Rodr\u00edguez Lozano (1891?-1971), pintor mexicano deuteragonista en la \u00e9poca de los grandes.<\/em><\/li><li>Director: Mario Sartor<\/li><li>Tutor: Francisco Ollero Lobato<\/li><li>Fecha: 8 de febrero de 2016<\/li><\/ul>\n\n\n\n<p><strong>Ana Mar\u00eda Apud Apud<\/strong><\/p>\n\n\n\n<ul><li><em>Sincretismo en la arquitectura moderna latinoamericana. Componentes isl\u00e1micos en la obra de tres arquitectos: Julio Vilamaj\u00f3, Luis Barrag\u00e1n y Rogelio Salmona.<\/em><\/li><li>Director: Antonio Orihuela Uzal<\/li><li>Tutora: Ana Mar\u00eda Aranda Bernal<\/li><li>Fecha: 4 de febrero de 2016<\/li><\/ul>\n\n\n\n<p><strong>Laura Gomez Zambrano<\/strong><\/p>\n\n\n\n<ul><li><em>El centro hist\u00f3rico de la ciudad de Pelotas. Evoluci\u00f3n urbana y gesti\u00f3n actual.<\/em><\/li><li>Directores: Sylvio Arnoldo Dick Jantzen y Francisco Ollero Lobato<\/li><li>Fecha: 1 de febrero de 2016<\/li><\/ul>\n\n\n\n<p><strong>Clara Mariana S\u00e1nchez S\u00e1nchez<\/strong><\/p>\n\n\n\n<ul><li><em>Construcci\u00f3n social del Patrimonio. Fotograf\u00eda y memoria en Cuenca &#8211; Ecuador, 1924-1999.<\/em><\/li><li>Directores: Francisco Ollero Lobato y Francisco J. Herrera Garc\u00eda<\/li><li>Fecha: 1 de febrero de 2016<\/li><\/ul>\n\n\n\n<p><strong>Didier Luis Calvar Agrelo<\/strong><\/p>\n\n\n\n<ul><li><em>Los movimientos art\u00edsticos en Uruguay (1955-1975): Desde la contraposici\u00f3n figuraci\u00f3n &#8211; asbtracci\u00f3n hasta la desmaterializaci\u00f3n del arte.<\/em><\/li><li>Director: Francisco Ollero Lobato<\/li><li>Co-director: William Rey Ashfield<\/li><li>Fecha: 26 de enero de 2016<\/li><\/ul>\n\n\n\n<p><strong>Suyin Chau Valenzuela<\/strong><\/p>\n\n\n\n<ul><li><em>Antofagasta, ciudad y arquitectura. Hacia una lectura patrimonial de la imagen urbana (1866-1930).<\/em><\/li><li>Director: Francisco Ollero Lobato<\/li><li>Co-directora: Mar\u00eda de los \u00c1ngeles Fern\u00e1ndez Valle<\/li><li>Fecha: 25 de enero de 2016<\/li><\/ul>\n\n\n\n<p><strong>Christian Le\u00f3n Gonz\u00e1lez<\/strong><\/p>\n\n\n\n<ul><li><em>Conquista y ruptura del espacio unificado. Liturgia y arte sagrado en la arquitectura catedralicia del g\u00f3tico cl\u00e1sico.<\/em><\/li><li>Director: Fernando Quiles<\/li><li>Fecha: 20 de enero de 2016<\/li><\/ul>\n\n\n\n<p><strong>Segundo Quirino Olivera N\u00fa\u00f1ez<\/strong><\/p>\n\n\n\n<ul><li><em>El patrimonio arqueol\u00f3gico y sus incidencias en la comunidad de Bagua, Amazonas &#8211; Per\u00fa.<\/em><\/li><li>Directora: Ana Mar\u00eda Aranda Bernal<\/li><li>Fecha: 19 de enero de 2016<\/li><\/ul>\n\n\n\n<p><strong>Daniel Juan Valencia Cruz<\/strong><\/p>\n\n\n\n<ul><li><em>El Cerrito, Quer\u00e9taro, M\u00e9xico. Patrimonio arqueol\u00f3gico como identidad cultural.<\/em><\/li><li>Director: Jaime Font Fransi<\/li><li>Tutor: Francisco Ollero Lobato<\/li><li>Fecha: 14 de diciembre de 2015<\/li><\/ul>\n\n\n\n<p><strong>Lyliam Teresa Alburquerque V\u00e1zquez<\/strong><\/p>\n\n\n\n<ul><li><em>Articuladores urbanos en el h\u00e1bitat porte\u00f1o. Buenos Aires (1880-1930).<\/em><\/li><li>Director: Eduardo Maestripiri<\/li><li>Tutora: Ana Mar\u00eda Aranda Bernal<\/li><li>Fecha: 13 de noviembre de 2015<\/li><\/ul>\n\n\n\n<p><strong>Gabriela Fernanda S\u00e1nchez<\/strong><\/p>\n\n\n\n<ul><li>Cuenca del salado, un espacio de frontera. Sociedad, hegemon\u00eda y territorio en el partido bonarense del general Guido (1750-1890).<\/li><li>Director: William Rey Ashfield<\/li><li>Tutor: Francisco Ollero Lobato<\/li><li>Fecha: 27 de junio de 2015<\/li><\/ul>\n\n\n\n<p><strong>Mar\u00eda del Carmen Naranjo Santana<\/strong><\/p>\n\n\n\n<ul><li><em>Sociedades culturales y cient\u00edficas del siglo XIX en Canarias. El Gabinete Lterario y el Museo Canario.<\/em><\/li><li>Directores: Francisco Ollero Lobato y Francisco J. Herrera Garc\u00eda<\/li><li>Fecha: 14 de julio de 2014<\/li><\/ul>\n\n\n\n<p><strong>Gonzalo Jes\u00fas R\u00edos Vizcarra<\/strong><\/p>\n\n\n\n<ul><li><em>El orden cr\u00edptico de las formaciones urbano-arquitect\u00f3nicas de crecimiento lento. Una aproximaci\u00f3n al monasterio de Santa Catalina de Sena de Arequipa desde la complejidad.<\/em><\/li><li>Directora: Graciela Mar\u00eda Vi\u00f1uales<\/li><li>Tutor: Fernando Quiles Garc\u00eda<\/li><li>Fecha: 18 de febrero de 2014<\/li><\/ul>\n\n\n\n<p><strong>\u00c2ngelo Carlos Silveira Braghirolli<\/strong><\/p>\n\n\n\n<ul><li><em>Una nueva utop\u00eda. Rescate del patrimonio industrial en el Sur de Brasil. El conjunto de la industria frigor\u00edfica Armour.<\/em><\/li><li>Directora: Briane Panitz Bicca<\/li><li>Tutor: Arsenio Moreno Mendoza<\/li><li>Fecha: 14 de febrero de 2014<\/li><\/ul>\n\n\n\n<p><strong>Miguel Garc\u00eda Jim\u00e9nez<\/strong><\/p>\n\n\n\n<ul><li><em>El deber de conservaci\u00f3n y rehabilitaci\u00f3n de los centros hist\u00f3ricos urbanos.<\/em><\/li><li>Director: Julio Castelao Rodr\u00edguez<\/li><li>Tutor: Francisco Ollero Lobato<\/li><li>Fecha: 5 de febrero de 2014<\/li><\/ul>\n\n\n\n<p><strong>Sandra Patricia Bautista Santos<\/strong><\/p>\n\n\n\n<ul><li><em>\u00a1Hey chicas! \u00bfD\u00f3nde est\u00e1n? Cuestiones de g\u00e9nero en el arte colombiano.<\/em><\/li><li>Directora: Ana Mar\u00eda Aranda Bernal<\/li><li>Fecha: 24 de enero de 2014<\/li><\/ul>\n\n\n\n<p><strong>Mar\u00eda P\u00eda Ben\u00edtez de Un\u00e1nue<\/strong><\/p>\n\n\n\n<ul><li><em>Valoraci\u00f3n de los monasterios mendicantes en la Puebla de los \u00c1ngeles, M\u00e9xico.<\/em><\/li><li>Directores: Ana Mar\u00eda Aranda Bernal y Jos\u00e9 Hern\u00e1ndez Palomo<\/li><li>Fecha: 15 de octubre de 2013<\/li><\/ul>\n\n\n\n<p><strong>Ana Isabel Lozano Ragout<\/strong><\/p>\n\n\n\n<ul><li><em>El proceso hist\u00f3rico de institucionalizaci\u00f3n de la protecci\u00f3n del patrimonio arquitect\u00f3nico de San Miguel de Tucum\u00e1n, siglo XX. Investigaci\u00f3n, valoraci\u00f3n y conservaci\u00f3n del Museo Folcl\u00f3rico Provincial \u00abGeneral Manuel Belgrano\u00bb.<\/em><\/li><li>Directoras: Gabriela Claudia Pastor y M\u00f3nica Rossana Ferrari<\/li><li>Tutor: Fernando Quiles Garc\u00eda<\/li><li>Fecha: 30 de abril de 2013<\/li><\/ul>\n\n\n\n<p><strong>Laura Liliana Vargas Murcia<\/strong><\/p>\n\n\n\n<ul><li><em>Estampas europeas en el nuevo reino de Granada (siglos XVI-XIX).<\/em><\/li><li>Directores: Fernando Quiles Garc\u00eda y Jos\u00e9 Hern\u00e1ndez Palomo<\/li><li>Fecha: 22 de abril de 2013<\/li><\/ul>\n\n\n\n<p><strong>Mar\u00eda de los \u00c1ngeles Fern\u00e1ndez Valle<\/strong><\/p>\n\n\n\n<ul><li><em>Viajes de ida y vuelta. Lo americano en la cultura visual andaluza de los siglos XVII y XVIII.<\/em><\/li><li>Directores: Fernando Quiles Garc\u00eda y William Rey Ashfield<\/li><li>Fecha: 29 de octubre de 2012<\/li><\/ul>\n\n\n\n<p><strong>Claudio Ostria<\/strong><\/p>\n\n\n\n<ul><li><em>Reconversi\u00f3n arquitect\u00f3nica como respuesta sustentable: la conservaci\u00f3n y gesti\u00f3n del patrimonio industrial en la regi\u00f3n de Antofagasta, Chile.<\/em><\/li><li>Directora: Graciela Vi\u00f1uales<\/li><li>Tutora: Ana Mar\u00eda Aranda Bernal<\/li><li>Fecha: 10 de abril de 2012<\/li><\/ul>\n\n\n\n<p><strong>Adriana Scaletti C\u00e1rdenas<\/strong><\/p>\n\n\n\n<ul><li><em>Miner\u00eda, riqueza y arquitectura en las casas de morada de Cajamarca (Per\u00fa) siglos XVII-XXI.<\/em><\/li><li>Directores: Francisco Ollero Lobato y Sandra Negro Tua<\/li><li>Fecha: 1 de marzo de 2012<\/li><\/ul>\n\n\n\n<p><strong>Manuel Ortega Navarro<\/strong><\/p>\n\n\n\n<ul><li><em>Las artes pl\u00e1sticas en Maracaibo en la segunda mitad del siglo XX.<\/em><\/li><li>Director: Rodrigo Guti\u00e9rrez Vi\u00f1uales<\/li><li>Tutor. Arsenio Moreno Mendoza<\/li><li>Fecha: 29 de febrero de 2012<\/li><\/ul>\n\n\n\n<p><strong>Mar\u00eda Cristina Dom\u00ednguez<\/strong><\/p>\n\n\n\n<ul><li><em>Las plazas del casco fundacional de la Plata&nbsp; (Argentina): modelo de valoraci\u00f3n y an\u00e1lisis patrimonial.<\/em><\/li><li>Directores: Elsa Laurelli y Francisco Ollero Lobato<\/li><li>Fecha: 28 de Octubre de 2010<\/li><\/ul>\n\n\n\n<p><strong>Pablo Mastropasqua<\/strong><\/p>\n\n\n\n<ul><li><em>Ciudad y utop\u00eda en la modernidad latinoamericana. R\u00edo de Janeiro y Buenos Aires como laboratorios urbanos.<\/em><\/li><li>Directores: Roberto Segre y Ana Mar\u00eda Aranda Bernal<\/li><li>Fecha: 17 de Marzo de 2010<\/li><\/ul>\n\n\n\n<p><strong>M\u00f3nica Ferrari<\/strong><\/p>\n\n\n\n<ul><li><em>El patrimonio ferroviario en el noroeste argentino. La l\u00ednea Jujuy &#8211; La Quiaca.<\/em><\/li><li>Directores: Olga Paterlini de Koch<\/li><li>Tutora: Ana Aranda Bernal<\/li><li>Fecha: 16 de Marzo de 2010<\/li><\/ul>\n\n\n\n<p><strong>Luiz Bolcato Custodio<\/strong><\/p>\n\n\n\n<ul><li><em>Ordenamientos urbanos y arquitect\u00f3nicos en el sistema reduccional jesu\u00edtico guaran\u00ed de La Paracuaria: entre su normativa y su realizaci\u00f3n.<\/em><\/li><li>Directores: Graciela Vi\u00f1uales y Francisco Ollero Lobato<\/li><li>Fecha: 26 de Febrero de 2010<\/li><\/ul>\n\n\n\n<p><strong>Carmen Alicia D\u00e1vila Mungu\u00eda<\/strong><\/p>\n\n\n\n<ul><li><em>La arquitectura religiosa del siglo XVII en Valladolid de Michoac\u00e1n.<\/em><\/li><li>Directores: Martha Fern\u00e1ndez y Fernando Quiles Garc\u00eda<\/li><li>Fecha: 23 de Noviembre de 2009<\/li><\/ul>\n\n\n\n<p><strong>Marcela Hurtado Sald\u00edas<\/strong><\/p>\n\n\n\n<ul><li><em>Pueblos andinos de Arica y Tarapac\u00e1. An\u00e1lisis arquitect\u00f3nico y urbano.<\/em><\/li><li>Director: Pablo Dia\u00f1ez Rubio<\/li><li>Tutora: Ana Mar\u00eda Aranda Bernal<\/li><li>Fecha: 13 de Febrero de 2009<\/li><\/ul>\n\n\n\n<p><strong>Eduardo Maestripieri<\/strong><\/p>\n\n\n\n<ul><li><em>Cultura urbana, paisaje y proyecto en la arquitectura moderna rioplatense (1924-1964).<\/em><\/li><li>Directores: Pablo Dia\u00f1ez Rubio y Francisco Ollero Lobato<\/li><li>Fecha: 28 de Marzo de 2008<\/li><\/ul>\n\n\n\n<p><strong>William Rey Ashfield<\/strong><\/p>\n\n\n\n<ul><li><em>Arquitectura Moderna en Montevideo (1920-1960).<\/em><\/li><li>Directores: Graciela Vi\u00f1uales y Francisco Ollero Lobato<\/li><li>Fecha: 27 de Marzo de 2008<\/li><\/ul>\n\n\n\n<p><strong>Henry Mazorra Acosta<\/strong><\/p>\n\n\n\n<ul><li><em>El neoclasicismo en la arquitectura de Puerto Pr\u00edncipe del siglo XIX.<\/em><\/li><li>Directores: Oscar Prieto Herrera y Francisco Ollero Lobato<\/li><li>Fecha: 7 de Marzo de 2008<\/li><\/ul>\n\n\n\n<p><strong>Adriana Collado de Arroyo<\/strong><\/p>\n\n\n\n<ul><li><em>Modernizaci\u00f3n urbana en ciudades provincianas de Argentina. Teor\u00edas, modelos y pr\u00e1cticas, 1887-1944.<\/em><\/li><li>Director: Juan Luis Pi\u00f1\u00f3n Pallar\u00e9s<\/li><li>Tutora: Ana Mar\u00eda Aranda Bernal<\/li><li>Fecha: 25 de Enero de 2008<\/li><\/ul>\n\n\n\n<p><strong>Rosario Cruz Garc\u00eda<\/strong><\/p>\n\n\n\n<ul><li><em>La pintura de Francisco Pacheco (1564-1644).<\/em><\/li><li>Director: Arsenio Moreno Mendoza<\/li><li>Fecha: 17 de Abril de 2007<\/li><\/ul>\n\n\n\n<p><strong>Concepci\u00f3n S\u00e1nchez P\u00e9rez<\/strong><\/p>\n\n\n\n<ul><li><em>Juan de J\u00e1uregui (1583-1641): teor\u00eda y praxis de las artes.<\/em><\/li><li>Director: Arsenio Moreno Mendoza<\/li><li>Fecha: 29 de Marzo de 2007<\/li><\/ul>\n\n\n\n<p><strong>Sandra Negro T\u00faa<\/strong><\/p>\n\n\n\n<ul><li><em>Historia, arquitectura y arte en las haciendas de la Compa\u00f1\u00eda de Jes\u00fas en el Virreinato del Per\u00fa.<\/em><\/li><li>Directora: Graciela Vi\u00f1uales<\/li><li>Tutora: Ana Mar\u00eda Aranda Bernal<\/li><li>Fecha: 21 de Febrero de 2007<\/li><\/ul>\n\n\n\n<p><strong>Jos\u00e9 Manuel Almansa Moreno<\/strong><\/p>\n\n\n\n<ul><li><em>Pintura mural en el Nuevo Reino de Granada.<\/em><\/li><li>Director: Arsenio Moreno Mendoza<\/li><li>Fecha: 9 de Junio de 2006<\/li><\/ul>\n\n\n\n<p><strong>Luis Mar\u00eda Calvo<\/strong><\/p>\n\n\n\n<ul><li><em>La vivienda en los procesos de construcci\u00f3n de la ciudad hispanoamericana colonial. El caso de Santa Fe (Argentina).<\/em><\/li><li>Directora: Graciela Vi\u00f1uales<\/li><li>Tutora: Ana Mar\u00eda Aranda Bernal<\/li><li>Fecha: 30 de Marzo de 2006<\/li><\/ul>\n\n\n\n<p><strong>Liliana Lolich Sadler<\/strong><\/p>\n\n\n\n<ul><li><em>La arquitectura de influencia europea en Patagonia.<\/em><\/li><li>Directores: Ana Mar\u00eda Aranda Bernal y Fernando Quiles Garc\u00eda<\/li><li>Fecha: 4 de Noviembre de 2005<\/li><\/ul>\n\n\n\n<p><strong>Roberto de Gregorio<\/strong><\/p>\n\n\n\n<ul><li><em>La casa criolla en la formaci\u00f3n de la ciudad de Rosario (1890-1920).<\/em><\/li><li>Director: Diego Lecuona<\/li><li>Tutora: Ana Mar\u00eda Aranda Bernal<\/li><li>Fecha: 25 de Noviembre de 2004<\/li><\/ul>\n","protected":false},"excerpt":{"rendered":"<p>Tesis defendidas pertenecientes al Programa de Doctorado \u00abHistoria y Estudios Human\u00edsticos: Am\u00e9rica, Europa, Arte y Lenguas\u00bb Nataly Andrea C\u00e1ceres Santacruz\u00a0[&#8230;]<\/p>\n","protected":false},"author":1,"featured_media":0,"parent":0,"menu_order":0,"comment_status":"closed","ping_status":"closed","template":"template-fullwidth.php","meta":[],"_links":{"self":[{"href":"https:\/\/www.upo.es\/area-historia-arte\/wp-json\/wp\/v2\/pages\/1390"}],"collection":[{"href":"https:\/\/www.upo.es\/area-historia-arte\/wp-json\/wp\/v2\/pages"}],"about":[{"href":"https:\/\/www.upo.es\/area-historia-arte\/wp-json\/wp\/v2\/types\/page"}],"author":[{"embeddable":true,"href":"https:\/\/www.upo.es\/area-historia-arte\/wp-json\/wp\/v2\/users\/1"}],"replies":[{"embeddable":true,"href":"https:\/\/www.upo.es\/area-historia-arte\/wp-json\/wp\/v2\/comments?post=1390"}],"version-history":[{"count":19,"href":"https:\/\/www.upo.es\/area-historia-arte\/wp-json\/wp\/v2\/pages\/1390\/revisions"}],"predecessor-version":[{"id":3421,"href":"https:\/\/www.upo.es\/area-historia-arte\/wp-json\/wp\/v2\/pages\/1390\/revisions\/3421"}],"wp:attachment":[{"href":"https:\/\/www.upo.es\/area-historia-arte\/wp-json\/wp\/v2\/media?parent=1390"}],"curies":[{"name":"wp","href":"https:\/\/api.w.org\/{rel}","templated":true}]}}