{"id":1560,"date":"2019-06-18T10:01:17","date_gmt":"2019-06-18T08:01:17","guid":{"rendered":"https:\/\/www.upo.es\/area-historia-arte\/?page_id=1560"},"modified":"2022-07-01T17:40:26","modified_gmt":"2022-07-01T15:40:26","slug":"atrio-revista-de-historia-del-arte","status":"publish","type":"page","link":"https:\/\/www.upo.es\/area-historia-arte\/atrio-revista-de-historia-del-arte\/","title":{"rendered":"Revista Atrio"},"content":{"rendered":"\n<div class=\"wp-block-image\"><figure class=\"aligncenter size-large is-resized\"><img loading=\"lazy\" src=\"https:\/\/www.upo.es\/area-historia-arte\/wp-content\/uploads\/2022\/07\/Portada_ATRIO_2021-768x1024.jpg\" alt=\"\" class=\"wp-image-2794\" width=\"327\" height=\"436\" srcset=\"https:\/\/www.upo.es\/area-historia-arte\/wp-content\/uploads\/2022\/07\/Portada_ATRIO_2021-768x1024.jpg 768w, https:\/\/www.upo.es\/area-historia-arte\/wp-content\/uploads\/2022\/07\/Portada_ATRIO_2021-225x300.jpg 225w, https:\/\/www.upo.es\/area-historia-arte\/wp-content\/uploads\/2022\/07\/Portada_ATRIO_2021-1152x1536.jpg 1152w, https:\/\/www.upo.es\/area-historia-arte\/wp-content\/uploads\/2022\/07\/Portada_ATRIO_2021.jpg 1334w\" sizes=\"(max-width: 327px) 100vw, 327px\" \/><figcaption><a href=\"https:\/\/www.upo.es\/revistas\/index.php\/atrio\/index\">Consulta aqu\u00ed el \u00faltimo n\u00famero (n.\u00ba 27 &#8211; 2021)<\/a><\/figcaption><\/figure><\/div>\n\n\n\n<p><em>Atrio<\/em>, revista del \u00c1rea de Historia del Arte de la Universidad Pablo de Olavide, es una publicaci\u00f3n cient\u00edfica de periodicidad anual y sometida al sistema de revisi\u00f3n por pares ciegos. Fue fundada en 1988 con el objetivo de publicar estudios originales e in\u00e9ditos sobre Patrimonio Cultural e Historia del Arte, con an\u00e1lisis hist\u00f3ricos, cr\u00edticos, est\u00e9ticos, etc., en cualquier \u00e1mbito y \u00e9poca, tanto en Espa\u00f1a como en Iberoam\u00e9rica. Est\u00e1 orientada a la comunidad de investigadores\/as, docentes y estudiosos\/as de estas disciplinas. Se publica en formato electr\u00f3nico y facilita el acceso a su contenido bajo la licencia <a rel=\"noreferrer noopener\" href=\"https:\/\/creativecommons.org\/licenses\/by-nc-sa\/4.0\/\" target=\"_blank\">Creative Commons Attribution-NonCommercial-ShareAlike 4.0 International License<\/a>.<\/p>\n\n\n\n<h5 class=\"has-text-align-center\"><a href=\"https:\/\/www.upo.es\/revistas\/index.php\/atrio\">Web oficial de Atrio. Revista de Historia del Arte<\/a><\/h5>\n","protected":false},"excerpt":{"rendered":"<p>Atrio, revista del \u00c1rea de Historia del Arte de la Universidad Pablo de Olavide, es una publicaci\u00f3n cient\u00edfica de periodicidad[&#8230;]<\/p>\n","protected":false},"author":1,"featured_media":0,"parent":0,"menu_order":0,"comment_status":"closed","ping_status":"closed","template":"template-fullwidth.php","meta":[],"_links":{"self":[{"href":"https:\/\/www.upo.es\/area-historia-arte\/wp-json\/wp\/v2\/pages\/1560"}],"collection":[{"href":"https:\/\/www.upo.es\/area-historia-arte\/wp-json\/wp\/v2\/pages"}],"about":[{"href":"https:\/\/www.upo.es\/area-historia-arte\/wp-json\/wp\/v2\/types\/page"}],"author":[{"embeddable":true,"href":"https:\/\/www.upo.es\/area-historia-arte\/wp-json\/wp\/v2\/users\/1"}],"replies":[{"embeddable":true,"href":"https:\/\/www.upo.es\/area-historia-arte\/wp-json\/wp\/v2\/comments?post=1560"}],"version-history":[{"count":11,"href":"https:\/\/www.upo.es\/area-historia-arte\/wp-json\/wp\/v2\/pages\/1560\/revisions"}],"predecessor-version":[{"id":2797,"href":"https:\/\/www.upo.es\/area-historia-arte\/wp-json\/wp\/v2\/pages\/1560\/revisions\/2797"}],"wp:attachment":[{"href":"https:\/\/www.upo.es\/area-historia-arte\/wp-json\/wp\/v2\/media?parent=1560"}],"curies":[{"name":"wp","href":"https:\/\/api.w.org\/{rel}","templated":true}]}}