{"id":1780,"date":"2019-06-26T12:44:25","date_gmt":"2019-06-26T10:44:25","guid":{"rendered":"https:\/\/www.upo.es\/area-historia-arte\/?page_id=1780"},"modified":"2019-07-17T20:29:16","modified_gmt":"2019-07-17T18:29:16","slug":"ii-jornadas-de-historia-y-arte-fuentes-y-metodologias-para-la-investigacion","status":"publish","type":"page","link":"https:\/\/www.upo.es\/area-historia-arte\/ii-jornadas-de-historia-y-arte-fuentes-y-metodologias-para-la-investigacion\/","title":{"rendered":"II Jornadas de \u00abHistoria y Arte: fuentes y metodolog\u00edas para la investigaci\u00f3n\u00bb"},"content":{"rendered":"\n<p><\/p>\n\n\n\n<div class=\"wp-block-image\"><figure class=\"aligncenter\"><img loading=\"lazy\" width=\"387\" height=\"373\" src=\"https:\/\/www.upo.es\/area-historia-arte\/wp-content\/uploads\/2019\/07\/II_Jornadas_de_Historia_y_Arte_fuentes_y_metodologias_para_la_investigacion.jpg\" alt=\"\" class=\"wp-image-2136\" srcset=\"https:\/\/www.upo.es\/area-historia-arte\/wp-content\/uploads\/2019\/07\/II_Jornadas_de_Historia_y_Arte_fuentes_y_metodologias_para_la_investigacion.jpg 387w, https:\/\/www.upo.es\/area-historia-arte\/wp-content\/uploads\/2019\/07\/II_Jornadas_de_Historia_y_Arte_fuentes_y_metodologias_para_la_investigacion-300x289.jpg 300w\" sizes=\"(max-width: 387px) 100vw, 387px\" \/><\/figure><\/div>\n\n\n\n<p style=\"text-align:center\">II Jornadas de \u00abHistoria y Arte: fuentes y metodolog\u00edas para la investigaci\u00f3n\u00bb<\/p>\n\n\n\n<p style=\"text-align:center\"><strong>Fecha y lugar<\/strong>: 20 y 27 de enero &#8211; 3 y 10 de febrero de 2012 &#8211; Escuela de Estudios Hispanoamericanos (CSIC), Sevilla<\/p>\n\n\n\n<p style=\"text-align:center\"><strong>Fecha y lugar<\/strong>: 20, 23, 26 y 27 de abril de 2012 Universidad de Granada, Facultad de Filosof\u00eda y Letras, Aula 42<\/p>\n\n\n\n<p>Las&nbsp;II Jornadas de Historia y Arte: fuentes y metodolog\u00edas para la investigaci\u00f3n(curso 2011-2012) pretenden constituir un foro de debate abierto entre las dos Universidades participantes, la de Granada y la Pablo de Olavide de Sevilla, y la Escuela de Estudios Hispano-Americanos (CSIC), dirigido especialmente a los alumnos y estudiantes de postgrado.<\/p>\n\n\n\n<p><strong>Universidad Pablo de Olavide:<\/strong><\/p>\n\n\n\n<p>&#8211; M\u00e1ster en Europa, el Mediterr\u00e1neo y su Difusi\u00f3n Atl\u00e1ntica. M\u00e9todos y Teor\u00edas para la Investigaci\u00f3n Hist\u00f3rica. \u00c1rea de Historia Moderna.<br>&#8211; M\u00e1ster en Arte, Museos y Gesti\u00f3n del Patrimonio Hist\u00f3rico. \u00c1rea de Historia del Arte.<br>&#8211; Universidad Pablo de Olavide y Escuela de Estudios Hispano-Americanos, Sevilla. Unidad asociada.<\/p>\n\n\n\n<p><strong>Vinculado a la Universidad de Granada:<\/strong><\/p>\n\n\n\n<p>&#8211; M\u00e1ster de Historia Moderna: La Monarqu\u00eda cat\u00f3lica: el Siglo de Oro espa\u00f1ol y la Europa barroca. Departamento de Historia Moderna y Am\u00e9rica.<\/p>\n\n\n\n<p>&#8211; M\u00e1ster de Historia del Arte: Conocimiento y Tutela del Patrimonio Hist\u00f3rico. Departamento de Historia del Arte.<\/p>\n\n\n\n<p><strong>Coordinaci\u00f3n acad\u00e9mica: <\/strong><\/p>\n\n\n\n<ul><li>Mar\u00eda F. Moral (Universidad Pablo de Olavide)<\/li><\/ul>\n\n\n\n<ul><li>Jos\u00e9 Policarpo Cruz (Universidad de Granada)&nbsp; <\/li><\/ul>\n\n\n\n<p><a href=\"https:\/\/www.upo.es\/area-historia-arte\/wp-content\/uploads\/2019\/06\/II_Jornadas_Historia__y__Arte_fuentes__y_metodologias.pdf\">PROGRAMA<\/a><\/p>\n","protected":false},"excerpt":{"rendered":"<p>II Jornadas de \u00abHistoria y Arte: fuentes y metodolog\u00edas para la investigaci\u00f3n\u00bb Fecha y lugar: 20 y 27 de enero[&#8230;]<\/p>\n","protected":false},"author":1,"featured_media":0,"parent":0,"menu_order":0,"comment_status":"closed","ping_status":"closed","template":"template-fullwidth.php","meta":[],"_links":{"self":[{"href":"https:\/\/www.upo.es\/area-historia-arte\/wp-json\/wp\/v2\/pages\/1780"}],"collection":[{"href":"https:\/\/www.upo.es\/area-historia-arte\/wp-json\/wp\/v2\/pages"}],"about":[{"href":"https:\/\/www.upo.es\/area-historia-arte\/wp-json\/wp\/v2\/types\/page"}],"author":[{"embeddable":true,"href":"https:\/\/www.upo.es\/area-historia-arte\/wp-json\/wp\/v2\/users\/1"}],"replies":[{"embeddable":true,"href":"https:\/\/www.upo.es\/area-historia-arte\/wp-json\/wp\/v2\/comments?post=1780"}],"version-history":[{"count":5,"href":"https:\/\/www.upo.es\/area-historia-arte\/wp-json\/wp\/v2\/pages\/1780\/revisions"}],"predecessor-version":[{"id":2138,"href":"https:\/\/www.upo.es\/area-historia-arte\/wp-json\/wp\/v2\/pages\/1780\/revisions\/2138"}],"wp:attachment":[{"href":"https:\/\/www.upo.es\/area-historia-arte\/wp-json\/wp\/v2\/media?parent=1780"}],"curies":[{"name":"wp","href":"https:\/\/api.w.org\/{rel}","templated":true}]}}