{"id":1801,"date":"2019-06-26T13:04:22","date_gmt":"2019-06-26T11:04:22","guid":{"rendered":"https:\/\/www.upo.es\/area-historia-arte\/?page_id=1801"},"modified":"2019-07-19T09:44:34","modified_gmt":"2019-07-19T07:44:34","slug":"seminario-iberoamerica-arte-y-ciudad","status":"publish","type":"page","link":"https:\/\/www.upo.es\/area-historia-arte\/seminario-iberoamerica-arte-y-ciudad\/","title":{"rendered":"Seminario \u00abIberoam\u00e9rica: arte y ciudad\u00bb"},"content":{"rendered":"\n<p><\/p>\n\n\n\n<div class=\"wp-block-image\"><figure class=\"aligncenter is-resized\"><img loading=\"lazy\" src=\"https:\/\/www.upo.es\/area-historia-arte\/wp-content\/uploads\/2019\/07\/I_Seminario_Iberoamerica_arte_ciudad_UPO_EEHA_2012.jpg\" alt=\"\" class=\"wp-image-2139\" width=\"431\" height=\"424\" srcset=\"https:\/\/www.upo.es\/area-historia-arte\/wp-content\/uploads\/2019\/07\/I_Seminario_Iberoamerica_arte_ciudad_UPO_EEHA_2012.jpg 470w, https:\/\/www.upo.es\/area-historia-arte\/wp-content\/uploads\/2019\/07\/I_Seminario_Iberoamerica_arte_ciudad_UPO_EEHA_2012-300x295.jpg 300w\" sizes=\"(max-width: 431px) 100vw, 431px\" \/><\/figure><\/div>\n\n\n\n<p style=\"text-align:center\">Seminario \u00abIberoam\u00e9rica: arte y ciudad\u00bb<\/p>\n\n\n\n<p style=\"text-align:center\"><strong>Fecha<\/strong>: 12, 25, 26, 30 y 31 de enero y 1, 2 y 3 de febrero de 2012<\/p>\n\n\n\n<p style=\"text-align:center\"><strong>Lugar<\/strong>: Escuela de Estudios Hispanoamericanos (CSIC), Sevilla<br><\/p>\n\n\n\n<p><strong>Organizan: <\/strong><\/p>\n\n\n\n<ul><li>M\u00e1ster oficial de Arte, Museos y Gesti\u00f3n del Patrimonio Hist\u00f3rico. <\/li><li>\u00c1rea de Historia del Arte, Universidad Pablo de Olavide, Sevilla. <\/li><li>Escuela de Estudios Hispano &#8211; Americanos (CSIC), Sevilla.<\/li><li>Unidad Asociada UPO-EEHA, Sevilla.<\/li><\/ul>\n\n\n\n<p><strong>Colaboran: <\/strong><\/p>\n\n\n\n<ul><li>Visibilia. Red de Patrimonio Art\u00edstico de Andaluc\u00eda. Proyecto Motriz de Excelencia de la Junta de Andaluc\u00eda [P09-HUM-4523].<\/li><li>Red de Arquitectura Vern\u00e1cula Iberoamericana (Red-Avi). Proyecto de la Agencia Espa\u00f1ola de Cooperaci\u00f3n Internacional para el Desarrollo [A3\/041329\/11].<\/li><li>Museo Torres Garc\u00eda. Montevideo, Uruguay.<\/li><\/ul>\n\n\n\n<p><strong>Coordinaci\u00f3n acad\u00e9mica: <\/strong><\/p>\n\n\n\n<ul><li>Ana Mar\u00eda Aranda Bernal (Universidad Pablo de Olavide)<\/li><li>Mar\u00eda de los \u00c1ngeles Fern\u00e1ndez Valle (Universidad Pablo de Olavide)<\/li><\/ul>\n\n\n\n<p><a href=\"https:\/\/www.upo.es\/area-historia-arte\/wp-content\/uploads\/2019\/06\/Seminario_Iberoamerica_arte_ciudad_UPO_EEHA_2012.pdf\">PROGRAMA<\/a><\/p>\n","protected":false},"excerpt":{"rendered":"<p>Seminario \u00abIberoam\u00e9rica: arte y ciudad\u00bb Fecha: 12, 25, 26, 30 y 31 de enero y 1, 2 y 3 de[&#8230;]<\/p>\n","protected":false},"author":1,"featured_media":0,"parent":0,"menu_order":0,"comment_status":"closed","ping_status":"closed","template":"template-fullwidth.php","meta":[],"_links":{"self":[{"href":"https:\/\/www.upo.es\/area-historia-arte\/wp-json\/wp\/v2\/pages\/1801"}],"collection":[{"href":"https:\/\/www.upo.es\/area-historia-arte\/wp-json\/wp\/v2\/pages"}],"about":[{"href":"https:\/\/www.upo.es\/area-historia-arte\/wp-json\/wp\/v2\/types\/page"}],"author":[{"embeddable":true,"href":"https:\/\/www.upo.es\/area-historia-arte\/wp-json\/wp\/v2\/users\/1"}],"replies":[{"embeddable":true,"href":"https:\/\/www.upo.es\/area-historia-arte\/wp-json\/wp\/v2\/comments?post=1801"}],"version-history":[{"count":5,"href":"https:\/\/www.upo.es\/area-historia-arte\/wp-json\/wp\/v2\/pages\/1801\/revisions"}],"predecessor-version":[{"id":2212,"href":"https:\/\/www.upo.es\/area-historia-arte\/wp-json\/wp\/v2\/pages\/1801\/revisions\/2212"}],"wp:attachment":[{"href":"https:\/\/www.upo.es\/area-historia-arte\/wp-json\/wp\/v2\/media?parent=1801"}],"curies":[{"name":"wp","href":"https:\/\/api.w.org\/{rel}","templated":true}]}}