{"id":1812,"date":"2019-06-26T13:17:11","date_gmt":"2019-06-26T11:17:11","guid":{"rendered":"https:\/\/www.upo.es\/area-historia-arte\/?page_id=1812"},"modified":"2019-07-17T20:42:39","modified_gmt":"2019-07-17T18:42:39","slug":"seminario-de-gestion-y-difusion-del-patrimonio-cultural-local","status":"publish","type":"page","link":"https:\/\/www.upo.es\/area-historia-arte\/seminario-de-gestion-y-difusion-del-patrimonio-cultural-local\/","title":{"rendered":"Seminario de \u00abGesti\u00f3n y difusi\u00f3n del Patrimonio Cultural Local\u00bb"},"content":{"rendered":"\n<p><\/p>\n\n\n\n<div class=\"wp-block-image\"><figure class=\"aligncenter is-resized\"><img loading=\"lazy\" src=\"https:\/\/www.upo.es\/area-historia-arte\/wp-content\/uploads\/2019\/07\/Captura-de-pantalla-2019-07-17-a-las-20.40.47.png\" alt=\"\" class=\"wp-image-2150\" width=\"627\" height=\"467\" srcset=\"https:\/\/www.upo.es\/area-historia-arte\/wp-content\/uploads\/2019\/07\/Captura-de-pantalla-2019-07-17-a-las-20.40.47.png 675w, https:\/\/www.upo.es\/area-historia-arte\/wp-content\/uploads\/2019\/07\/Captura-de-pantalla-2019-07-17-a-las-20.40.47-300x224.png 300w\" sizes=\"(max-width: 627px) 100vw, 627px\" \/><\/figure><\/div>\n\n\n\n<p style=\"text-align:center\">Seminario de \u00abGesti\u00f3n y difusi\u00f3n del Patrimonio Cultural Local\u00bb<\/p>\n\n\n\n<p style=\"text-align:center\"><strong>Fecha<\/strong>: 17 y 24 de enero &#8211; 3 y 10 de febrero de 2011 <\/p>\n\n\n\n<p style=\"text-align:center\"><strong>Lugar<\/strong>: Casa de la Provincia, Sevilla<br><\/p>\n\n\n\n<p>El M\u00e1ster de Arte, Museos y Gesti\u00f3n del Patrimonio Hist\u00f3rico (UPO), en colaboraci\u00f3n con la Diputaci\u00f3n Provincial de Sevilla, ha organizado este Seminario para transferir el conocimiento de los profesionales en la Difusi\u00f3n y Gesti\u00f3n del Patrimonio Cultural Local. Un encuentro especialmente dirigido a los alumnos del M\u00e1ster, a los t\u00e9cnicos municipales de la provincia y a cuantos estudiantes universitarios puedan estar interesados en conocer esas experiencias.<\/p>\n\n\n\n<p>La entrada es libre hasta &nbsp;completar el aforo de la sala. Y s\u00f3lo ser\u00e1 preciso enviar la siguiente informaci\u00f3n: datos personales (nombre y domicilio) y laborales (estudios o profesi\u00f3n y lugar de trabajo), a visibilia@upo.es.<\/p>\n\n\n\n<p><strong>Coordinaci\u00f3n acad\u00e9mica: <\/strong>Fernando Quiles Garc\u00eda (Universidad Pablo de Olavide) y Francisco Mantec\u00f3n Campos (Ayto. de Alcal\u00e1 de Guadaira)<\/p>\n\n\n\n<p><strong>Organiza: <\/strong><\/p>\n\n\n\n<ul><li>M\u00e1ster de Arte, Museos y Gesti\u00f3n del Patrimonio Hist\u00f3rico (UPO)<\/li><li>Casa de la Provincia. Diputaci\u00f3n de Sevilla<\/li><\/ul>\n\n\n\n<p><strong>Colabora: <\/strong><\/p>\n\n\n\n<ul><li>Visibilia. Red de Patrimonio Art\u00edstico Andaluz. Proyecto Motriz de Excelencia de la Junta de Andaluc\u00eda &nbsp;&nbsp; <\/li><\/ul>\n\n\n\n<p><a href=\"https:\/\/www.upo.es\/area-historia-arte\/wp-content\/uploads\/2019\/06\/I_Seminario_de_Gestion_y_Difusion_del_Patrimonio_Cultural_UPO.pdf\">PROGRAMA<\/a><\/p>\n","protected":false},"excerpt":{"rendered":"<p>Seminario de \u00abGesti\u00f3n y difusi\u00f3n del Patrimonio Cultural Local\u00bb Fecha: 17 y 24 de enero &#8211; 3 y 10 de[&#8230;]<\/p>\n","protected":false},"author":1,"featured_media":0,"parent":0,"menu_order":0,"comment_status":"closed","ping_status":"closed","template":"template-fullwidth.php","meta":[],"_links":{"self":[{"href":"https:\/\/www.upo.es\/area-historia-arte\/wp-json\/wp\/v2\/pages\/1812"}],"collection":[{"href":"https:\/\/www.upo.es\/area-historia-arte\/wp-json\/wp\/v2\/pages"}],"about":[{"href":"https:\/\/www.upo.es\/area-historia-arte\/wp-json\/wp\/v2\/types\/page"}],"author":[{"embeddable":true,"href":"https:\/\/www.upo.es\/area-historia-arte\/wp-json\/wp\/v2\/users\/1"}],"replies":[{"embeddable":true,"href":"https:\/\/www.upo.es\/area-historia-arte\/wp-json\/wp\/v2\/comments?post=1812"}],"version-history":[{"count":7,"href":"https:\/\/www.upo.es\/area-historia-arte\/wp-json\/wp\/v2\/pages\/1812\/revisions"}],"predecessor-version":[{"id":2154,"href":"https:\/\/www.upo.es\/area-historia-arte\/wp-json\/wp\/v2\/pages\/1812\/revisions\/2154"}],"wp:attachment":[{"href":"https:\/\/www.upo.es\/area-historia-arte\/wp-json\/wp\/v2\/media?parent=1812"}],"curies":[{"name":"wp","href":"https:\/\/api.w.org\/{rel}","templated":true}]}}