{"id":1833,"date":"2019-06-26T13:49:15","date_gmt":"2019-06-26T11:49:15","guid":{"rendered":"https:\/\/www.upo.es\/area-historia-arte\/?page_id=1833"},"modified":"2019-07-16T12:47:58","modified_gmt":"2019-07-16T10:47:58","slug":"x-jornadas-de-patrimonio-historico-y-cultural-de-la-provincia-de-sevilla","status":"publish","type":"page","link":"https:\/\/www.upo.es\/area-historia-arte\/x-jornadas-de-patrimonio-historico-y-cultural-de-la-provincia-de-sevilla\/","title":{"rendered":"X Jornadas de Patrimonio Hist\u00f3rico y Cultural de la provincia de Sevilla"},"content":{"rendered":"\n<p style=\"text-align:center\"><\/p>\n\n\n\n<div class=\"wp-block-image\"><figure class=\"aligncenter is-resized\"><img loading=\"lazy\" src=\"https:\/\/www.upo.es\/area-historia-arte\/wp-content\/uploads\/2019\/06\/image.png\" alt=\"\" class=\"wp-image-1834\" width=\"626\" height=\"297\" srcset=\"https:\/\/www.upo.es\/area-historia-arte\/wp-content\/uploads\/2019\/06\/image.png 929w, https:\/\/www.upo.es\/area-historia-arte\/wp-content\/uploads\/2019\/06\/image-300x142.png 300w, https:\/\/www.upo.es\/area-historia-arte\/wp-content\/uploads\/2019\/06\/image-768x365.png 768w\" sizes=\"(max-width: 626px) 100vw, 626px\" \/><\/figure><\/div>\n\n\n\n<p style=\"text-align:center\">X Jornadas de \u00abPatrimonio Hist\u00f3rico y Cultural de la provincia de Sevilla\u00bb<\/p>\n\n\n\n<p style=\"text-align:center\"><strong>Fecha<\/strong>: 26 y 27 de noviembre de 2015\u00a0 <\/p>\n\n\n\n<p style=\"text-align:center\"><strong>Lugar<\/strong>: Casa de la Provincia, Sevilla<\/p>\n\n\n\n<p>Alcanzamos en el a\u00f1o 2015 diez ediciones de las Jornadas de Patrimonio Hist\u00f3rico y Cultural de la provincia de Sevilla, una actividad que tuvo sus comienzos en el mes de noviembre de 2004 como Jornadas de Historia y Patrimonio, t\u00edtulo que se mantuvo hasta la segunda edici\u00f3n para pasar a la denominaci\u00f3n actual a partir de la tercera convocatoria. A lo largo de estos a\u00f1os han sido variados y diversos los temas tratados: gesti\u00f3n y conservaci\u00f3n del patrimonio local; museolog\u00eda en la provincia de Sevilla; did\u00e1ctica del patrimonio; el paisaje local como patrimonio; los retos y oportunidades del patrimonio industrial; toponimia y hablas locales; arquitectura vern\u00e1cula o itinerarios y rutas culturales. En esta d\u00e9cima edici\u00f3n, en la que, una vez m\u00e1s, contamos con la colaboraci\u00f3n del \u00c1rea de Historia del Arte del Departamento de Geograf\u00eda, Historia y Filosof\u00eda de la Universidad Pablo de Olavide, nos centramos en los perfiles y evoluci\u00f3n de distintos profesionales relacionados con la investigaci\u00f3n del patrimonio cultural, desde el historiador local, pasando por los relacionados con la arqueolog\u00eda, el archivo, la antropolog\u00eda o el museo, a la gesti\u00f3n cultural, adem\u00e1s de presentar el trabajo que se est\u00e1 llevando a cabo desde el departamento de historia del arte de la Universidad Pablo de Olavide sobre un diccionario de investigadores del patrimonio en la provincia de Sevilla. Para ello, participar\u00e1n profesores universitarios y profesionales de las distintas materias, a los que queremos agradecer la excelente predisposici\u00f3n mostrada para formar parte del programa de estas jornadas.<br>Como viene siendo habitual, se entregar\u00e1n actas de las IX Jornadas, celebradas en diciembre del pasado a\u00f1o, y que recogen interesantes ponencias sobre itinerarios y rutas culturales. El objetivo de los organizadores de estas jornadas es que sean muchos los asistentes que nos acompa\u00f1en en esta nueva convocatoria, lo que, sin duda, ser\u00e1 la mejor muestra del \u00e9xito de las mismas.<br><\/p>\n\n\n\n<p><strong>Coordinaci\u00f3n de las jornadas:<\/strong><\/p>\n\n\n\n<ul><li>Francisco Mantec\u00f3n Campos (Ayuntamiento de Alcal\u00e1 de Guadaira)<\/li><li>Fernando Quiles Garc\u00eda (Universidad Pablo de Olavide)<\/li><li>Jos\u00e9 Reina Mac\u00edas (Casa de la Provincia)<\/li><\/ul>\n\n\n\n<p><strong>Inscripci\u00f3n:<\/strong><br>josereinamacias@dipusevilla.es<\/p>\n\n\n\n<p><a href=\"https:\/\/www.upo.es\/area-historia-arte\/wp-content\/uploads\/2019\/06\/X_Jornadas_de_Patrimonio_Historico_y_Cultural_en_la_provincia_de_Sevilla_2015.pdf\">PROGRAMA<\/a><\/p>\n","protected":false},"excerpt":{"rendered":"<p>X Jornadas de \u00abPatrimonio Hist\u00f3rico y Cultural de la provincia de Sevilla\u00bb Fecha: 26 y 27 de noviembre de 2015\u00a0[&#8230;]<\/p>\n","protected":false},"author":1,"featured_media":0,"parent":0,"menu_order":0,"comment_status":"closed","ping_status":"closed","template":"template-fullwidth.php","meta":[],"_links":{"self":[{"href":"https:\/\/www.upo.es\/area-historia-arte\/wp-json\/wp\/v2\/pages\/1833"}],"collection":[{"href":"https:\/\/www.upo.es\/area-historia-arte\/wp-json\/wp\/v2\/pages"}],"about":[{"href":"https:\/\/www.upo.es\/area-historia-arte\/wp-json\/wp\/v2\/types\/page"}],"author":[{"embeddable":true,"href":"https:\/\/www.upo.es\/area-historia-arte\/wp-json\/wp\/v2\/users\/1"}],"replies":[{"embeddable":true,"href":"https:\/\/www.upo.es\/area-historia-arte\/wp-json\/wp\/v2\/comments?post=1833"}],"version-history":[{"count":2,"href":"https:\/\/www.upo.es\/area-historia-arte\/wp-json\/wp\/v2\/pages\/1833\/revisions"}],"predecessor-version":[{"id":2012,"href":"https:\/\/www.upo.es\/area-historia-arte\/wp-json\/wp\/v2\/pages\/1833\/revisions\/2012"}],"wp:attachment":[{"href":"https:\/\/www.upo.es\/area-historia-arte\/wp-json\/wp\/v2\/media?parent=1833"}],"curies":[{"name":"wp","href":"https:\/\/api.w.org\/{rel}","templated":true}]}}