{"id":1842,"date":"2019-06-26T14:00:45","date_gmt":"2019-06-26T12:00:45","guid":{"rendered":"https:\/\/www.upo.es\/area-historia-arte\/?page_id=1842"},"modified":"2019-07-17T20:22:31","modified_gmt":"2019-07-17T18:22:31","slug":"iii-jornadas-de-historia-y-arte-fuentes-y-metodologias-de-investigacion","status":"publish","type":"page","link":"https:\/\/www.upo.es\/area-historia-arte\/iii-jornadas-de-historia-y-arte-fuentes-y-metodologias-de-investigacion\/","title":{"rendered":"III Jornadas de Historia y Arte: fuentes y metodolog\u00edas de investigaci\u00f3n"},"content":{"rendered":"\n<p><\/p>\n\n\n\n<figure class=\"wp-block-image\"><img loading=\"lazy\" width=\"770\" height=\"371\" src=\"https:\/\/www.upo.es\/area-historia-arte\/wp-content\/uploads\/2019\/07\/III_Jornadas_Historia_y_Arte_fuentes_y_metodologias_para_la_investigacion_CSIC_UPO_Granada_2012.jpg\" alt=\"\" class=\"wp-image-2126\" srcset=\"https:\/\/www.upo.es\/area-historia-arte\/wp-content\/uploads\/2019\/07\/III_Jornadas_Historia_y_Arte_fuentes_y_metodologias_para_la_investigacion_CSIC_UPO_Granada_2012.jpg 770w, https:\/\/www.upo.es\/area-historia-arte\/wp-content\/uploads\/2019\/07\/III_Jornadas_Historia_y_Arte_fuentes_y_metodologias_para_la_investigacion_CSIC_UPO_Granada_2012-300x145.jpg 300w, https:\/\/www.upo.es\/area-historia-arte\/wp-content\/uploads\/2019\/07\/III_Jornadas_Historia_y_Arte_fuentes_y_metodologias_para_la_investigacion_CSIC_UPO_Granada_2012-768x370.jpg 768w\" sizes=\"(max-width: 770px) 100vw, 770px\" \/><\/figure>\n\n\n\n<p><\/p>\n\n\n\n<p style=\"text-align:center\">III Jornadas de \u00abHistoria y Arte: fuentes y metodolog\u00edas de investigaci\u00f3n\u00bb<\/p>\n\n\n\n<p style=\"text-align:center\"><strong>Fecha y lugar<\/strong>: 21, 28 y 30 de noviembre de 2012 &#8211; Universidad Pablo de Olavide, Sala de grados del edificio 6<\/p>\n\n\n\n<p style=\"text-align:center\"><strong>Fecha y lugar<\/strong>: 12 de diciembre de 2012 &#8211; Escuela de Estudios Hispano-Americanos (CSIC), Sala Rafael Yuste, Granada<\/p>\n\n\n\n<p><strong>Fecha y lugar<\/strong>: 10 y 31 de enero de 2013 &#8211; Universidad de Granada, Facultad de Filosof\u00eda y Letras<\/p>\n\n\n\n<p>Las III Jornadas de Historia y Arte: fuentes y metodolog\u00edas para la investigaci\u00f3n (curso 2012-2013) pretenden constituir un foro de debate abierto entre las dos Universidades participantes, la de Granada y la Pablo de Olavide de Sevilla, y la Escuela de Estudios Hispano-Americanos (CSIC), dirigido especialmente a los alumnos y estudiantes de postgrado.<\/p>\n\n\n\n<p><strong>Universidad Pablo de Olavide:<\/strong><\/p>\n\n\n\n<p>&#8211; M\u00e1ster en Europa, el Mediterr\u00e1neo y su Difusi\u00f3n Atl\u00e1ntica. M\u00e9todos y Teor\u00edas para la Investigaci\u00f3n Hist\u00f3rica. \u00c1rea de Historia Moderna.<br>&#8211; M\u00e1ster en Arte, Museos y Gesti\u00f3n del Patrimonio Hist\u00f3rico. \u00c1rea de Historia del Arte.<br>&#8211; Universidad Pablo de Olavide y Escuela de Estudios Hispano-Americanos, Sevilla. Unidad asociada.<\/p>\n\n\n\n<p><strong>Universidad de Granada:<\/strong><\/p>\n\n\n\n<p>&#8211; M\u00e1ster de Historia Moderna: La Monarqu\u00eda cat\u00f3lica: el Siglo de Oro espa\u00f1ol y la Europa barroca. Departamento de Historia Moderna y Am\u00e9rica.<\/p>\n\n\n\n<p>&#8211; M\u00e1ster de Historia del Arte: Conocimiento y Tutela del Patrimonio Hist\u00f3rico. Departamento de Historia del Arte.<\/p>\n\n\n\n<p><strong>Coordinaci\u00f3n acad\u00e9mica:<\/strong><\/p>\n\n\n\n<p>Mar\u00eda F. Moral (Universidad Pablo de Olavide)<\/p>\n\n\n\n<p>Jos\u00e9 Policarpo Cruz (Universidad de Granada)&nbsp; <\/p>\n\n\n\n<p><a href=\"https:\/\/www.upo.es\/area-historia-arte\/wp-content\/uploads\/2019\/06\/III_Jornadas_Historia_y_Arte_fuentes_y_metodologias_para_la_investigacion_CSIC_UPO_Granada_2012.pdf\">PROGRAMA<\/a><\/p>\n","protected":false},"excerpt":{"rendered":"<p>III Jornadas de \u00abHistoria y Arte: fuentes y metodolog\u00edas de investigaci\u00f3n\u00bb Fecha y lugar: 21, 28 y 30 de noviembre[&#8230;]<\/p>\n","protected":false},"author":1,"featured_media":0,"parent":0,"menu_order":0,"comment_status":"closed","ping_status":"closed","template":"template-fullwidth.php","meta":[],"_links":{"self":[{"href":"https:\/\/www.upo.es\/area-historia-arte\/wp-json\/wp\/v2\/pages\/1842"}],"collection":[{"href":"https:\/\/www.upo.es\/area-historia-arte\/wp-json\/wp\/v2\/pages"}],"about":[{"href":"https:\/\/www.upo.es\/area-historia-arte\/wp-json\/wp\/v2\/types\/page"}],"author":[{"embeddable":true,"href":"https:\/\/www.upo.es\/area-historia-arte\/wp-json\/wp\/v2\/users\/1"}],"replies":[{"embeddable":true,"href":"https:\/\/www.upo.es\/area-historia-arte\/wp-json\/wp\/v2\/comments?post=1842"}],"version-history":[{"count":4,"href":"https:\/\/www.upo.es\/area-historia-arte\/wp-json\/wp\/v2\/pages\/1842\/revisions"}],"predecessor-version":[{"id":2128,"href":"https:\/\/www.upo.es\/area-historia-arte\/wp-json\/wp\/v2\/pages\/1842\/revisions\/2128"}],"wp:attachment":[{"href":"https:\/\/www.upo.es\/area-historia-arte\/wp-json\/wp\/v2\/media?parent=1842"}],"curies":[{"name":"wp","href":"https:\/\/api.w.org\/{rel}","templated":true}]}}