{"id":219,"date":"2019-03-27T19:09:29","date_gmt":"2019-03-27T18:09:29","guid":{"rendered":"https:\/\/www.upo.es\/area-historia-arte\/?page_id=219"},"modified":"2019-07-19T09:51:08","modified_gmt":"2019-07-19T07:51:08","slug":"i-simposio-internacional-jovenes-investigadores-del-barroco-iberoamericano-santiago-de-compostela-27-29-de-mayo-de-2013%ef%bb%bf","status":"publish","type":"page","link":"https:\/\/www.upo.es\/area-historia-arte\/i-simposio-internacional-jovenes-investigadores-del-barroco-iberoamericano-santiago-de-compostela-27-29-de-mayo-de-2013%ef%bb%bf\/","title":{"rendered":"I Simposio Internacional J\u00f3venes Investigadores del Barroco Iberoamericano \u00abIdentidades Culturales de un Imperio Barroco\u00bb"},"content":{"rendered":"\n<p style=\"text-align:center\"><\/p>\n\n\n\n<div class=\"wp-block-image\"><figure class=\"aligncenter is-resized\"><img loading=\"lazy\" src=\"https:\/\/www.upo.es\/area-historia-arte\/wp-content\/uploads\/2019\/05\/Cartel_Simposio_Internacional_Jovenes_Investigadores_del_Barroco_Iberoamericano_2013-1024x724.jpg\" alt=\"\" class=\"wp-image-1167\" width=\"516\" height=\"364\" srcset=\"https:\/\/www.upo.es\/area-historia-arte\/wp-content\/uploads\/2019\/05\/Cartel_Simposio_Internacional_Jovenes_Investigadores_del_Barroco_Iberoamericano_2013-1024x724.jpg 1024w, https:\/\/www.upo.es\/area-historia-arte\/wp-content\/uploads\/2019\/05\/Cartel_Simposio_Internacional_Jovenes_Investigadores_del_Barroco_Iberoamericano_2013-300x212.jpg 300w, https:\/\/www.upo.es\/area-historia-arte\/wp-content\/uploads\/2019\/05\/Cartel_Simposio_Internacional_Jovenes_Investigadores_del_Barroco_Iberoamericano_2013-768x543.jpg 768w, https:\/\/www.upo.es\/area-historia-arte\/wp-content\/uploads\/2019\/05\/Cartel_Simposio_Internacional_Jovenes_Investigadores_del_Barroco_Iberoamericano_2013.jpg 1654w\" sizes=\"(max-width: 516px) 100vw, 516px\" \/><\/figure><\/div>\n\n\n\n<p style=\"text-align:center\">I Simposio Internacional J\u00f3venes Investigadores del Barroco Iberoamericano \u00abIdentidades Culturales de un Imperio Barroco\u00bb<\/p>\n\n\n\n<p style=\"text-align:center\"><strong>Fecha<\/strong>: 27, 28 y 29 de mayo de 2013 <\/p>\n\n\n\n<p style=\"text-align:center\"><strong>Lugar<\/strong>: Facultad de Geograf\u00eda e Historia &#8211; Facultad de Filosof\u00eda de la Universidad de Santiago de Compostela<\/p>\n\n\n\n<p><strong>Organiza:<\/strong><br><\/p>\n\n\n\n<ul><li>Centro de Estudios de Barroco Iberoamericano (CEIBA)<\/li><li> Grupo de investigaci\u00f3n Iacobus (GI-1907), USC.<\/li><li> \u00c1rea de Historia del Arte de la UPO, Sevilla.<\/li><li> Iconografia i Hist\u00f2ria de l\u00b4Art, UJI, Castell\u00f3n.<\/li><\/ul>\n\n\n\n<p><strong>Direcci\u00f3n acad\u00e9mica:<\/strong><\/p>\n\n\n\n<ul><li> Carme L\u00f3pez Calder\u00f3n (Universidad de Santiago de Compostela)<\/li><li> Mar\u00eda de los \u00c1ngeles Fern\u00e1ndez Valle (Universidad Pablo de Olavide)<\/li><li> Mar\u00eda Inmaculada Rodr\u00edguez Moya (Universidad Jaume I, Castell\u00f3n)<\/li><\/ul>\n\n\n\n<p><strong> Proyectos de investigaci\u00f3n:<\/strong><\/p>\n\n\n\n<ul><li> A3\/041329\/11 Red de Arquitectura Vern\u00e1cula Iberoamericana (Red-Avi)<\/li><li> HAR20011-22899. Encuentros, intercambios y presencias en Galicia entre los siglos XVI y XX<\/li><li> HAR2012-30989. Las siete maravillas. Evocaciones y reedificaciones del mito en la Edad Moderna <\/li><li> P09-HUM-4523. Visibilia. Red de Patrimonio Art\u00edstico de Andaluc\u00eda<\/li><\/ul>\n\n\n\n<p>El Centro de Estudios de Barroco Iberoamericano (CEIBA) convoca a&nbsp;j\u00f3venes investigadores&nbsp;-personas que est\u00e9n realizando su tesis doctoral o bien que est\u00e9n vinculadas al \u00e1mbito universitario o a centros de investigaci\u00f3n sin una posici\u00f3n consolidada- a participar en el I Simposio Internacional de Barroco Iberoamericano, cuyo tema refiere a las Identidades Culturales de un Imperio Barroco.<\/p>\n\n\n\n<p>El encuentro tiene como objetivo abrir un&nbsp;di\u00e1logo entre las diversas disciplinas sobre los estudios del barroco. Por ello, se convoca a participar a investigadores de Historia del Arte, Literatura, Historia, M\u00fasica, Filosof\u00eda, Teolog\u00eda\u2026 con la finalidad de establecer las conexiones existentes entre los movimientos culturales y art\u00edsticos del Barroco Iberoamericano,&nbsp;no s\u00f3lo en la Edad Moderna, sino tambi\u00e9n analizando la continuidad temporal que pervive en nuestros d\u00edas. La reuni\u00f3n de especialistas de diversas disciplinas enriquecer\u00e1 el encuentro, al tiempo permitir\u00e1 conocer con mayor profundidad los estudios realizados, actualmente, por j\u00f3venes investigadores.<\/p>\n\n\n\n<p><strong>Sede:<\/strong> Facultad de Geograf\u00eda e Historia. Praza da Universidade, 1. Santiago de Compostela<\/p>\n\n\n\n<p><strong>Informaci\u00f3n e inscripci\u00f3n:<\/strong><\/p>\n\n\n\n<p>Web: www.jovenesceiba.com &#8211; Email: jovenesceiba@gmail.com<\/p>\n\n\n\n<p><a href=\"https:\/\/www.upo.es\/area-historia-arte\/wp-content\/uploads\/2019\/06\/ceiba-2013-programa.pdf\">PROGRAMA<\/a><\/p>\n\n\n\n<p><a href=\"https:\/\/jovenesceiba.com\/ediciones-anteriores\/2013-2\/\">M\u00e1s informaci\u00f3n<\/a><\/p>\n","protected":false},"excerpt":{"rendered":"<p>I Simposio Internacional J\u00f3venes Investigadores del Barroco Iberoamericano \u00abIdentidades Culturales de un Imperio Barroco\u00bb Fecha: 27, 28 y 29 de[&#8230;]<\/p>\n","protected":false},"author":1,"featured_media":0,"parent":0,"menu_order":0,"comment_status":"closed","ping_status":"closed","template":"template-fullwidth.php","meta":[],"_links":{"self":[{"href":"https:\/\/www.upo.es\/area-historia-arte\/wp-json\/wp\/v2\/pages\/219"}],"collection":[{"href":"https:\/\/www.upo.es\/area-historia-arte\/wp-json\/wp\/v2\/pages"}],"about":[{"href":"https:\/\/www.upo.es\/area-historia-arte\/wp-json\/wp\/v2\/types\/page"}],"author":[{"embeddable":true,"href":"https:\/\/www.upo.es\/area-historia-arte\/wp-json\/wp\/v2\/users\/1"}],"replies":[{"embeddable":true,"href":"https:\/\/www.upo.es\/area-historia-arte\/wp-json\/wp\/v2\/comments?post=219"}],"version-history":[{"count":10,"href":"https:\/\/www.upo.es\/area-historia-arte\/wp-json\/wp\/v2\/pages\/219\/revisions"}],"predecessor-version":[{"id":2217,"href":"https:\/\/www.upo.es\/area-historia-arte\/wp-json\/wp\/v2\/pages\/219\/revisions\/2217"}],"wp:attachment":[{"href":"https:\/\/www.upo.es\/area-historia-arte\/wp-json\/wp\/v2\/media?parent=219"}],"curies":[{"name":"wp","href":"https:\/\/api.w.org\/{rel}","templated":true}]}}