{"id":222,"date":"2019-03-27T19:10:32","date_gmt":"2019-03-27T18:10:32","guid":{"rendered":"https:\/\/www.upo.es\/area-historia-arte\/?page_id=222"},"modified":"2019-07-16T13:23:45","modified_gmt":"2019-07-16T11:23:45","slug":"el-centro-de-interpretacion-del-barroco-se-presenta-en-el-i-simposio-internacional-del-barroco-iberoamericano%ef%bb%bf","status":"publish","type":"page","link":"https:\/\/www.upo.es\/area-historia-arte\/el-centro-de-interpretacion-del-barroco-se-presenta-en-el-i-simposio-internacional-del-barroco-iberoamericano%ef%bb%bf\/","title":{"rendered":"El Centro de Interpretaci\u00f3n del Barroco se presenta en el I Simposio Internacional del Barroco Iberoamericano\ufeff"},"content":{"rendered":"\n<p><\/p>\n\n\n\n<div class=\"wp-block-image\"><figure class=\"aligncenter is-resized\"><img loading=\"lazy\" src=\"https:\/\/www.upo.es\/area-historia-arte\/wp-content\/uploads\/2019\/05\/484773_517120911687689_1069828292_n.jpg\" alt=\"\" class=\"wp-image-1165\" width=\"536\" height=\"401\" srcset=\"https:\/\/www.upo.es\/area-historia-arte\/wp-content\/uploads\/2019\/05\/484773_517120911687689_1069828292_n.jpg 960w, https:\/\/www.upo.es\/area-historia-arte\/wp-content\/uploads\/2019\/05\/484773_517120911687689_1069828292_n-300x225.jpg 300w, https:\/\/www.upo.es\/area-historia-arte\/wp-content\/uploads\/2019\/05\/484773_517120911687689_1069828292_n-768x576.jpg 768w\" sizes=\"(max-width: 536px) 100vw, 536px\" \/><\/figure><\/div>\n\n\n\n<p>La presentaci\u00f3n se\nha llevado a cabo por la Delegada de Cultura Helena Rial Acosta y la T\u00e9cnico en\nTurismo Maril\u00f3 Mart\u00edn M\u00e1rmol, y se pudo visualizar un video realizado por la\nTelevisi\u00f3n Municipal, en el que se describe, con todo lujo de detalles, el Centro\nde Interpretaci\u00f3n delm Barroco. Tambi\u00e9n ha participado en dicha presentaci\u00f3n,\nFrancisco Ollero Lobato.<\/p>\n\n\n\n<p>El Centro de Estudios de Barroco Iberoamericano (CEIBA) convoca a j\u00f3venes investigadores -personas que est\u00e9n realizando su tesis doctoral o bien que est\u00e9n vinculadas al \u00e1mbito universitario o a centros de investigaci\u00f3n sin una posici\u00f3n consolidada- a participar en el I Simposio Internacional de Barroco Iberoamericano, cuyo tema refiere a las Identidades Culturales de un Imperio Barroco.<\/p>\n\n\n\n<p><a href=\"http:\/\/ayuntamientofuentes.com\/redaccion\/2013\/el-centro-de-interpretacion-del-barroco-se-presenta-en-el-i-simposio-internacional-del-barroco-iberoamericano\/\">Noticia &#8211; Fuentes de Andaluc\u00eda<\/a><\/p>\n","protected":false},"excerpt":{"rendered":"<p>La presentaci\u00f3n se ha llevado a cabo por la Delegada de Cultura Helena Rial Acosta y la T\u00e9cnico en Turismo[&#8230;]<\/p>\n","protected":false},"author":1,"featured_media":0,"parent":0,"menu_order":0,"comment_status":"closed","ping_status":"closed","template":"template-fullwidth.php","meta":[],"_links":{"self":[{"href":"https:\/\/www.upo.es\/area-historia-arte\/wp-json\/wp\/v2\/pages\/222"}],"collection":[{"href":"https:\/\/www.upo.es\/area-historia-arte\/wp-json\/wp\/v2\/pages"}],"about":[{"href":"https:\/\/www.upo.es\/area-historia-arte\/wp-json\/wp\/v2\/types\/page"}],"author":[{"embeddable":true,"href":"https:\/\/www.upo.es\/area-historia-arte\/wp-json\/wp\/v2\/users\/1"}],"replies":[{"embeddable":true,"href":"https:\/\/www.upo.es\/area-historia-arte\/wp-json\/wp\/v2\/comments?post=222"}],"version-history":[{"count":3,"href":"https:\/\/www.upo.es\/area-historia-arte\/wp-json\/wp\/v2\/pages\/222\/revisions"}],"predecessor-version":[{"id":2049,"href":"https:\/\/www.upo.es\/area-historia-arte\/wp-json\/wp\/v2\/pages\/222\/revisions\/2049"}],"wp:attachment":[{"href":"https:\/\/www.upo.es\/area-historia-arte\/wp-json\/wp\/v2\/media?parent=222"}],"curies":[{"name":"wp","href":"https:\/\/api.w.org\/{rel}","templated":true}]}}