{"id":2315,"date":"2020-02-10T14:13:01","date_gmt":"2020-02-10T13:13:01","guid":{"rendered":"https:\/\/www.upo.es\/area-historia-arte\/?page_id=2315"},"modified":"2020-02-20T11:52:18","modified_gmt":"2020-02-20T10:52:18","slug":"seminario-internacional-horas-barrocas-3","status":"publish","type":"page","link":"https:\/\/www.upo.es\/area-historia-arte\/seminario-internacional-horas-barrocas-3\/","title":{"rendered":"Seminario internacional \u00abHoras Barrocas&#8230;\u00bb"},"content":{"rendered":"\n<figure class=\"wp-block-image size-large\"><img loading=\"lazy\" width=\"1024\" height=\"627\" src=\"https:\/\/www.upo.es\/area-historia-arte\/wp-content\/uploads\/2020\/02\/CARTEL1-1024x627.jpg\" alt=\"\" class=\"wp-image-2314\" srcset=\"https:\/\/www.upo.es\/area-historia-arte\/wp-content\/uploads\/2020\/02\/CARTEL1-1024x627.jpg 1024w, https:\/\/www.upo.es\/area-historia-arte\/wp-content\/uploads\/2020\/02\/CARTEL1-300x184.jpg 300w, https:\/\/www.upo.es\/area-historia-arte\/wp-content\/uploads\/2020\/02\/CARTEL1-768x470.jpg 768w, https:\/\/www.upo.es\/area-historia-arte\/wp-content\/uploads\/2020\/02\/CARTEL1-1536x941.jpg 1536w, https:\/\/www.upo.es\/area-historia-arte\/wp-content\/uploads\/2020\/02\/CARTEL1-2048x1254.jpg 2048w\" sizes=\"(max-width: 1024px) 100vw, 1024px\" \/><\/figure>\n\n\n\n<p class=\"has-text-align-center\"><strong>Fecha<\/strong>: 13 de febrero de 2020<\/p>\n\n\n\n<p class=\"has-text-align-center\"> <strong>Lugar:<\/strong>&nbsp;Universidad Pablo de Olavide. Sede Centro, Sevilla <\/p>\n\n\n\n<p><strong>Coordinaci\u00f3n acad\u00e9mica<\/strong>:<\/p>\n\n\n\n<ul><li>Fernando Quiles Garc\u00eda<\/li><li>Mar\u00eda de los \u00c1ngeles Fern\u00e1ndez Valle (Universidad Pablo de Olavide)<\/li><\/ul>\n\n\n\n<div class=\"wp-block-group\"><div class=\"wp-block-group__inner-container\">\n<p><strong>Organizan<\/strong>:<\/p>\n\n\n\n<ul><li>CeIBA. Centro de estudios del Barroco Iberoamericano<\/li><li>\u00c1rea de Historia del Arte, Universidad Pablo de Olavide<\/li><li>Universo Barroco Iberoamericano<\/li><\/ul>\n<\/div><\/div>\n\n\n\n<p><strong>Colaboran<\/strong>:<\/p>\n\n\n\n<ul><li>M\u00e1ster en Arte, Museos y Gesti\u00f3n del Patrimonio Hist\u00f3rico (UPO)<\/li><li>Doctorado en Historia y Estudios Human\u00edsticos: Europa, Am\u00e9rica, Arte y Lenguas (UPO)<\/li><\/ul>\n\n\n\n<p><strong>Informaci\u00f3n e inscripci\u00f3n<\/strong>: ubarroco@gmail.com<\/p>\n\n\n\n<p><a href=\"https:\/\/www.upo.es\/area-historia-arte\/wp-content\/uploads\/2020\/02\/CARTEL1-scaled.jpg\" target=\"_blank\" rel=\"noreferrer noopener\" aria-label=\"PROGRAMA (se abre en una nueva pesta\u00f1a)\">PROGRAMA<\/a><\/p>\n","protected":false},"excerpt":{"rendered":"<p>Fecha: 13 de febrero de 2020 Lugar:&nbsp;Universidad Pablo de Olavide. Sede Centro, Sevilla Coordinaci\u00f3n acad\u00e9mica: Fernando Quiles Garc\u00eda Mar\u00eda de[&#8230;]<\/p>\n","protected":false},"author":1,"featured_media":0,"parent":0,"menu_order":0,"comment_status":"closed","ping_status":"closed","template":"","meta":[],"_links":{"self":[{"href":"https:\/\/www.upo.es\/area-historia-arte\/wp-json\/wp\/v2\/pages\/2315"}],"collection":[{"href":"https:\/\/www.upo.es\/area-historia-arte\/wp-json\/wp\/v2\/pages"}],"about":[{"href":"https:\/\/www.upo.es\/area-historia-arte\/wp-json\/wp\/v2\/types\/page"}],"author":[{"embeddable":true,"href":"https:\/\/www.upo.es\/area-historia-arte\/wp-json\/wp\/v2\/users\/1"}],"replies":[{"embeddable":true,"href":"https:\/\/www.upo.es\/area-historia-arte\/wp-json\/wp\/v2\/comments?post=2315"}],"version-history":[{"count":4,"href":"https:\/\/www.upo.es\/area-historia-arte\/wp-json\/wp\/v2\/pages\/2315\/revisions"}],"predecessor-version":[{"id":2342,"href":"https:\/\/www.upo.es\/area-historia-arte\/wp-json\/wp\/v2\/pages\/2315\/revisions\/2342"}],"wp:attachment":[{"href":"https:\/\/www.upo.es\/area-historia-arte\/wp-json\/wp\/v2\/media?parent=2315"}],"curies":[{"name":"wp","href":"https:\/\/api.w.org\/{rel}","templated":true}]}}