{"id":2327,"date":"2020-02-18T12:52:26","date_gmt":"2020-02-18T11:52:26","guid":{"rendered":"https:\/\/www.upo.es\/area-historia-arte\/?page_id=2327"},"modified":"2020-02-18T12:53:55","modified_gmt":"2020-02-18T11:53:55","slug":"v-jornadas-nacionales-mucho-mas-que-musas","status":"publish","type":"page","link":"https:\/\/www.upo.es\/area-historia-arte\/v-jornadas-nacionales-mucho-mas-que-musas\/","title":{"rendered":"V Jornadas Nacionales Mucho m\u00e1s que musas"},"content":{"rendered":"\n<div class=\"wp-block-image\"><figure class=\"aligncenter size-large is-resized\"><img loading=\"lazy\" src=\"https:\/\/www.upo.es\/area-historia-arte\/wp-content\/uploads\/2020\/02\/Cartel-Jornadas-MUCHO-M\u00c1S-QUE-MUSAS-743x1024.png\" alt=\"\" class=\"wp-image-2330\" width=\"392\" height=\"540\" srcset=\"https:\/\/www.upo.es\/area-historia-arte\/wp-content\/uploads\/2020\/02\/Cartel-Jornadas-MUCHO-M\u00c1S-QUE-MUSAS-743x1024.png 743w, https:\/\/www.upo.es\/area-historia-arte\/wp-content\/uploads\/2020\/02\/Cartel-Jornadas-MUCHO-M\u00c1S-QUE-MUSAS-218x300.png 218w, https:\/\/www.upo.es\/area-historia-arte\/wp-content\/uploads\/2020\/02\/Cartel-Jornadas-MUCHO-M\u00c1S-QUE-MUSAS-768x1058.png 768w, https:\/\/www.upo.es\/area-historia-arte\/wp-content\/uploads\/2020\/02\/Cartel-Jornadas-MUCHO-M\u00c1S-QUE-MUSAS-1115x1536.png 1115w, https:\/\/www.upo.es\/area-historia-arte\/wp-content\/uploads\/2020\/02\/Cartel-Jornadas-MUCHO-M\u00c1S-QUE-MUSAS-1486x2048.png 1486w, https:\/\/www.upo.es\/area-historia-arte\/wp-content\/uploads\/2020\/02\/Cartel-Jornadas-MUCHO-M\u00c1S-QUE-MUSAS.png 1670w\" sizes=\"(max-width: 392px) 100vw, 392px\" \/><figcaption>V Jornadas Nacionales Mucho m\u00e1s que musas<\/figcaption><\/figure><\/div>\n\n\n\n<p class=\"has-text-align-center\"><strong>Fecha<\/strong>: 4, 5 y 6 de marzo de 2020<\/p>\n\n\n\n<p class=\"has-text-align-center\"><strong>Lugares<\/strong>: Facultades de Filolog\u00eda y de Geograf\u00eda e Historia, Universidad de Sevilla. Universidad Pablo de Olavide, Sede Sevilla-Centro.<\/p>\n\n\n\n<p>Con el t\u00edtulo de Mucho m\u00e1s que musas, las Jornadas que organizamos con ocasi\u00f3n del 8 de marzo alcanzan su quinta edici\u00f3n y confirman su trayectoria de encuentro interdisciplinar y reivindicaci\u00f3n feminista.<\/p>\n\n\n\n<p><strong>Coordinaci\u00f3n acad\u00e9mica:<\/strong><\/p>\n\n\n\n<ul><li>Ana Aranda Bernal<\/li><li> Isabel Cl\u00faa Gin\u00e9s<\/li><li> Mercedes Comellas Aguirrez\u00e1bal<\/li><li> Magdalena Ill\u00e1n Mart\u00edn<\/li><\/ul>\n\n\n\n<p><strong>Secretar\u00eda t\u00e9cnica<\/strong>:<\/p>\n\n\n\n<ul><li>Roc\u00edo Rodr\u00edguez Rold\u00e1n<\/li><\/ul>\n\n\n\n<p><strong>Colaboran:<\/strong><\/p>\n\n\n\n<ul><li>Universidad Pablo de Olavide, Sevilla<\/li><li>Facultad de Geograf\u00eda e Historia, Universidad de Sevilla<\/li><li>Facultad de Filolog\u00eda, Universidad de Sevilla<\/li><li>Conservatorio superior de m\u00fasica Manuel Castillo, Sevilla<\/li><\/ul>\n\n\n\n<p><strong>Inscripci\u00f3n:<\/strong><\/p>\n\n\n\n<p>Roc\u00edo Rodr\u00edguez Rold\u00e1n: arteygenero@us.es<\/p>\n\n\n\n<p>Entrada gratuita, previa inscripci\u00f3n, hasta completar aforo. La asistencia al 70% de las sesiones ser\u00e1 reconocida mediante certificado acreditativo.<\/p>\n\n\n\n<p><strong><a href=\"https:\/\/www.upo.es\/area-historia-arte\/wp-content\/uploads\/2020\/02\/D\u00edptico-Jornadas-MUCHO-M\u00c1S-QUE-MUSAS.-D\u00cdPTICO.pdf\" target=\"_blank\" rel=\"noreferrer noopener\" aria-label=\"PROGRAMA (se abre en una nueva pesta\u00f1a)\">PROGRAMA<\/a><\/strong><\/p>\n","protected":false},"excerpt":{"rendered":"<p>Fecha: 4, 5 y 6 de marzo de 2020 Lugares: Facultades de Filolog\u00eda y de Geograf\u00eda e Historia, Universidad de[&#8230;]<\/p>\n","protected":false},"author":1,"featured_media":0,"parent":0,"menu_order":0,"comment_status":"closed","ping_status":"closed","template":"","meta":[],"_links":{"self":[{"href":"https:\/\/www.upo.es\/area-historia-arte\/wp-json\/wp\/v2\/pages\/2327"}],"collection":[{"href":"https:\/\/www.upo.es\/area-historia-arte\/wp-json\/wp\/v2\/pages"}],"about":[{"href":"https:\/\/www.upo.es\/area-historia-arte\/wp-json\/wp\/v2\/types\/page"}],"author":[{"embeddable":true,"href":"https:\/\/www.upo.es\/area-historia-arte\/wp-json\/wp\/v2\/users\/1"}],"replies":[{"embeddable":true,"href":"https:\/\/www.upo.es\/area-historia-arte\/wp-json\/wp\/v2\/comments?post=2327"}],"version-history":[{"count":2,"href":"https:\/\/www.upo.es\/area-historia-arte\/wp-json\/wp\/v2\/pages\/2327\/revisions"}],"predecessor-version":[{"id":2332,"href":"https:\/\/www.upo.es\/area-historia-arte\/wp-json\/wp\/v2\/pages\/2327\/revisions\/2332"}],"wp:attachment":[{"href":"https:\/\/www.upo.es\/area-historia-arte\/wp-json\/wp\/v2\/media?parent=2327"}],"curies":[{"name":"wp","href":"https:\/\/api.w.org\/{rel}","templated":true}]}}