{"id":234,"date":"2019-03-27T19:16:40","date_gmt":"2019-03-27T18:16:40","guid":{"rendered":"https:\/\/www.upo.es\/area-historia-arte\/?page_id=234"},"modified":"2019-07-16T13:22:43","modified_gmt":"2019-07-16T11:22:43","slug":"defensas-de-los-trabajos-fin-de-master-2012-2013","status":"publish","type":"page","link":"https:\/\/www.upo.es\/area-historia-arte\/defensas-de-los-trabajos-fin-de-master-2012-2013\/","title":{"rendered":"Defensas de los trabajos fin de m\u00e1ster 2012-2013"},"content":{"rendered":"\n<p><\/p>\n\n\n\n<div class=\"wp-block-image\"><figure class=\"aligncenter is-resized\"><img loading=\"lazy\" src=\"https:\/\/www.upo.es\/area-historia-arte\/wp-content\/uploads\/2019\/05\/Master_Oficial_Arte_Museos_y_Gestion_del_Patrimonio_Historico_2012_2013_UPO.png\" alt=\"\" class=\"wp-image-1163\" width=\"295\" height=\"387\" srcset=\"https:\/\/www.upo.es\/area-historia-arte\/wp-content\/uploads\/2019\/05\/Master_Oficial_Arte_Museos_y_Gestion_del_Patrimonio_Historico_2012_2013_UPO.png 612w, https:\/\/www.upo.es\/area-historia-arte\/wp-content\/uploads\/2019\/05\/Master_Oficial_Arte_Museos_y_Gestion_del_Patrimonio_Historico_2012_2013_UPO-229x300.png 229w\" sizes=\"(max-width: 295px) 100vw, 295px\" \/><\/figure><\/div>\n\n\n\n<p style=\"text-align:center\"><strong>Sesi\u00f3n I: Lunes, 07 de octubre de 2013<\/strong><\/p>\n\n\n\n<p><strong>Oiane Ant\u00f3n Bernal.<br><\/strong> <em>Pr\u00e1cticas en la casa-museo Bonsor. Castillo de Mairena. Un lugar dedicado a la memoria local.<\/em><br> <br><strong> Maribel Alarc\u00f3n Canchari.<br><\/strong> <em>El Patrimonio cultural, a trav\u00e9s de las Artes Esc\u00e9nicas.<\/em><br> <br><strong> M\u00aa. Dolores Cordoncillo Prieto.<br><\/strong> <em>Proyecto museogr\u00e1fico para el Museo Lorenzo Coullaut Valera (Marchena).<\/em><br><strong> <\/strong><\/p>\n\n\n\n<p><strong>Carmen del Toro del Valle.<\/strong><\/p>\n\n\n\n<p><em>La Conservaci\u00f3n Preventiva De la Romana de Riotinto.<\/em><\/p>\n\n\n\n<p><strong>Mar\u00eda Jes\u00fas Sierra G\u00aa de Villegas.<br><\/strong> <em>Descubriendo la obra de Amalio Garc\u00eda del Moral. La restauraci\u00f3n llevada al Museo.<\/em><\/p>\n\n\n\n<p>Trabajos tutorizados por Marcelo Mart\u00edn Guglielmino.<\/p>\n\n\n\n<p>&#8212;&#8212;&#8212;&#8212;&#8212;-<\/p>\n\n\n\n<p style=\"text-align:center\"><strong>Sesi\u00f3n II: Martes, 08 de octubre de 2013<\/strong><\/p>\n\n\n\n<p><strong>Manuel Jes\u00fas Molina Carranza.<br><\/strong> <em>La Sevilla de los Levies. Las Ra\u00edces del Sefard.<\/em><br> <br><strong> Sagrario Parra Santos.<br><\/strong> <em>Did\u00e1cticas del Patrimonio Hist\u00f3rico. Adolescentes, museos y nuevas tecnolog\u00edas.<\/em><br> <br><strong> Sara Velasco Morales.<br><\/strong> <em>Algarinejo: Oro del Olivar.<\/em><\/p>\n\n\n\n<p><strong>Patricia Vel\u00e1zquez de Castro.<br><\/strong> <em>Museograf\u00eda de la Sala VI del Museo Arqueol\u00f3gico de Sevilla. Potenciando un tesoro prehist\u00f3rico.<\/em><\/p>\n\n\n\n<p><strong>Carmen Ana Vicente Ruiz.<br><\/strong> <em>Museos y Patrimonio Hist\u00f3rico 2.0. Nuevas formas de difusi\u00f3n y expresi\u00f3n cultural.&nbsp;<\/em><\/p>\n\n\n\n<p>Trabajos\ntutorizados por M\u00aa \u00c1ngeles Fern\u00e1ndez Valle.<\/p>\n\n\n\n<p>&#8212;&#8212;&#8212;&#8212;&#8212;-<\/p>\n\n\n\n<p><strong>Sergio Garza Orellana.<br><\/strong> <em>Museo Arocena. Historia, descripci\u00f3n y an\u00e1lisis.<\/em><br> Tutor: Arsenio Moreno Mendoza.<br> <br><strong> Tom\u00e1s Hencel.<br><\/strong> <em>La misi\u00f3n art\u00edstica francesa en R\u00edo de Janeiro de 1816.<\/em><br> Tutor: Francisco Ollero Lobato.<\/p>\n\n\n\n<p><strong>Mi\u00e9rcoles,\n09-10-2013<\/strong><\/p>\n\n\n\n<p><strong>Mar\u00eda de los \u00c1ngeles Valencia G\u00f3mez.<br><\/strong> <em>Evoluci\u00f3n y transformaci\u00f3n del urbanismo sevillano: La Plaza del Duque de la Victoria y sus aleda\u00f1os.<\/em><br> Tutor: Francisco Ollero Lobato.<br> <br><strong> Zara Ruiz Romero.<br><\/strong> <em>El tratamiento museogr\u00e1fico de las colecciones precolombinas en Latinoam\u00e9rica y Espa\u00f1a.<\/em><br> Tutora: Ana Aranda Bernal.<\/p>\n\n\n\n<p style=\"text-align:center\"><strong>Sesi\u00f3n III: Jueves, 10 de octubre de 2013<\/strong><\/p>\n\n\n\n<p><strong>Lidia Beltr\u00e1n Mart\u00ednez.<br><\/strong> <em>La comunidad flamenca en Sevilla en la segunda mitad del siglo XVII: coleccionistas y pintores.<\/em><br> Tutor: Fernando Quiles Garc\u00eda.<br> <br><strong> Pablo Navarro Morcillo.<br><\/strong> <em>Antonio Sosa. Trayector\u00eda art\u00edstica y evoluci\u00f3n.<\/em><br> Tutora: M\u00aa del Valle G\u00f3mez de Terreros Guardiola.<br> <br><strong> Mar\u00eda Reyes Fern\u00e1ndez Garc\u00eda.<br><\/strong> <em>Ruina y arte contempor\u00e1neo.<\/em><br> Tutora: M\u00aa del Valle G\u00f3mez de Terreros Guardiola.<br> <br><strong> Carmen Tirado Pav\u00f3n.<br><\/strong> <em>La rinconada en el siglo XVIII y su imagen en la ense\u00f1anza.<\/em><br> Tutores: Arsenio Moreno Mendoza y Antonio L\u00f3pez Guti\u00e9rrez.<\/p>\n","protected":false},"excerpt":{"rendered":"<p>Sesi\u00f3n I: Lunes, 07 de octubre de 2013 Oiane Ant\u00f3n Bernal. Pr\u00e1cticas en la casa-museo Bonsor. Castillo de Mairena. Un[&#8230;]<\/p>\n","protected":false},"author":1,"featured_media":0,"parent":0,"menu_order":0,"comment_status":"closed","ping_status":"closed","template":"template-fullwidth.php","meta":[],"_links":{"self":[{"href":"https:\/\/www.upo.es\/area-historia-arte\/wp-json\/wp\/v2\/pages\/234"}],"collection":[{"href":"https:\/\/www.upo.es\/area-historia-arte\/wp-json\/wp\/v2\/pages"}],"about":[{"href":"https:\/\/www.upo.es\/area-historia-arte\/wp-json\/wp\/v2\/types\/page"}],"author":[{"embeddable":true,"href":"https:\/\/www.upo.es\/area-historia-arte\/wp-json\/wp\/v2\/users\/1"}],"replies":[{"embeddable":true,"href":"https:\/\/www.upo.es\/area-historia-arte\/wp-json\/wp\/v2\/comments?post=234"}],"version-history":[{"count":6,"href":"https:\/\/www.upo.es\/area-historia-arte\/wp-json\/wp\/v2\/pages\/234\/revisions"}],"predecessor-version":[{"id":2046,"href":"https:\/\/www.upo.es\/area-historia-arte\/wp-json\/wp\/v2\/pages\/234\/revisions\/2046"}],"wp:attachment":[{"href":"https:\/\/www.upo.es\/area-historia-arte\/wp-json\/wp\/v2\/media?parent=234"}],"curies":[{"name":"wp","href":"https:\/\/api.w.org\/{rel}","templated":true}]}}