{"id":2352,"date":"2020-03-02T09:31:54","date_gmt":"2020-03-02T08:31:54","guid":{"rendered":"https:\/\/www.upo.es\/area-historia-arte\/?page_id=2352"},"modified":"2020-03-02T09:36:53","modified_gmt":"2020-03-02T08:36:53","slug":"seminario-internacional-horas-barrocas-5","status":"publish","type":"page","link":"https:\/\/www.upo.es\/area-historia-arte\/seminario-internacional-horas-barrocas-5\/","title":{"rendered":"Seminario internacional \u00abHoras Barrocas\u2026\u00bb"},"content":{"rendered":"\n<div class=\"wp-block-image\"><figure class=\"aligncenter size-large is-resized\"><img loading=\"lazy\" src=\"https:\/\/www.upo.es\/area-historia-arte\/wp-content\/uploads\/2020\/03\/CARTEL3-1024x627.jpg\" alt=\"\" class=\"wp-image-2351\" width=\"653\" height=\"399\" srcset=\"https:\/\/www.upo.es\/area-historia-arte\/wp-content\/uploads\/2020\/03\/CARTEL3-1024x627.jpg 1024w, https:\/\/www.upo.es\/area-historia-arte\/wp-content\/uploads\/2020\/03\/CARTEL3-300x184.jpg 300w, https:\/\/www.upo.es\/area-historia-arte\/wp-content\/uploads\/2020\/03\/CARTEL3-768x470.jpg 768w, https:\/\/www.upo.es\/area-historia-arte\/wp-content\/uploads\/2020\/03\/CARTEL3-1536x941.jpg 1536w, https:\/\/www.upo.es\/area-historia-arte\/wp-content\/uploads\/2020\/03\/CARTEL3-2048x1254.jpg 2048w\" sizes=\"(max-width: 653px) 100vw, 653px\" \/><figcaption>Seminario internacional \u00abHoras Barrocas\u2026\u00bb<\/figcaption><\/figure><\/div>\n\n\n\n<p class=\"has-text-align-center\"><strong>Fecha<\/strong>: 3 de marzo de 2020<\/p>\n\n\n\n<p class=\"has-text-align-center\"><strong>Lugar:<\/strong>\u00a0 Universidad Pablo de Olavide, Sala de Grados &#8211; CEI CamBio (edificio 25)<\/p>\n\n\n\n<p><strong>Coordinaci\u00f3n acad\u00e9mica<\/strong>:<\/p>\n\n\n\n<ul><li>Fernando Quiles Garc\u00eda   (Universidad Pablo de Olavide) <\/li><li>Mar\u00eda de los \u00c1ngeles Fern\u00e1ndez Valle (Universidad Pablo de Olavide)<\/li><\/ul>\n\n\n\n<p><strong>Organizan<\/strong>:<\/p>\n\n\n\n<ul><li>CeIBA. Centro de estudios del Barroco Iberoamericano<\/li><li>\u00c1rea de Historia del Arte, Universidad Pablo de Olavide<\/li><li>Universo Barroco Iberoamericano<\/li><\/ul>\n\n\n\n<p><strong>Colaboran<\/strong>:<\/p>\n\n\n\n<ul><li>M\u00e1ster en Arte, Museos y Gesti\u00f3n del Patrimonio Hist\u00f3rico (UPO)<\/li><li>Doctorado en Historia y Estudios Human\u00edsticos: Europa, Am\u00e9rica, Arte y Lenguas (UPO)<\/li><\/ul>\n\n\n\n<p><strong>Informaci\u00f3n e inscripci\u00f3n<\/strong>: ubarroco@gmail.com<\/p>\n\n\n\n<p><a href=\"https:\/\/www.upo.es\/area-historia-arte\/wp-content\/uploads\/2020\/03\/CARTEL3-scaled.jpg\" target=\"_blank\" rel=\"noreferrer noopener\" aria-label=\"PROGRAMA (se abre en una nueva pesta\u00f1a)\">PROGRAMA<\/a><\/p>\n","protected":false},"excerpt":{"rendered":"<p>Fecha: 3 de marzo de 2020 Lugar:\u00a0 Universidad Pablo de Olavide, Sala de Grados &#8211; CEI CamBio (edificio 25) Coordinaci\u00f3n[&#8230;]<\/p>\n","protected":false},"author":1,"featured_media":0,"parent":0,"menu_order":0,"comment_status":"closed","ping_status":"closed","template":"","meta":[],"_links":{"self":[{"href":"https:\/\/www.upo.es\/area-historia-arte\/wp-json\/wp\/v2\/pages\/2352"}],"collection":[{"href":"https:\/\/www.upo.es\/area-historia-arte\/wp-json\/wp\/v2\/pages"}],"about":[{"href":"https:\/\/www.upo.es\/area-historia-arte\/wp-json\/wp\/v2\/types\/page"}],"author":[{"embeddable":true,"href":"https:\/\/www.upo.es\/area-historia-arte\/wp-json\/wp\/v2\/users\/1"}],"replies":[{"embeddable":true,"href":"https:\/\/www.upo.es\/area-historia-arte\/wp-json\/wp\/v2\/comments?post=2352"}],"version-history":[{"count":3,"href":"https:\/\/www.upo.es\/area-historia-arte\/wp-json\/wp\/v2\/pages\/2352\/revisions"}],"predecessor-version":[{"id":2356,"href":"https:\/\/www.upo.es\/area-historia-arte\/wp-json\/wp\/v2\/pages\/2352\/revisions\/2356"}],"wp:attachment":[{"href":"https:\/\/www.upo.es\/area-historia-arte\/wp-json\/wp\/v2\/media?parent=2352"}],"curies":[{"name":"wp","href":"https:\/\/api.w.org\/{rel}","templated":true}]}}