{"id":2361,"date":"2020-03-04T16:23:29","date_gmt":"2020-03-04T15:23:29","guid":{"rendered":"https:\/\/www.upo.es\/area-historia-arte\/?page_id=2361"},"modified":"2020-03-05T14:35:24","modified_gmt":"2020-03-05T13:35:24","slug":"cafe-con-ciencia-en-torno-al-8-de-marzo-la-proyeccion-del-feminismo-en-las-nuevas-corrientes-americanistas","status":"publish","type":"page","link":"https:\/\/www.upo.es\/area-historia-arte\/cafe-con-ciencia-en-torno-al-8-de-marzo-la-proyeccion-del-feminismo-en-las-nuevas-corrientes-americanistas\/","title":{"rendered":"Caf\u00e9 con-ciencia: en torno al 8 de marzo. La proyecci\u00f3n del feminismo en las nuevas corrientes americanistas."},"content":{"rendered":"\n<div class=\"wp-block-image\"><figure class=\"aligncenter size-large is-resized\"><img loading=\"lazy\" src=\"https:\/\/www.upo.es\/area-historia-arte\/wp-content\/uploads\/2020\/03\/Caf\u00e9-con-ciencia.png\" alt=\"\" class=\"wp-image-2363\" width=\"304\" height=\"428\" srcset=\"https:\/\/www.upo.es\/area-historia-arte\/wp-content\/uploads\/2020\/03\/Caf\u00e9-con-ciencia.png 615w, https:\/\/www.upo.es\/area-historia-arte\/wp-content\/uploads\/2020\/03\/Caf\u00e9-con-ciencia-213x300.png 213w\" sizes=\"(max-width: 304px) 100vw, 304px\" \/><figcaption>Caf\u00e9 con-ciencia: en torno al 8 de marzo. La proyecci\u00f3n del feminismo en las nuevas corrientes americanistas.<\/figcaption><\/figure><\/div>\n\n\n\n<p class=\"has-text-align-center\"><strong>Fecha<\/strong>: 9 de marzo de 2020<\/p>\n\n\n\n<p class=\"has-text-align-center\"><strong>Lugar<\/strong>: Escuela de Estudios Hispano-Americanos-CSIC\/REBIS-CSIC. Calle Alfonso XII, n.\u00ba 16. Sevilla<\/p>\n\n\n\n<p>Con motivo de la jornada Caf\u00e9 con-ciencia del pr\u00f3ximo 9 de marzo, y en relaci\u00f3n con el D\u00eda Internacional de la Mujer Trabajadora, Eunice Miranda Tapia presentar\u00e1 el primer monogr\u00e1fico de Atrio. Revista de Historia del Arte, titulado <em>No solo musas. Mujeres creadoras en el arte iberoamericano<\/em>, de cuya edici\u00f3n se ha encargado y que se encuentra disponible en la <a rel=\"noreferrer noopener\" aria-label=\"p\u00e1gina web de atrio.  (se abre en una nueva pesta\u00f1a)\" href=\"https:\/\/www.upo.es\/revistas\/index.php\/atrio\/issue\/view\/247\" target=\"_blank\">p\u00e1gina web de la revista<\/a>. <\/p>\n\n\n\n<p><strong>Coordina<\/strong>:<\/p>\n\n\n\n<ul><li>Esmeralda Broull\u00f3n <\/li><\/ul>\n\n\n\n<p><strong>Organiza:<\/strong><\/p>\n\n\n\n<ul><li>EEHA-CSIC, Sevilla (Grupo de Investigaci\u00f3n ACSOC)<\/li><\/ul>\n\n\n\n<p>Entrada gratuita<\/p>\n\n\n\n<p><strong><a href=\"https:\/\/www.upo.es\/area-historia-arte\/wp-content\/uploads\/2020\/03\/CAFE-CON-CIENCIA.pdf\" target=\"_blank\" rel=\"noreferrer noopener\" aria-label=\" (se abre en una nueva pesta\u00f1a)\">PROGRAMA<\/a><\/strong><\/p>\n","protected":false},"excerpt":{"rendered":"<p>Fecha: 9 de marzo de 2020 Lugar: Escuela de Estudios Hispano-Americanos-CSIC\/REBIS-CSIC. Calle Alfonso XII, n.\u00ba 16. Sevilla Con motivo de[&#8230;]<\/p>\n","protected":false},"author":1,"featured_media":0,"parent":0,"menu_order":0,"comment_status":"closed","ping_status":"closed","template":"","meta":[],"_links":{"self":[{"href":"https:\/\/www.upo.es\/area-historia-arte\/wp-json\/wp\/v2\/pages\/2361"}],"collection":[{"href":"https:\/\/www.upo.es\/area-historia-arte\/wp-json\/wp\/v2\/pages"}],"about":[{"href":"https:\/\/www.upo.es\/area-historia-arte\/wp-json\/wp\/v2\/types\/page"}],"author":[{"embeddable":true,"href":"https:\/\/www.upo.es\/area-historia-arte\/wp-json\/wp\/v2\/users\/1"}],"replies":[{"embeddable":true,"href":"https:\/\/www.upo.es\/area-historia-arte\/wp-json\/wp\/v2\/comments?post=2361"}],"version-history":[{"count":8,"href":"https:\/\/www.upo.es\/area-historia-arte\/wp-json\/wp\/v2\/pages\/2361\/revisions"}],"predecessor-version":[{"id":2378,"href":"https:\/\/www.upo.es\/area-historia-arte\/wp-json\/wp\/v2\/pages\/2361\/revisions\/2378"}],"wp:attachment":[{"href":"https:\/\/www.upo.es\/area-historia-arte\/wp-json\/wp\/v2\/media?parent=2361"}],"curies":[{"name":"wp","href":"https:\/\/api.w.org\/{rel}","templated":true}]}}