{"id":246,"date":"2019-03-27T19:23:45","date_gmt":"2019-03-27T18:23:45","guid":{"rendered":"https:\/\/www.upo.es\/area-historia-arte\/?page_id=246"},"modified":"2019-07-16T13:21:07","modified_gmt":"2019-07-16T11:21:07","slug":"presentacion-del-master-oficial-de-arte-museos-y-gestion-del-patrimonio-historico-2013-2014","status":"publish","type":"page","link":"https:\/\/www.upo.es\/area-historia-arte\/presentacion-del-master-oficial-de-arte-museos-y-gestion-del-patrimonio-historico-2013-2014\/","title":{"rendered":"Presentaci\u00f3n del M\u00e1ster oficial de Arte, Museos y Gesti\u00f3n del Patrimonio Hist\u00f3rico 2013-2014"},"content":{"rendered":"\n<p><\/p>\n\n\n\n<div class=\"wp-block-image\"><figure class=\"aligncenter is-resized\"><img loading=\"lazy\" src=\"https:\/\/www.upo.es\/area-historia-arte\/wp-content\/uploads\/2019\/05\/presentacion-master-2014.png\" alt=\"\" class=\"wp-image-1159\" width=\"346\" height=\"360\" srcset=\"https:\/\/www.upo.es\/area-historia-arte\/wp-content\/uploads\/2019\/05\/presentacion-master-2014.png 592w, https:\/\/www.upo.es\/area-historia-arte\/wp-content\/uploads\/2019\/05\/presentacion-master-2014-288x300.png 288w\" sizes=\"(max-width: 346px) 100vw, 346px\" \/><figcaption><br><\/figcaption><\/figure><\/div>\n\n\n\n<p style=\"text-align:center\"><strong>Fecha<\/strong>: 11 de noviembre de 2013 a las 09:30h <\/p>\n\n\n\n<p style=\"text-align:center\"><strong>Lugar<\/strong>: Sal\u00f3n de Grados del edificio 7 &#8211; Universidad Pablo de Olavide, Sevilla<\/p>\n\n\n\n<p>El objetivo general del&nbsp;<a href=\"https:\/\/www.upo.es\/master-arte-museos-gestion-patrimonio-historico\/\">M\u00e1ster en Arte, Museos y Gesti\u00f3n del Patrimonio Hist\u00f3rico<\/a> (2013-2014)&nbsp;es proporcionar contenidos amplios y s\u00f3lidos sobre historia del arte y patrimonio art\u00edstico. Incidiendo en las metodolog\u00edas aplicables a su estudio, investigaci\u00f3n, difusi\u00f3n y gesti\u00f3n.<\/p>\n\n\n\n<p>La singularidad de este Programa en\nel panorama universitario espa\u00f1ol consiste en el exhaustivo tratamiento de la\nhistoria del arte y el patrimonio en su proyecci\u00f3n con Am\u00e9rica. Se trabajan los\ncriterios y conceptos referentes a las diversas modalidades patrimoniales, as\u00ed\ncomo las pol\u00edticas seguidas en Andaluc\u00eda, Espa\u00f1a, Europa e Iberoam\u00e9rica para la\nrecuperaci\u00f3n y revaloraci\u00f3n del patrimonio hist\u00f3rico.<\/p>\n\n\n\n<p>El tratamiento de los aspectos relativos a los museos, dise\u00f1os de exposiciones y mercado de arte aparecen como fundamentales para la capacitaci\u00f3n profesional de los egresados, que encuentran una bolsa de empleo muy significativa en las labores relacionadas con estos aspectos de la difusi\u00f3n y la comunicaci\u00f3n cultural.<\/p>\n\n\n\n<p><strong>Directores: <\/strong><\/p>\n\n\n\n<ul><li>Arsenio Moreno Mendoza<\/li><li>Francisco Ollero Lobato <\/li><\/ul>\n\n\n\n<p><strong>Comisi\u00f3n acad\u00e9mica: <\/strong><\/p>\n\n\n\n<ul><li>Ana Mar\u00eda Aranda Bernal<\/li><li>Fernando Quiles Garc\u00eda <\/li><\/ul>\n\n\n\n<p><strong>Responsable de calidad: <\/strong><\/p>\n\n\n\n<ul><li>Maria del Valle G\u00f3mez de Terreros Guardiola <\/li><\/ul>\n\n\n\n<p><strong>Asesores: <\/strong><\/p>\n\n\n\n<ul><li>Ram\u00f3n Guti\u00e9rrez<\/li><li>Graciela Vi\u00f1uales &nbsp; <\/li><\/ul>\n\n\n\n<p><strong>Enlaces de inter\u00e9s:<\/strong><\/p>\n\n\n\n<ul><li><a href=\"http:\/\/www.upo.es\/postgrado\/Master-Oficial-Arte-Museos-y-Gestion-del-Patrimonio-Historico\">CEDEP &#8211; Centro de Estudios de Postgrado<\/a><\/li><li><a href=\"https:\/\/www.upo.es\/area-historia-arte\/wp-content\/uploads\/2019\/03\/Master_Oficial_Arte_Museos_y_Gestion_del_Patrimonio_Historico_2013_2014_UPO.pdf\">PROGRAMA M\u00c1STER OFICIAL EN ARTE, MUSEOS Y GESTI\u00d3N DEL PATRIMONIO ART\u00cdSTICO<\/a><\/li><li><a href=\"https:\/\/www.upo.es\/master-arte-museos-gestion-patrimonio-historico\/\">M\u00e1s informaci\u00f3n<\/a><\/li><\/ul>\n","protected":false},"excerpt":{"rendered":"<p>Fecha: 11 de noviembre de 2013 a las 09:30h Lugar: Sal\u00f3n de Grados del edificio 7 &#8211; Universidad Pablo de[&#8230;]<\/p>\n","protected":false},"author":1,"featured_media":0,"parent":0,"menu_order":0,"comment_status":"closed","ping_status":"closed","template":"template-fullwidth.php","meta":[],"_links":{"self":[{"href":"https:\/\/www.upo.es\/area-historia-arte\/wp-json\/wp\/v2\/pages\/246"}],"collection":[{"href":"https:\/\/www.upo.es\/area-historia-arte\/wp-json\/wp\/v2\/pages"}],"about":[{"href":"https:\/\/www.upo.es\/area-historia-arte\/wp-json\/wp\/v2\/types\/page"}],"author":[{"embeddable":true,"href":"https:\/\/www.upo.es\/area-historia-arte\/wp-json\/wp\/v2\/users\/1"}],"replies":[{"embeddable":true,"href":"https:\/\/www.upo.es\/area-historia-arte\/wp-json\/wp\/v2\/comments?post=246"}],"version-history":[{"count":5,"href":"https:\/\/www.upo.es\/area-historia-arte\/wp-json\/wp\/v2\/pages\/246\/revisions"}],"predecessor-version":[{"id":2043,"href":"https:\/\/www.upo.es\/area-historia-arte\/wp-json\/wp\/v2\/pages\/246\/revisions\/2043"}],"wp:attachment":[{"href":"https:\/\/www.upo.es\/area-historia-arte\/wp-json\/wp\/v2\/media?parent=246"}],"curies":[{"name":"wp","href":"https:\/\/api.w.org\/{rel}","templated":true}]}}