{"id":249,"date":"2019-03-27T19:25:47","date_gmt":"2019-03-27T18:25:47","guid":{"rendered":"https:\/\/www.upo.es\/area-historia-arte\/?page_id=249"},"modified":"2019-07-16T13:20:30","modified_gmt":"2019-07-16T11:20:30","slug":"abierta-la-inscripcion-del-master-patrimonio-sociedad-2013-2014","status":"publish","type":"page","link":"https:\/\/www.upo.es\/area-historia-arte\/abierta-la-inscripcion-del-master-patrimonio-sociedad-2013-2014\/","title":{"rendered":"Abierta la inscripci\u00f3n del M\u00e1ster Patrimonio y Sociedad 2013-2014"},"content":{"rendered":"\n<p><\/p>\n\n\n\n<div class=\"wp-block-image\"><figure class=\"aligncenter is-resized\"><img loading=\"lazy\" src=\"https:\/\/www.upo.es\/area-historia-arte\/wp-content\/uploads\/2019\/05\/Punto_de_Encuentro_Master_Patrimonio_y_Sociedad_UPO-1024x779.png\" alt=\"\" class=\"wp-image-1157\" width=\"598\" height=\"454\" srcset=\"https:\/\/www.upo.es\/area-historia-arte\/wp-content\/uploads\/2019\/05\/Punto_de_Encuentro_Master_Patrimonio_y_Sociedad_UPO-1024x779.png 1024w, https:\/\/www.upo.es\/area-historia-arte\/wp-content\/uploads\/2019\/05\/Punto_de_Encuentro_Master_Patrimonio_y_Sociedad_UPO-300x228.png 300w, https:\/\/www.upo.es\/area-historia-arte\/wp-content\/uploads\/2019\/05\/Punto_de_Encuentro_Master_Patrimonio_y_Sociedad_UPO-768x584.png 768w, https:\/\/www.upo.es\/area-historia-arte\/wp-content\/uploads\/2019\/05\/Punto_de_Encuentro_Master_Patrimonio_y_Sociedad_UPO.png 1053w\" sizes=\"(max-width: 598px) 100vw, 598px\" \/><\/figure><\/div>\n\n\n\n<p>Nos complace\npresentarles el Master Patrimonio &amp; Sociedad. Con \u00e9l, hemos pretendido\ncrear un completo programa que cubra las necesidades de los profesionales que\ntrabajan en la gesti\u00f3n de nuestro legado natural y su relaci\u00f3n con la sociedad.<\/p>\n\n\n\n<p>Desde hace casi una\nd\u00e9cada nos hemos reunido un importante grupo de profesionales de la difusi\u00f3n,\ninterpretaci\u00f3n y comunicaci\u00f3n del Patrimonio natural y cultural, trabajando\nsobre la idea de generar un producto formativo, hol\u00edstico y sustentado tanto en\nla teor\u00eda como en el conocimiento pr\u00e1ctico. El \u00c1rea de Historia del Arte de la\nUniversidad Pablo de Olavide, nos ha servido y apoyado como plataforma de\nrealizaci\u00f3n para presentar hoy este M\u00e1ster.<\/p>\n\n\n\n<p><strong>La posibilidad de titulaci\u00f3n m\u00faltiple<\/strong>, lo hace \u00fanico en su g\u00e9nero, <strong>se estructura en tres Cursos de Experto<\/strong> que pueden, a su vez, ser cursados en forma individual y que se ofrecen en forma gradual en tres escalas: la del conocimiento y sus materias; la de equipamientos con los Museos como protagonistas; y en el territorio como sitio antropol\u00f3gico y paisaje cultural, donde el Patrimonio se muestra, se expresa y se vive.<\/p>\n\n\n\n<p><strong>Dirigido<\/strong>&nbsp;especialmente a colegas, profesionales y\nt\u00e9cnicos que deseen profundizar o reciclarse en algunos aspectos, as\u00ed como para\ntodos aquellos que quieran iniciar un estudio pr\u00e1ctico que realmente les sirva\npara emplender y\/o conseguir una salida laboral considerando como uno de los\nnuevos yacimientos de empleo. De ah\u00ed su horario restringido a dos d\u00edas\nsemanales y un calendario ajustado y razonado para no interferir demasiado en\nla vida cotidiana.<\/p>\n\n\n\n<p>Abierta la\ninscripci\u00f3n hasta el 20 de enero de 2014.<\/p>\n\n\n\n<p>Inicia el curso el\n6 de febrero de 2014.&nbsp;<\/p>\n\n\n\n<p><strong>Les\nanimamos a participar.<\/strong><\/p>\n\n\n\n<p style=\"text-align:left\">Marcelo Mart\u00edn Guglielmin, Arquitecto. Profesor Asociado, Universidad Pablo de Olavide<\/p>\n\n\n\n<p><strong>Enlaces de inter\u00e9s<\/strong><\/p>\n\n\n\n<ul><li><a href=\"https:\/\/www.upo.es\/area-historia-arte\/wp-content\/uploads\/2019\/03\/Programa_Master_Patrimonio_y_Sociedad_UPO.pdf\">Programa &#8211; Master Patrimonio &amp; Sociedad<\/a><\/li><li><a href=\"https:\/\/www.upo.es\/area-historia-arte\/wp-content\/uploads\/2019\/03\/Lista_de_profesores_Master_Patrimonio_y_Sociedad_UPO.pdf\">Profesorado &#8211; Master Patrimonio &amp; Sociedad<\/a><\/li><li><a href=\"https:\/\/www.upo.es\/area-historia-arte\/wp-content\/uploads\/2019\/03\/Punto_de_Encuentro_Master_Patrimonio_y_Sociedad_UPO.pdf\">Punto de Encuentro &#8211; Master Patrimonio &amp; Sociedad<\/a><\/li><\/ul>\n","protected":false},"excerpt":{"rendered":"<p>Nos complace presentarles el Master Patrimonio &amp; Sociedad. Con \u00e9l, hemos pretendido crear un completo programa que cubra las necesidades[&#8230;]<\/p>\n","protected":false},"author":1,"featured_media":0,"parent":0,"menu_order":0,"comment_status":"closed","ping_status":"closed","template":"template-fullwidth.php","meta":[],"_links":{"self":[{"href":"https:\/\/www.upo.es\/area-historia-arte\/wp-json\/wp\/v2\/pages\/249"}],"collection":[{"href":"https:\/\/www.upo.es\/area-historia-arte\/wp-json\/wp\/v2\/pages"}],"about":[{"href":"https:\/\/www.upo.es\/area-historia-arte\/wp-json\/wp\/v2\/types\/page"}],"author":[{"embeddable":true,"href":"https:\/\/www.upo.es\/area-historia-arte\/wp-json\/wp\/v2\/users\/1"}],"replies":[{"embeddable":true,"href":"https:\/\/www.upo.es\/area-historia-arte\/wp-json\/wp\/v2\/comments?post=249"}],"version-history":[{"count":5,"href":"https:\/\/www.upo.es\/area-historia-arte\/wp-json\/wp\/v2\/pages\/249\/revisions"}],"predecessor-version":[{"id":2042,"href":"https:\/\/www.upo.es\/area-historia-arte\/wp-json\/wp\/v2\/pages\/249\/revisions\/2042"}],"wp:attachment":[{"href":"https:\/\/www.upo.es\/area-historia-arte\/wp-json\/wp\/v2\/media?parent=249"}],"curies":[{"name":"wp","href":"https:\/\/api.w.org\/{rel}","templated":true}]}}