{"id":258,"date":"2019-03-27T19:32:16","date_gmt":"2019-03-27T18:32:16","guid":{"rendered":"https:\/\/www.upo.es\/area-historia-arte\/?page_id=258"},"modified":"2019-07-16T13:19:44","modified_gmt":"2019-07-16T11:19:44","slug":"iii-seminario-iberoamerica-arte-y-ciudad-edificio-6-salon-de-grados-universidad-pablo-de-olavide-y-escuela-de-estudios-hispanoamericanos-enero-2014%ef%bb%bf","status":"publish","type":"page","link":"https:\/\/www.upo.es\/area-historia-arte\/iii-seminario-iberoamerica-arte-y-ciudad-edificio-6-salon-de-grados-universidad-pablo-de-olavide-y-escuela-de-estudios-hispanoamericanos-enero-2014%ef%bb%bf\/","title":{"rendered":"III Seminario \u00abIberoam\u00e9rica: arte y ciudad\u00bb"},"content":{"rendered":"\n<p style=\"text-align:center\"><\/p>\n\n\n\n<div class=\"wp-block-image\"><figure class=\"aligncenter is-resized\"><img loading=\"lazy\" src=\"https:\/\/www.upo.es\/area-historia-arte\/wp-content\/uploads\/2019\/05\/III-seminario-iberoamerica-arte-y-ciudad.png\" alt=\"\" class=\"wp-image-1155\" width=\"397\" height=\"521\" srcset=\"https:\/\/www.upo.es\/area-historia-arte\/wp-content\/uploads\/2019\/05\/III-seminario-iberoamerica-arte-y-ciudad.png 552w, https:\/\/www.upo.es\/area-historia-arte\/wp-content\/uploads\/2019\/05\/III-seminario-iberoamerica-arte-y-ciudad-228x300.png 228w\" sizes=\"(max-width: 397px) 100vw, 397px\" \/><\/figure><\/div>\n\n\n\n<p style=\"text-align:center\">III Seminario \u00abIberoam\u00e9rica: arte y ciudad\u00bb<\/p>\n\n\n\n<p style=\"text-align:center\"><strong>Fechas<\/strong>: 10, 20-24 y 27-29 de enero de 2014<\/p>\n\n\n\n<p style=\"text-align:center\"><strong>Lugar<\/strong>: Sala Calder\u00f3n Quijano, Escuela de Estudios Hispanoamericanos (CSIC) y Sala de grados del edificio 6, Universidad Pablo de Olavide &#8211; Sevilla<\/p>\n\n\n\n<p><strong>Organizan:<\/strong><\/p>\n\n\n\n<ul><li>Universidad Pablo de Olavide, Sevilla. M\u00e1ster Universitario en Arte, Museos y Gesti\u00f3n del Patrimonio Hist\u00f3rico. \u00c1rea de Historia del Arte.<\/li><li>Escuela de Estudios Hispano &#8211; Americanos (CSIC), Sevilla.<\/li><li>Unidad Asociada UPO-EEHA, Sevilla.<\/li><\/ul>\n\n\n\n<p><strong>Colaboran:<\/strong><\/p>\n\n\n\n<ul><li>Visibilia. Red de Patrimonio Art\u00edstico de Andaluc\u00eda. Proyecto Motriz de Excelencia de la Junta de Andaluc\u00eda [P09-HUM-4523].<\/li><li>Ceiba. Centro de Estudios del Barroco Iberoamericano.<\/li><li>Red de Arquitectura Vern\u00e1cula Iberoamericana (Red-Avi). Proyecto de la Agencia Espa\u00f1ola de Cooperaci\u00f3n Internacional para el Desarrollo [A3\/041329\/11].<\/li><li>Museo Torres Garc\u00eda. Montevideo. Uruguay.<\/li><\/ul>\n\n\n\n<p><a href=\"https:\/\/www.upo.es\/area-historia-arte\/wp-content\/uploads\/2019\/03\/Programa_III_Seminario_Iberoamerica_arte_y_ciudad_2014_EEHA_UPO.pdf\">PROGRAMA<\/a><\/p>\n","protected":false},"excerpt":{"rendered":"<p>III Seminario \u00abIberoam\u00e9rica: arte y ciudad\u00bb Fechas: 10, 20-24 y 27-29 de enero de 2014 Lugar: Sala Calder\u00f3n Quijano, Escuela[&#8230;]<\/p>\n","protected":false},"author":1,"featured_media":0,"parent":0,"menu_order":0,"comment_status":"closed","ping_status":"closed","template":"template-fullwidth.php","meta":[],"_links":{"self":[{"href":"https:\/\/www.upo.es\/area-historia-arte\/wp-json\/wp\/v2\/pages\/258"}],"collection":[{"href":"https:\/\/www.upo.es\/area-historia-arte\/wp-json\/wp\/v2\/pages"}],"about":[{"href":"https:\/\/www.upo.es\/area-historia-arte\/wp-json\/wp\/v2\/types\/page"}],"author":[{"embeddable":true,"href":"https:\/\/www.upo.es\/area-historia-arte\/wp-json\/wp\/v2\/users\/1"}],"replies":[{"embeddable":true,"href":"https:\/\/www.upo.es\/area-historia-arte\/wp-json\/wp\/v2\/comments?post=258"}],"version-history":[{"count":7,"href":"https:\/\/www.upo.es\/area-historia-arte\/wp-json\/wp\/v2\/pages\/258\/revisions"}],"predecessor-version":[{"id":2041,"href":"https:\/\/www.upo.es\/area-historia-arte\/wp-json\/wp\/v2\/pages\/258\/revisions\/2041"}],"wp:attachment":[{"href":"https:\/\/www.upo.es\/area-historia-arte\/wp-json\/wp\/v2\/media?parent=258"}],"curies":[{"name":"wp","href":"https:\/\/api.w.org\/{rel}","templated":true}]}}