{"id":2703,"date":"2022-03-18T15:13:06","date_gmt":"2022-03-18T14:13:06","guid":{"rendered":"https:\/\/www.upo.es\/area-historia-arte\/?page_id=2703"},"modified":"2022-03-18T15:14:00","modified_gmt":"2022-03-18T14:14:00","slug":"xi-jornadas-de-orientacion-y-empleo","status":"publish","type":"page","link":"https:\/\/www.upo.es\/area-historia-arte\/xi-jornadas-de-orientacion-y-empleo\/","title":{"rendered":"XI Jornadas de Orientaci\u00f3n y Empleo"},"content":{"rendered":"\n<figure class=\"wp-block-image size-large\"><img loading=\"lazy\" width=\"1024\" height=\"1024\" src=\"https:\/\/www.upo.es\/area-historia-arte\/wp-content\/uploads\/2022\/03\/Programa-en-jpg-1024x1024.jpg\" alt=\"\" class=\"wp-image-2704\" srcset=\"https:\/\/www.upo.es\/area-historia-arte\/wp-content\/uploads\/2022\/03\/Programa-en-jpg-1024x1024.jpg 1024w, https:\/\/www.upo.es\/area-historia-arte\/wp-content\/uploads\/2022\/03\/Programa-en-jpg-300x300.jpg 300w, https:\/\/www.upo.es\/area-historia-arte\/wp-content\/uploads\/2022\/03\/Programa-en-jpg-150x150.jpg 150w, https:\/\/www.upo.es\/area-historia-arte\/wp-content\/uploads\/2022\/03\/Programa-en-jpg-768x768.jpg 768w, https:\/\/www.upo.es\/area-historia-arte\/wp-content\/uploads\/2022\/03\/Programa-en-jpg-1536x1536.jpg 1536w, https:\/\/www.upo.es\/area-historia-arte\/wp-content\/uploads\/2022\/03\/Programa-en-jpg.jpg 1654w\" sizes=\"(max-width: 1024px) 100vw, 1024px\" \/><figcaption>XI Jornadas de Orientaci\u00f3n y Empleo<\/figcaption><\/figure>\n\n\n\n<p class=\"has-text-align-center\"><strong>Fecha<\/strong>: 29 de marzo de 2022<\/p>\n\n\n\n<p class=\"has-text-align-center\"><strong>Lugar:<\/strong>\u00a0 Universidad Pablo de Olavide, sal\u00f3n de Grados, edificio 6<\/p>\n\n\n\n<p><strong>Coordinaci\u00f3n<\/strong>:<\/p>\n\n\n\n<ul><li>Francisco Ollero Lobato<\/li><li>Celia Fdez. Galv\u00e1n<\/li><\/ul>\n\n\n\n<p><strong>Organizan<\/strong>:<\/p>\n\n\n\n<ul><li>Facultad de Humanidades<\/li><li>M\u00e1ster oficial Arte, Museos y Gesti\u00f3n del Patrimonio Hist\u00f3rico<\/li><\/ul>\n\n\n\n<p><strong>Colaboran:<\/strong><\/p>\n\n\n\n<ul id=\"block-8ba9f7fc-ec55-49cc-8f89-a621b98e6e78\"><li>Fundaci\u00f3n Universidad Pablo de Olavide<\/li><li>Engranajes culturales<\/li><li>Arqueolog\u00eda y Gest\u00f3n S. L.<\/li><li>Sevilla a la carta<\/li><li>Mucho M\u00e1s que Musas<\/li><\/ul>\n\n\n\n<p><a href=\"https:\/\/www.upo.es\/area-historia-arte\/wp-content\/uploads\/2022\/03\/XI-Jornadas-de-Orientacion-y-empleo.pdf\">PROGRAMA<\/a><\/p>\n","protected":false},"excerpt":{"rendered":"<p>Fecha: 29 de marzo de 2022 Lugar:\u00a0 Universidad Pablo de Olavide, sal\u00f3n de Grados, edificio 6 Coordinaci\u00f3n: Francisco Ollero Lobato[&#8230;]<\/p>\n","protected":false},"author":1,"featured_media":0,"parent":0,"menu_order":0,"comment_status":"closed","ping_status":"closed","template":"","meta":[],"_links":{"self":[{"href":"https:\/\/www.upo.es\/area-historia-arte\/wp-json\/wp\/v2\/pages\/2703"}],"collection":[{"href":"https:\/\/www.upo.es\/area-historia-arte\/wp-json\/wp\/v2\/pages"}],"about":[{"href":"https:\/\/www.upo.es\/area-historia-arte\/wp-json\/wp\/v2\/types\/page"}],"author":[{"embeddable":true,"href":"https:\/\/www.upo.es\/area-historia-arte\/wp-json\/wp\/v2\/users\/1"}],"replies":[{"embeddable":true,"href":"https:\/\/www.upo.es\/area-historia-arte\/wp-json\/wp\/v2\/comments?post=2703"}],"version-history":[{"count":3,"href":"https:\/\/www.upo.es\/area-historia-arte\/wp-json\/wp\/v2\/pages\/2703\/revisions"}],"predecessor-version":[{"id":2708,"href":"https:\/\/www.upo.es\/area-historia-arte\/wp-json\/wp\/v2\/pages\/2703\/revisions\/2708"}],"wp:attachment":[{"href":"https:\/\/www.upo.es\/area-historia-arte\/wp-json\/wp\/v2\/media?parent=2703"}],"curies":[{"name":"wp","href":"https:\/\/api.w.org\/{rel}","templated":true}]}}