{"id":284,"date":"2019-03-31T13:01:40","date_gmt":"2019-03-31T11:01:40","guid":{"rendered":"https:\/\/www.upo.es\/area-historia-arte\/?page_id=284"},"modified":"2019-07-16T13:10:09","modified_gmt":"2019-07-16T11:10:09","slug":"exposicion-enrique-marco-dorta-testimonios-de-america-del-sur-hasta-el-16-de-mayo-de-2014","status":"publish","type":"page","link":"https:\/\/www.upo.es\/area-historia-arte\/exposicion-enrique-marco-dorta-testimonios-de-america-del-sur-hasta-el-16-de-mayo-de-2014\/","title":{"rendered":"Exposici\u00f3n \u00abEnrique Marco Dorta. Testimonios de Am\u00e9rica del Sur\u00bb"},"content":{"rendered":"\n<p style=\"text-align:center\"><\/p>\n\n\n\n<div class=\"wp-block-image\"><figure class=\"aligncenter is-resized\"><img loading=\"lazy\" src=\"https:\/\/www.upo.es\/area-historia-arte\/wp-content\/uploads\/2019\/05\/Exposicion_Enrique_Marco_Dorta_2014-709x1024.jpg\" alt=\"\" class=\"wp-image-1138\" width=\"399\" height=\"576\" srcset=\"https:\/\/www.upo.es\/area-historia-arte\/wp-content\/uploads\/2019\/05\/Exposicion_Enrique_Marco_Dorta_2014-709x1024.jpg 709w, https:\/\/www.upo.es\/area-historia-arte\/wp-content\/uploads\/2019\/05\/Exposicion_Enrique_Marco_Dorta_2014-208x300.jpg 208w, https:\/\/www.upo.es\/area-historia-arte\/wp-content\/uploads\/2019\/05\/Exposicion_Enrique_Marco_Dorta_2014-768x1109.jpg 768w\" sizes=\"(max-width: 399px) 100vw, 399px\" \/><\/figure><\/div>\n\n\n\n<p style=\"text-align:center\">Exposici\u00f3n \u00abEnrique Marco Dorta. Testimonios de Am\u00e9rica del Sur\u00bb<\/p>\n\n\n\n<p>El 17 de marzo se inaugur\u00f3 la exposici\u00f3n\u00a0<em>Enrique Marco Dorta. Testimonios de Am\u00e9rica del Sur<\/em>\u00a0en la Escuela de Estudios Hispano-Americanos (CSIC) de Sevilla. El acto tuvo lugar a las 12\u00b430 h. en la Sala Rafael Yuste, con la participaci\u00f3n de Antonio Guti\u00e9rrez Escudero, director de la EEHA, Ram\u00f3n Guti\u00e9rrez y Graciela Vi\u00f1uales, directores del CEDODAL de Buenos Aires, y Mar\u00eda de los \u00c1ngeles Fern\u00e1ndez Valle, profesora asociada de la Universidad Pablo de Olavide.<\/p>\n\n\n\n<p>La exposici\u00f3n\nestar\u00e1 vigente hasta el 16 de mayo de 2014.<\/p>\n\n\n\n<p>Horario: Lunes a\nviernes, 10:00-14:00 h y 16:00-20:00; S\u00e1bado, 10:00-14:00 h.<\/p>\n\n\n\n<p><strong>Enlaces de inter\u00e9s:<\/strong><\/p>\n\n\n\n<ul><li><a href=\"https:\/\/www.upo.es\/area-historia-arte\/wp-content\/uploads\/2019\/05\/Exposicion_Enrique_Marco_Dorta_2014.jpg\">Cartel<\/a><\/li><li><a href=\"http:\/\/www.cedodal.com\/exposicion-enrique-marco-dorta\">Centro de Documentaci\u00f3n de Arquitectura Latinoamericana (CEDODAL)<\/a><\/li><li><a href=\"http:\/\/www.eeha.csic.es\/\">Escuela de Estudios Hispano &#8211; Americanos (CSIC)<\/a><\/li><li><a href=\"https:\/\/www.pinterest.com\/rbacsic\/exposici%C3%B3n-enrique-marco-dorta-testimonios-de-am%C3%A9r\/\">Fotograf\u00edas en la Red de Bibliotecas y Archivos CSIC-Pinterest<\/a><\/li><li><a href=\"http:\/\/bibliotecas.csic.es\/widget\/inicio\/-\/contenido\/89404fcb-aa37-4f98-8af9-c1cd39155a4e;jsessionid=5940EDEDFF1CE7ECE2296189A5A7A1A2\">Noticia &#8211; Bibliotecas CSIC<\/a><\/li><\/ul>\n","protected":false},"excerpt":{"rendered":"<p>Exposici\u00f3n \u00abEnrique Marco Dorta. Testimonios de Am\u00e9rica del Sur\u00bb El 17 de marzo se inaugur\u00f3 la exposici\u00f3n\u00a0Enrique Marco Dorta. Testimonios[&#8230;]<\/p>\n","protected":false},"author":1,"featured_media":0,"parent":0,"menu_order":0,"comment_status":"closed","ping_status":"closed","template":"template-fullwidth.php","meta":[],"_links":{"self":[{"href":"https:\/\/www.upo.es\/area-historia-arte\/wp-json\/wp\/v2\/pages\/284"}],"collection":[{"href":"https:\/\/www.upo.es\/area-historia-arte\/wp-json\/wp\/v2\/pages"}],"about":[{"href":"https:\/\/www.upo.es\/area-historia-arte\/wp-json\/wp\/v2\/types\/page"}],"author":[{"embeddable":true,"href":"https:\/\/www.upo.es\/area-historia-arte\/wp-json\/wp\/v2\/users\/1"}],"replies":[{"embeddable":true,"href":"https:\/\/www.upo.es\/area-historia-arte\/wp-json\/wp\/v2\/comments?post=284"}],"version-history":[{"count":9,"href":"https:\/\/www.upo.es\/area-historia-arte\/wp-json\/wp\/v2\/pages\/284\/revisions"}],"predecessor-version":[{"id":2032,"href":"https:\/\/www.upo.es\/area-historia-arte\/wp-json\/wp\/v2\/pages\/284\/revisions\/2032"}],"wp:attachment":[{"href":"https:\/\/www.upo.es\/area-historia-arte\/wp-json\/wp\/v2\/media?parent=284"}],"curies":[{"name":"wp","href":"https:\/\/api.w.org\/{rel}","templated":true}]}}