{"id":2851,"date":"2023-01-18T07:09:14","date_gmt":"2023-01-18T06:09:14","guid":{"rendered":"https:\/\/www.upo.es\/area-historia-arte\/?page_id=2851"},"modified":"2023-02-04T18:25:11","modified_gmt":"2023-02-04T17:25:11","slug":"seminario-internacional-acervo-peruano-catedra-de-estudios-del-barroco-iberoamericano","status":"publish","type":"page","link":"https:\/\/www.upo.es\/area-historia-arte\/seminario-internacional-acervo-peruano-catedra-de-estudios-del-barroco-iberoamericano\/","title":{"rendered":"Seminario Internacional Acervo Peruano. C\u00e1tedra de Estudios del Barroco Iberoamericano Universidad Pablo de Olavide &#8211; Ayuntamiento de Carmona"},"content":{"rendered":"\n<div class=\"wp-block-image\"><figure class=\"aligncenter size-large is-resized\"><a href=\"https:\/\/www.upo.es\/area-historia-arte\/wp-content\/uploads\/2023\/02\/AcervoPeruano_Programa.pdf\"><img loading=\"lazy\" src=\"https:\/\/www.upo.es\/area-historia-arte\/wp-content\/uploads\/2023\/02\/AcervoPeruano_Programa_portada-730x1024.jpg\" alt=\"\" class=\"wp-image-2910\" width=\"349\" height=\"490\" srcset=\"https:\/\/www.upo.es\/area-historia-arte\/wp-content\/uploads\/2023\/02\/AcervoPeruano_Programa_portada-730x1024.jpg 730w, https:\/\/www.upo.es\/area-historia-arte\/wp-content\/uploads\/2023\/02\/AcervoPeruano_Programa_portada-214x300.jpg 214w, https:\/\/www.upo.es\/area-historia-arte\/wp-content\/uploads\/2023\/02\/AcervoPeruano_Programa_portada-768x1078.jpg 768w, https:\/\/www.upo.es\/area-historia-arte\/wp-content\/uploads\/2023\/02\/AcervoPeruano_Programa_portada-1094x1536.jpg 1094w, https:\/\/www.upo.es\/area-historia-arte\/wp-content\/uploads\/2023\/02\/AcervoPeruano_Programa_portada-1459x2048.jpg 1459w, https:\/\/www.upo.es\/area-historia-arte\/wp-content\/uploads\/2023\/02\/AcervoPeruano_Programa_portada-scaled.jpg 1824w\" sizes=\"(max-width: 349px) 100vw, 349px\" \/><\/a><figcaption>Seminario Internacional Acervo Peruano. C\u00e1tedra de Estudios del Barroco Iberoamericano Universidad Pablo de Olavide &#8211; Ayuntamiento de Carmona<\/figcaption><\/figure><\/div>\n\n\n\n<p class=\"has-text-align-center\" id=\"block-a9caecd0-35b1-49fc-9504-7b7c5c4549d2\"><strong>Fecha<\/strong>: 8 y 9 de febrero de 2023<\/p>\n\n\n\n<p class=\"has-text-align-center\" id=\"block-8a3f1464-717b-4f4d-ab42-8cebe60863bb\"><strong>Lugar:<\/strong>&nbsp; Sede Olavide en Carmona &#8211; Rectora Rosario Valpuesta (c\/ Ram\u00f3n y Cajal, 15, Carmona, Sevilla)<\/p>\n\n\n\n<p><strong>Direcci\u00f3n<\/strong>:<\/p>\n\n\n\n<ul><li>Alba Choque Porras<\/li><li>Zara Ruiz Romero<\/li><li>Fernando Quiles Garc\u00eda<\/li><\/ul>\n\n\n\n<p><strong>Apoyo de direcci\u00f3n<\/strong>:<\/p>\n\n\n\n<ul><li>Roc\u00edo Ortiz Blanquero<\/li><li>Ana El\u00edas Garc\u00eda<\/li><\/ul>\n\n\n\n<p><strong>Organizan<\/strong>:<\/p>\n\n\n\n<ul><li>C\u00e1tedra de Estudios del Barroco Iberoamericano Universidad Pablo de Olavide &#8211; Ayuntamiento de Carmona<\/li><li>\u00c1rea de Historia del Arte, Universidad Pablo de Olavide<\/li><li>Excmo. Ayuntamiento de Carmona<\/li><li>QELQAY Centro Peruano de Investigaci\u00f3n y Promoci\u00f3n del Patrimonio Cultural<\/li><li>Universidad La Salle<\/li><\/ul>\n\n\n\n<p><strong>Colabora:<\/strong><\/p>\n\n\n\n<ul><li>Semillero de Investigaci\u00f3n. \u00c1rea de Historia de Am\u00e9rica. Universidad Pablo de Olavide<\/li><\/ul>\n\n\n\n<p>Entrada libre hasta completar aforo. Las sesiones ser\u00e1n retransmitidas sincr\u00f3nicamente<\/p>\n\n\n\n<p><strong>Informaci\u00f3n e inscripci\u00f3n:<\/strong> zmruirom1@upo.es<\/p>\n\n\n\n<p id=\"block-8c1ccf0b-765d-4290-bfbb-6761bbde2bc8\"><a href=\"https:\/\/www.upo.es\/area-historia-arte\/wp-content\/uploads\/2023\/02\/AcervoPeruano_Programa.pdf\">PROGRAMA<\/a><\/p>\n\n\n\n<p><a href=\"https:\/\/www.upo.es\/area-historia-arte\/wp-content\/uploads\/2023\/02\/Programa-concierto-seminario-acervo-peruano.pdf\">M\u00e1s informaci\u00f3n<\/a> sobre el concierto de \u00f3rgano.<\/p>\n","protected":false},"excerpt":{"rendered":"<p>Fecha: 8 y 9 de febrero de 2023 Lugar:&nbsp; Sede Olavide en Carmona &#8211; Rectora Rosario Valpuesta (c\/ Ram\u00f3n y[&#8230;]<\/p>\n","protected":false},"author":1,"featured_media":0,"parent":0,"menu_order":0,"comment_status":"closed","ping_status":"closed","template":"","meta":[],"_links":{"self":[{"href":"https:\/\/www.upo.es\/area-historia-arte\/wp-json\/wp\/v2\/pages\/2851"}],"collection":[{"href":"https:\/\/www.upo.es\/area-historia-arte\/wp-json\/wp\/v2\/pages"}],"about":[{"href":"https:\/\/www.upo.es\/area-historia-arte\/wp-json\/wp\/v2\/types\/page"}],"author":[{"embeddable":true,"href":"https:\/\/www.upo.es\/area-historia-arte\/wp-json\/wp\/v2\/users\/1"}],"replies":[{"embeddable":true,"href":"https:\/\/www.upo.es\/area-historia-arte\/wp-json\/wp\/v2\/comments?post=2851"}],"version-history":[{"count":11,"href":"https:\/\/www.upo.es\/area-historia-arte\/wp-json\/wp\/v2\/pages\/2851\/revisions"}],"predecessor-version":[{"id":2914,"href":"https:\/\/www.upo.es\/area-historia-arte\/wp-json\/wp\/v2\/pages\/2851\/revisions\/2914"}],"wp:attachment":[{"href":"https:\/\/www.upo.es\/area-historia-arte\/wp-json\/wp\/v2\/media?parent=2851"}],"curies":[{"name":"wp","href":"https:\/\/api.w.org\/{rel}","templated":true}]}}