{"id":2920,"date":"2023-02-15T10:36:40","date_gmt":"2023-02-15T09:36:40","guid":{"rendered":"https:\/\/www.upo.es\/area-historia-arte\/?page_id=2920"},"modified":"2023-02-20T10:11:44","modified_gmt":"2023-02-20T09:11:44","slug":"seminario-las-artes-plasticas-y-la-modernidad-en-america-latina","status":"publish","type":"page","link":"https:\/\/www.upo.es\/area-historia-arte\/seminario-las-artes-plasticas-y-la-modernidad-en-america-latina\/","title":{"rendered":"Seminario \u00abArtes pl\u00e1sticas en Am\u00e9rica Latina\u00bb"},"content":{"rendered":"\n<div class=\"wp-block-image\"><figure class=\"aligncenter size-large is-resized\"><a href=\"https:\/\/www.upo.es\/area-historia-arte\/wp-content\/uploads\/2023\/02\/Programa-seminario-Las-artes-plasticas.jpeg\"><img loading=\"lazy\" src=\"https:\/\/www.upo.es\/area-historia-arte\/wp-content\/uploads\/2023\/02\/Programa-seminario-Las-artes-plasticas-1024x683.jpeg\" alt=\"\" class=\"wp-image-2928\" width=\"559\" height=\"372\" srcset=\"https:\/\/www.upo.es\/area-historia-arte\/wp-content\/uploads\/2023\/02\/Programa-seminario-Las-artes-plasticas-1024x683.jpeg 1024w, https:\/\/www.upo.es\/area-historia-arte\/wp-content\/uploads\/2023\/02\/Programa-seminario-Las-artes-plasticas-300x200.jpeg 300w, https:\/\/www.upo.es\/area-historia-arte\/wp-content\/uploads\/2023\/02\/Programa-seminario-Las-artes-plasticas-768x512.jpeg 768w, https:\/\/www.upo.es\/area-historia-arte\/wp-content\/uploads\/2023\/02\/Programa-seminario-Las-artes-plasticas-1536x1024.jpeg 1536w, https:\/\/www.upo.es\/area-historia-arte\/wp-content\/uploads\/2023\/02\/Programa-seminario-Las-artes-plasticas-840x560.jpeg 840w, https:\/\/www.upo.es\/area-historia-arte\/wp-content\/uploads\/2023\/02\/Programa-seminario-Las-artes-plasticas-120x80.jpeg 120w, https:\/\/www.upo.es\/area-historia-arte\/wp-content\/uploads\/2023\/02\/Programa-seminario-Las-artes-plasticas-360x240.jpeg 360w, https:\/\/www.upo.es\/area-historia-arte\/wp-content\/uploads\/2023\/02\/Programa-seminario-Las-artes-plasticas-600x400.jpeg 600w, https:\/\/www.upo.es\/area-historia-arte\/wp-content\/uploads\/2023\/02\/Programa-seminario-Las-artes-plasticas.jpeg 1728w\" sizes=\"(max-width: 559px) 100vw, 559px\" \/><\/a><figcaption>Seminario \u00abArtes pl\u00e1sticas en Am\u00e9rica Latina\u00bb<\/figcaption><\/figure><\/div>\n\n\n\n<p class=\"has-text-align-center\"><strong>Fecha<\/strong>: 20 de febrero de 2023<\/p>\n\n\n\n<p class=\"has-text-align-center\"><strong>Lugar:<\/strong>&nbsp; Universidad Pablo de Olavide, edificio 45, aula 110<\/p>\n\n\n\n<p><strong>Organizan<\/strong>:<\/p>\n\n\n\n<ul><li>M\u00e1ster en Arte, Museos y Gesti\u00f3n del Patrimonio Hist\u00f3rico<\/li><li>Programa de doctorado en Historia y Estudios Human\u00edsticos: Europa, Am\u00e9rica, Arte y Lenguas (UPO)<\/li><li>\u00c1rea de Historia del Arte (UPO)<\/li><\/ul>\n\n\n\n<p><a href=\"https:\/\/www.upo.es\/area-historia-arte\/wp-content\/uploads\/2023\/02\/Programa-seminario-Las-artes-plasticas.jpeg\">PROGRAMA<\/a><\/p>\n","protected":false},"excerpt":{"rendered":"<p>Fecha: 20 de febrero de 2023 Lugar:&nbsp; Universidad Pablo de Olavide, edificio 45, aula 110 Organizan: M\u00e1ster en Arte, Museos[&#8230;]<\/p>\n","protected":false},"author":1,"featured_media":0,"parent":0,"menu_order":0,"comment_status":"closed","ping_status":"closed","template":"","meta":[],"_links":{"self":[{"href":"https:\/\/www.upo.es\/area-historia-arte\/wp-json\/wp\/v2\/pages\/2920"}],"collection":[{"href":"https:\/\/www.upo.es\/area-historia-arte\/wp-json\/wp\/v2\/pages"}],"about":[{"href":"https:\/\/www.upo.es\/area-historia-arte\/wp-json\/wp\/v2\/types\/page"}],"author":[{"embeddable":true,"href":"https:\/\/www.upo.es\/area-historia-arte\/wp-json\/wp\/v2\/users\/1"}],"replies":[{"embeddable":true,"href":"https:\/\/www.upo.es\/area-historia-arte\/wp-json\/wp\/v2\/comments?post=2920"}],"version-history":[{"count":4,"href":"https:\/\/www.upo.es\/area-historia-arte\/wp-json\/wp\/v2\/pages\/2920\/revisions"}],"predecessor-version":[{"id":2935,"href":"https:\/\/www.upo.es\/area-historia-arte\/wp-json\/wp\/v2\/pages\/2920\/revisions\/2935"}],"wp:attachment":[{"href":"https:\/\/www.upo.es\/area-historia-arte\/wp-json\/wp\/v2\/media?parent=2920"}],"curies":[{"name":"wp","href":"https:\/\/api.w.org\/{rel}","templated":true}]}}