{"id":293,"date":"2019-03-31T13:07:23","date_gmt":"2019-03-31T11:07:23","guid":{"rendered":"https:\/\/www.upo.es\/area-historia-arte\/?page_id=293"},"modified":"2019-07-16T13:09:17","modified_gmt":"2019-07-16T11:09:17","slug":"publicacion-arte-y-patrimonio-en-espana-y-america","status":"publish","type":"page","link":"https:\/\/www.upo.es\/area-historia-arte\/publicacion-arte-y-patrimonio-en-espana-y-america\/","title":{"rendered":"PUBLICACI\u00d3N: Arte y Patrimonio en Espa\u00f1a y Am\u00e9rica"},"content":{"rendered":"\n<p><\/p>\n\n\n\n<div class=\"wp-block-image\"><figure class=\"aligncenter is-resized\"><img loading=\"lazy\" src=\"https:\/\/www.upo.es\/area-historia-arte\/wp-content\/uploads\/2019\/05\/Arte_y_Patrimonio_en_Espana_y_America-725x1024.jpg\" alt=\"\" class=\"wp-image-1133\" width=\"359\" height=\"508\" srcset=\"https:\/\/www.upo.es\/area-historia-arte\/wp-content\/uploads\/2019\/05\/Arte_y_Patrimonio_en_Espana_y_America-725x1024.jpg 725w, https:\/\/www.upo.es\/area-historia-arte\/wp-content\/uploads\/2019\/05\/Arte_y_Patrimonio_en_Espana_y_America-212x300.jpg 212w, https:\/\/www.upo.es\/area-historia-arte\/wp-content\/uploads\/2019\/05\/Arte_y_Patrimonio_en_Espana_y_America-768x1084.jpg 768w, https:\/\/www.upo.es\/area-historia-arte\/wp-content\/uploads\/2019\/05\/Arte_y_Patrimonio_en_Espana_y_America.jpg 2008w\" sizes=\"(max-width: 359px) 100vw, 359px\" \/><\/figure><\/div>\n\n\n\n<p>Tenemos el agrado de presentarles la publicaci\u00f3n&nbsp;<em>Arte y Patrimonio en Espa\u00f1a y Am\u00e9rica<\/em>, obra con quince trabajos que analizan las transferencias culturales y art\u00edsticas vividas en diversos \u00e1mbitos geogr\u00e1ficos y temporales.<\/p>\n\n\n\n<p><a href=\"https:\/\/www.upo.es\/area-historia-arte\/wp-content\/uploads\/2019\/03\/Arte_y_Patrimonio_en_Espana_y_America_2014.pdf\">Dossier<\/a><\/p>\n","protected":false},"excerpt":{"rendered":"<p>Tenemos el agrado de presentarles la publicaci\u00f3n&nbsp;Arte y Patrimonio en Espa\u00f1a y Am\u00e9rica, obra con quince trabajos que analizan las[&#8230;]<\/p>\n","protected":false},"author":1,"featured_media":0,"parent":0,"menu_order":0,"comment_status":"closed","ping_status":"closed","template":"template-fullwidth.php","meta":[],"_links":{"self":[{"href":"https:\/\/www.upo.es\/area-historia-arte\/wp-json\/wp\/v2\/pages\/293"}],"collection":[{"href":"https:\/\/www.upo.es\/area-historia-arte\/wp-json\/wp\/v2\/pages"}],"about":[{"href":"https:\/\/www.upo.es\/area-historia-arte\/wp-json\/wp\/v2\/types\/page"}],"author":[{"embeddable":true,"href":"https:\/\/www.upo.es\/area-historia-arte\/wp-json\/wp\/v2\/users\/1"}],"replies":[{"embeddable":true,"href":"https:\/\/www.upo.es\/area-historia-arte\/wp-json\/wp\/v2\/comments?post=293"}],"version-history":[{"count":5,"href":"https:\/\/www.upo.es\/area-historia-arte\/wp-json\/wp\/v2\/pages\/293\/revisions"}],"predecessor-version":[{"id":2029,"href":"https:\/\/www.upo.es\/area-historia-arte\/wp-json\/wp\/v2\/pages\/293\/revisions\/2029"}],"wp:attachment":[{"href":"https:\/\/www.upo.es\/area-historia-arte\/wp-json\/wp\/v2\/media?parent=293"}],"curies":[{"name":"wp","href":"https:\/\/api.w.org\/{rel}","templated":true}]}}