{"id":2989,"date":"2023-06-16T16:50:57","date_gmt":"2023-06-16T14:50:57","guid":{"rendered":"https:\/\/www.upo.es\/area-historia-arte\/?page_id=2989"},"modified":"2023-06-16T16:55:30","modified_gmt":"2023-06-16T14:55:30","slug":"ii-seminario-las-poblaciones-andaluzas-y-las-celebraciones-festivas","status":"publish","type":"page","link":"https:\/\/www.upo.es\/area-historia-arte\/ii-seminario-las-poblaciones-andaluzas-y-las-celebraciones-festivas\/","title":{"rendered":"II Seminario Las poblaciones andaluzas y las celebraciones festivas"},"content":{"rendered":"\n<div class=\"wp-block-image\"><figure class=\"aligncenter size-large is-resized\"><img loading=\"lazy\" src=\"https:\/\/www.upo.es\/area-historia-arte\/wp-content\/uploads\/2023\/06\/Programa-II-Seminario-Las-poblaciones-andaluzas_page-0001-1024x576.jpg\" alt=\"\" class=\"wp-image-2987\" width=\"700\" height=\"394\" srcset=\"https:\/\/www.upo.es\/area-historia-arte\/wp-content\/uploads\/2023\/06\/Programa-II-Seminario-Las-poblaciones-andaluzas_page-0001-1024x576.jpg 1024w, https:\/\/www.upo.es\/area-historia-arte\/wp-content\/uploads\/2023\/06\/Programa-II-Seminario-Las-poblaciones-andaluzas_page-0001-300x169.jpg 300w, https:\/\/www.upo.es\/area-historia-arte\/wp-content\/uploads\/2023\/06\/Programa-II-Seminario-Las-poblaciones-andaluzas_page-0001-768x432.jpg 768w, https:\/\/www.upo.es\/area-historia-arte\/wp-content\/uploads\/2023\/06\/Programa-II-Seminario-Las-poblaciones-andaluzas_page-0001-1536x864.jpg 1536w, https:\/\/www.upo.es\/area-historia-arte\/wp-content\/uploads\/2023\/06\/Programa-II-Seminario-Las-poblaciones-andaluzas_page-0001-2048x1152.jpg 2048w\" sizes=\"(max-width: 700px) 100vw, 700px\" \/><figcaption>II Seminario Las poblaciones andaluzas y las celebraciones festivas<\/figcaption><\/figure><\/div>\n\n\n\n<p class=\"has-text-align-center\"><strong>Fecha<\/strong>: 31 de mayo de 2022<\/p>\n\n\n\n<p class=\"has-text-align-center\"><strong>Lugar:<\/strong>\u00a0 Universidad Pablo de Olavide, sesi\u00f3n virtual<\/p>\n\n\n\n<p><strong>Direcci\u00f3n<\/strong>:<\/p>\n\n\n\n<ul><li>Francisco Ollero Lobato (Universidad Pablo de Olavide, Sevilla)<\/li><\/ul>\n\n\n\n<p><strong>Coordinaci\u00f3n:<\/strong><\/p>\n\n\n\n<ul><li>Jos\u00e9 Jaime Garc\u00eda Bernal y Jos\u00e9 Manuel Aladro Prieto (Universidad de Sevilla)<\/li><\/ul>\n\n\n\n<p><strong>Organizaci\u00f3n<\/strong>:<\/p>\n\n\n\n<ul><li>Proyecto PAIDI 2021 P20_00838 Atlas hist\u00f3rico de las celebraciones p\u00fablicas en Andaluc\u00eda durante la Edad Moderna, financiado por el Fondo Europeo de Desarrollo Regional (FEDER) y por la Consejer\u00eda de Transformaci\u00f3n Econ\u00f3mica, Industria, Conocimiento y Universidades de la Junta de Andaluc\u00eda. Se inscribe en el marco del programa operativo FEDER Andaluc\u00eda 2014-2020 (objetivo tem\u00e1tico \u201c01 &#8211; Refuerzo de la investigaci\u00f3n, el desarrollo tecnol\u00f3gico y la innovaci\u00f3n\u201d. Porcentaje de cofinanciaci\u00f3n FEDER 80%).<\/li><\/ul>\n\n\n\n<p><strong>Informaci\u00f3n e inscripci\u00f3n<\/strong>: <a href=\"mailto:folllob@upo.es\">folllob@upo.es<\/a><\/p>\n\n\n\n<p><a href=\"https:\/\/www.upo.es\/area-historia-arte\/wp-content\/uploads\/2023\/06\/Programa-II-Seminario-Las-poblaciones-andaluzas.pdf\">PROGRAMA<\/a><\/p>\n","protected":false},"excerpt":{"rendered":"<p>Fecha: 31 de mayo de 2022 Lugar:\u00a0 Universidad Pablo de Olavide, sesi\u00f3n virtual Direcci\u00f3n: Francisco Ollero Lobato (Universidad Pablo de[&#8230;]<\/p>\n","protected":false},"author":1,"featured_media":0,"parent":0,"menu_order":0,"comment_status":"closed","ping_status":"closed","template":"","meta":[],"_links":{"self":[{"href":"https:\/\/www.upo.es\/area-historia-arte\/wp-json\/wp\/v2\/pages\/2989"}],"collection":[{"href":"https:\/\/www.upo.es\/area-historia-arte\/wp-json\/wp\/v2\/pages"}],"about":[{"href":"https:\/\/www.upo.es\/area-historia-arte\/wp-json\/wp\/v2\/types\/page"}],"author":[{"embeddable":true,"href":"https:\/\/www.upo.es\/area-historia-arte\/wp-json\/wp\/v2\/users\/1"}],"replies":[{"embeddable":true,"href":"https:\/\/www.upo.es\/area-historia-arte\/wp-json\/wp\/v2\/comments?post=2989"}],"version-history":[{"count":3,"href":"https:\/\/www.upo.es\/area-historia-arte\/wp-json\/wp\/v2\/pages\/2989\/revisions"}],"predecessor-version":[{"id":2993,"href":"https:\/\/www.upo.es\/area-historia-arte\/wp-json\/wp\/v2\/pages\/2989\/revisions\/2993"}],"wp:attachment":[{"href":"https:\/\/www.upo.es\/area-historia-arte\/wp-json\/wp\/v2\/media?parent=2989"}],"curies":[{"name":"wp","href":"https:\/\/api.w.org\/{rel}","templated":true}]}}