{"id":3016,"date":"2023-11-27T15:58:17","date_gmt":"2023-11-27T14:58:17","guid":{"rendered":"https:\/\/www.upo.es\/area-historia-arte\/?page_id=3016"},"modified":"2023-11-27T15:59:24","modified_gmt":"2023-11-27T14:59:24","slug":"escenarios-barrocos-de-cara-a-la-ciudad-fachadas-barrocas-y-su-definicion-del-espacio-publico","status":"publish","type":"page","link":"https:\/\/www.upo.es\/area-historia-arte\/escenarios-barrocos-de-cara-a-la-ciudad-fachadas-barrocas-y-su-definicion-del-espacio-publico\/","title":{"rendered":"Escenarios Barrocos \u00abDe cara a la ciudad\u00bb Fachadas barrocas y su definici\u00f3n del espacio p\u00fablico"},"content":{"rendered":"\n<div class=\"wp-block-image\"><figure class=\"aligncenter size-large is-resized\"><a href=\"https:\/\/www.upo.es\/area-historia-arte\/wp-content\/uploads\/2023\/11\/2023-11-29.-De-cara-a-la-ciudad.pdf\"><img loading=\"lazy\" src=\"https:\/\/www.upo.es\/area-historia-arte\/wp-content\/uploads\/2023\/11\/2023-11-29.-De-cara-a-la-ciudad.jpg\" alt=\"\" class=\"wp-image-3017\" width=\"386\" height=\"545\" srcset=\"https:\/\/www.upo.es\/area-historia-arte\/wp-content\/uploads\/2023\/11\/2023-11-29.-De-cara-a-la-ciudad.jpg 427w, https:\/\/www.upo.es\/area-historia-arte\/wp-content\/uploads\/2023\/11\/2023-11-29.-De-cara-a-la-ciudad-212x300.jpg 212w\" sizes=\"(max-width: 386px) 100vw, 386px\" \/><\/a><figcaption>Escenarios Barrocos \u00abDe cara a la ciudad\u00bb Fachadas barrocas y su definici\u00f3n del espacio p\u00fablico<\/figcaption><\/figure><\/div>\n\n\n\n<p class=\"has-text-align-center\"><strong>Fecha<\/strong>: 29 de noviembre de 2023, 16:30 horas<\/p>\n\n\n\n<p class=\"has-text-align-center\"><strong>Lugar:<\/strong>&nbsp; Centro de estudios del Barroco Iberoamericano. Sede Olavide en Carmona. Olavide. Sevilla. Rectora Rosario Valpuesta<\/p>\n\n\n\n<p>Participar\u00e1n los doctores Gabriele Romano, Mar\u00eda Cristina Dawson, Fernando Quiles Garc\u00eda y el profesor Jaime Jallo.<\/p>\n","protected":false},"excerpt":{"rendered":"<p>Fecha: 29 de noviembre de 2023, 16:30 horas Lugar:&nbsp; Centro de estudios del Barroco Iberoamericano. Sede Olavide en Carmona. Olavide.[&#8230;]<\/p>\n","protected":false},"author":1,"featured_media":0,"parent":0,"menu_order":0,"comment_status":"closed","ping_status":"closed","template":"","meta":[],"_links":{"self":[{"href":"https:\/\/www.upo.es\/area-historia-arte\/wp-json\/wp\/v2\/pages\/3016"}],"collection":[{"href":"https:\/\/www.upo.es\/area-historia-arte\/wp-json\/wp\/v2\/pages"}],"about":[{"href":"https:\/\/www.upo.es\/area-historia-arte\/wp-json\/wp\/v2\/types\/page"}],"author":[{"embeddable":true,"href":"https:\/\/www.upo.es\/area-historia-arte\/wp-json\/wp\/v2\/users\/1"}],"replies":[{"embeddable":true,"href":"https:\/\/www.upo.es\/area-historia-arte\/wp-json\/wp\/v2\/comments?post=3016"}],"version-history":[{"count":2,"href":"https:\/\/www.upo.es\/area-historia-arte\/wp-json\/wp\/v2\/pages\/3016\/revisions"}],"predecessor-version":[{"id":3020,"href":"https:\/\/www.upo.es\/area-historia-arte\/wp-json\/wp\/v2\/pages\/3016\/revisions\/3020"}],"wp:attachment":[{"href":"https:\/\/www.upo.es\/area-historia-arte\/wp-json\/wp\/v2\/media?parent=3016"}],"curies":[{"name":"wp","href":"https:\/\/api.w.org\/{rel}","templated":true}]}}