{"id":3029,"date":"2024-02-05T20:08:02","date_gmt":"2024-02-05T19:08:02","guid":{"rendered":"https:\/\/www.upo.es\/area-historia-arte\/?page_id=3029"},"modified":"2024-02-05T20:08:02","modified_gmt":"2024-02-05T19:08:02","slug":"seminario-ideas-proyectos-arquitecturas-y-territorios-ilustracion-en-espana-y-america","status":"publish","type":"page","link":"https:\/\/www.upo.es\/area-historia-arte\/seminario-ideas-proyectos-arquitecturas-y-territorios-ilustracion-en-espana-y-america\/","title":{"rendered":"Seminario Ideas, Proyectos, Arquitecturas y Territorios. Ilustraci\u00f3n en Espa\u00f1a y Am\u00e9rica"},"content":{"rendered":"\n<div class=\"wp-block-image\"><figure class=\"aligncenter size-large is-resized\"><a href=\"https:\/\/www.upo.es\/area-historia-arte\/wp-content\/uploads\/2024\/02\/Programa-Seminario-Ilustracion.pdf\"><img loading=\"lazy\" src=\"https:\/\/www.upo.es\/area-historia-arte\/wp-content\/uploads\/2024\/02\/Programa-Seminario-Ilustracion_Pagina_1-1024x724.jpg\" alt=\"\" class=\"wp-image-3030\" width=\"643\" height=\"454\" srcset=\"https:\/\/www.upo.es\/area-historia-arte\/wp-content\/uploads\/2024\/02\/Programa-Seminario-Ilustracion_Pagina_1-1024x724.jpg 1024w, https:\/\/www.upo.es\/area-historia-arte\/wp-content\/uploads\/2024\/02\/Programa-Seminario-Ilustracion_Pagina_1-300x212.jpg 300w, https:\/\/www.upo.es\/area-historia-arte\/wp-content\/uploads\/2024\/02\/Programa-Seminario-Ilustracion_Pagina_1-768x543.jpg 768w, https:\/\/www.upo.es\/area-historia-arte\/wp-content\/uploads\/2024\/02\/Programa-Seminario-Ilustracion_Pagina_1-1536x1086.jpg 1536w, https:\/\/www.upo.es\/area-historia-arte\/wp-content\/uploads\/2024\/02\/Programa-Seminario-Ilustracion_Pagina_1-2048x1448.jpg 2048w\" sizes=\"(max-width: 643px) 100vw, 643px\" \/><\/a><figcaption>Seminario Ideas, Proyectos, Arquitecturas y Territorios. Ilustraci\u00f3n en Espa\u00f1a y Am\u00e9rica<\/figcaption><\/figure><\/div>\n\n\n\n<p class=\"has-text-align-center\"><strong>Fecha<\/strong>: 8 y 9 de febrero de 2024<\/p>\n\n\n\n<p class=\"has-text-align-center\"><strong>Lugar:<\/strong>\u00a0 Universidad Pablo de Olavide, edificio 45, aula 110<\/p>\n\n\n\n<p><strong>Direcci\u00f3n cient\u00edfica<\/strong>: Francisco Ollero Lobato y William Rey Ashfield<\/p>\n\n\n\n<p><strong>Coordinaci\u00f3n<\/strong>: Daniela Kaplan<\/p>\n\n\n\n<p><strong>Organiza<\/strong>:<br>M\u00e1ster Universitario Arte, Museos y Gesti\u00f3n del Patrimonio Hist\u00f3rico. Universidad Pablo de Olavide, Sevilla.<br>Programa de Doctorado en Historia y Estudios Human\u00edsticos. Europa, Am\u00e9rica, Arte y Lenguas, Universidad Pablo de Olavide, Sevilla.<\/p>\n\n\n\n<p><br><strong>Inscripciones<\/strong>: Daniela Kaplan <a href=\"mailto:danielakaplan96@gmail.com\">danielakaplan96@gmail.com<\/a><br>La asistencia es libre hasta completar aforo. Tambi\u00e9n se podr\u00e1 seguir el seminario de forma virtual. Para ello, los interesados deber\u00e1n inscribirse al correo electr\u00f3nico.<\/p>\n\n\n\n<p><a href=\"https:\/\/www.upo.es\/area-historia-arte\/wp-content\/uploads\/2024\/02\/Programa-Seminario-Ilustracion.pdf\">PROGRAMA<\/a><\/p>\n","protected":false},"excerpt":{"rendered":"<p>Fecha: 8 y 9 de febrero de 2024 Lugar:\u00a0 Universidad Pablo de Olavide, edificio 45, aula 110 Direcci\u00f3n cient\u00edfica: Francisco[&#8230;]<\/p>\n","protected":false},"author":1,"featured_media":0,"parent":0,"menu_order":0,"comment_status":"closed","ping_status":"closed","template":"","meta":[],"_links":{"self":[{"href":"https:\/\/www.upo.es\/area-historia-arte\/wp-json\/wp\/v2\/pages\/3029"}],"collection":[{"href":"https:\/\/www.upo.es\/area-historia-arte\/wp-json\/wp\/v2\/pages"}],"about":[{"href":"https:\/\/www.upo.es\/area-historia-arte\/wp-json\/wp\/v2\/types\/page"}],"author":[{"embeddable":true,"href":"https:\/\/www.upo.es\/area-historia-arte\/wp-json\/wp\/v2\/users\/1"}],"replies":[{"embeddable":true,"href":"https:\/\/www.upo.es\/area-historia-arte\/wp-json\/wp\/v2\/comments?post=3029"}],"version-history":[{"count":1,"href":"https:\/\/www.upo.es\/area-historia-arte\/wp-json\/wp\/v2\/pages\/3029\/revisions"}],"predecessor-version":[{"id":3032,"href":"https:\/\/www.upo.es\/area-historia-arte\/wp-json\/wp\/v2\/pages\/3029\/revisions\/3032"}],"wp:attachment":[{"href":"https:\/\/www.upo.es\/area-historia-arte\/wp-json\/wp\/v2\/media?parent=3029"}],"curies":[{"name":"wp","href":"https:\/\/api.w.org\/{rel}","templated":true}]}}