{"id":3083,"date":"2024-03-06T11:56:14","date_gmt":"2024-03-06T10:56:14","guid":{"rendered":"https:\/\/www.upo.es\/area-historia-arte\/?page_id=3083"},"modified":"2024-03-06T11:57:03","modified_gmt":"2024-03-06T10:57:03","slug":"xiii-jornadas-de-orientacion-y-empleo","status":"publish","type":"page","link":"https:\/\/www.upo.es\/area-historia-arte\/xiii-jornadas-de-orientacion-y-empleo\/","title":{"rendered":"XIII Jornadas de Orientaci\u00f3n y Empleo"},"content":{"rendered":"\n<div class=\"wp-block-image\"><figure class=\"aligncenter size-large is-resized\"><a href=\"https:\/\/www.upo.es\/area-historia-arte\/wp-content\/uploads\/2024\/03\/Programa-jornadas-empleabilidad.pdf\"><img loading=\"lazy\" src=\"https:\/\/www.upo.es\/area-historia-arte\/wp-content\/uploads\/2024\/03\/Programa-jornadas-empleabilidad.png\" alt=\"\" class=\"wp-image-3084\" width=\"318\" height=\"452\" srcset=\"https:\/\/www.upo.es\/area-historia-arte\/wp-content\/uploads\/2024\/03\/Programa-jornadas-empleabilidad.png 604w, https:\/\/www.upo.es\/area-historia-arte\/wp-content\/uploads\/2024\/03\/Programa-jornadas-empleabilidad-211x300.png 211w\" sizes=\"(max-width: 318px) 100vw, 318px\" \/><\/a><figcaption>XIII Jornadas de Orientaci\u00f3n y Empleo<\/figcaption><\/figure><\/div>\n\n\n\n<p class=\"has-text-align-center\"><strong>Fecha<\/strong>: 15 de marzo de 2024<\/p>\n\n\n\n<p class=\"has-text-align-center\"><strong>Lugar:<\/strong>&nbsp; edificio 4, aula 2, Universidad Pablo de Olavide<\/p>\n\n\n\n<p><strong>Coordinaci\u00f3n<\/strong>:<\/p>\n\n\n\n<ul><li>Francisco Ollero Lobato<\/li><li>Victoria S\u00e1nchez Mellado<\/li><\/ul>\n\n\n\n<p><strong>Organizan<\/strong>:<\/p>\n\n\n\n<ul><li>Facultad de Humanidades.<\/li><li>M\u00e1ster en Arte, Museos y Gesti\u00f3n del Patrimonio Hist\u00f3rico.<\/li><\/ul>\n\n\n\n<p><strong>Colaboran<\/strong>:<\/p>\n\n\n\n<ul><li>Fundaci\u00f3n de la Universidad Pablo de Olavide.<\/li><li>Antiquarium, Sevilla.<\/li><li>Engranajes culturales.\u00a0<\/li><li>Museo Interactivo de la M\u00fasica, M\u00e1laga.<\/li><li>Sedena.<\/li><\/ul>\n\n\n\n<p><a href=\"https:\/\/www.upo.es\/area-historia-arte\/wp-content\/uploads\/2024\/03\/Programa-jornadas-empleabilidad.pdf\">PROGRAMA<\/a><\/p>\n","protected":false},"excerpt":{"rendered":"<p>Fecha: 15 de marzo de 2024 Lugar:&nbsp; edificio 4, aula 2, Universidad Pablo de Olavide Coordinaci\u00f3n: Francisco Ollero Lobato Victoria[&#8230;]<\/p>\n","protected":false},"author":1,"featured_media":0,"parent":0,"menu_order":0,"comment_status":"closed","ping_status":"closed","template":"","meta":[],"_links":{"self":[{"href":"https:\/\/www.upo.es\/area-historia-arte\/wp-json\/wp\/v2\/pages\/3083"}],"collection":[{"href":"https:\/\/www.upo.es\/area-historia-arte\/wp-json\/wp\/v2\/pages"}],"about":[{"href":"https:\/\/www.upo.es\/area-historia-arte\/wp-json\/wp\/v2\/types\/page"}],"author":[{"embeddable":true,"href":"https:\/\/www.upo.es\/area-historia-arte\/wp-json\/wp\/v2\/users\/1"}],"replies":[{"embeddable":true,"href":"https:\/\/www.upo.es\/area-historia-arte\/wp-json\/wp\/v2\/comments?post=3083"}],"version-history":[{"count":2,"href":"https:\/\/www.upo.es\/area-historia-arte\/wp-json\/wp\/v2\/pages\/3083\/revisions"}],"predecessor-version":[{"id":3087,"href":"https:\/\/www.upo.es\/area-historia-arte\/wp-json\/wp\/v2\/pages\/3083\/revisions\/3087"}],"wp:attachment":[{"href":"https:\/\/www.upo.es\/area-historia-arte\/wp-json\/wp\/v2\/media?parent=3083"}],"curies":[{"name":"wp","href":"https:\/\/api.w.org\/{rel}","templated":true}]}}