{"id":3094,"date":"2024-04-17T18:18:51","date_gmt":"2024-04-17T16:18:51","guid":{"rendered":"https:\/\/www.upo.es\/area-historia-arte\/?page_id=3094"},"modified":"2024-04-17T18:18:51","modified_gmt":"2024-04-17T16:18:51","slug":"curso-de-verano-olavide-en-carmona-introduccion-al-concepto-de-patrimonio-cultural-su-proteccion-y-valorizacion","status":"publish","type":"page","link":"https:\/\/www.upo.es\/area-historia-arte\/curso-de-verano-olavide-en-carmona-introduccion-al-concepto-de-patrimonio-cultural-su-proteccion-y-valorizacion\/","title":{"rendered":"Curso de Verano Olavide en Carmona. Introducci\u00f3n al concepto de patrimonio cultural, su protecci\u00f3n y valorizaci\u00f3n"},"content":{"rendered":"\n<div class=\"wp-block-image\"><figure class=\"aligncenter size-large is-resized\"><a href=\"https:\/\/www.upo.es\/area-historia-arte\/wp-content\/uploads\/2024\/04\/Curso-de-Verano-Olavide.-22-edicion.pdf\"><img loading=\"lazy\" src=\"https:\/\/www.upo.es\/area-historia-arte\/wp-content\/uploads\/2024\/04\/Curso-de-Verano-Olavide.-22-edicion_portada.jpg\" alt=\"\" class=\"wp-image-3095\" width=\"623\" height=\"303\" srcset=\"https:\/\/www.upo.es\/area-historia-arte\/wp-content\/uploads\/2024\/04\/Curso-de-Verano-Olavide.-22-edicion_portada.jpg 893w, https:\/\/www.upo.es\/area-historia-arte\/wp-content\/uploads\/2024\/04\/Curso-de-Verano-Olavide.-22-edicion_portada-300x146.jpg 300w, https:\/\/www.upo.es\/area-historia-arte\/wp-content\/uploads\/2024\/04\/Curso-de-Verano-Olavide.-22-edicion_portada-768x374.jpg 768w\" sizes=\"(max-width: 623px) 100vw, 623px\" \/><\/a><figcaption>Curso de Verano Olavide en Carmona 22\u00aa edici\u00f3n<br>Introducci\u00f3n al concepto de patrimonio cultural, su protecci\u00f3n y valorizaci\u00f3n<br>del 17 al 19 de junio de 2024<\/figcaption><\/figure><\/div>\n\n\n\n<p class=\"has-text-align-center\"><strong>Fecha<\/strong>: del 17 al 19 de junio de 2024<\/p>\n\n\n\n<p class=\"has-text-align-center\"><strong>Lugar:<\/strong>\u00a0 Sede Olavide en Carmona &#8211; Rectora Rosario Valpuesta. C\/ Ram\u00f3n y Cajal, 15. 41410 &#8211; Carmona (Sevilla)<\/p>\n\n\n\n<p><strong>Direcci\u00f3n del curso<\/strong>:<\/p>\n\n\n\n<ul><li>Prof. Dr. D. Fernando Quiles Garc\u00eda (Director de la C\u00e1tedra de Estudios Barrocos Iberoamericanos &#8211; Sede Olavide en Carmona. \u00c1rea de Historia del Arte en el Departamento de Geograf\u00eda, Historia y Filosof\u00eda en la Universidad Pablo de Olavide).<\/li><li>Arq. Dra. D\u00f1a. Mar\u00eda Cristina Dawson Universidad Nacional de Cuyo. Miembro de Instituto de Historia de Arte).<\/li><\/ul>\n\n\n\n<p><strong>Patrocinan<\/strong>:<\/p>\n\n\n\n<ul><li>Diputaci\u00f3n de Sevilla.<\/li><li>Fundaci\u00f3n Cajasol.<\/li><\/ul>\n\n\n\n<p><strong>Colaboran<\/strong>:<\/p>\n\n\n\n<ul><li>C\u00e1tedra de Estudios del Barroco Iberoamericano Olavide\/Carmona.<\/li><li>\u00c1rea de Historia del Arte de la Universidad Pablo de Olavide.<\/li><li>Carmona. Candidatura Patrimonio Mundial.<\/li><li>Museo de la Ciudad. Excmo. Ayuntamiento de Carmona.<\/li><li>Ayuntamiento de Carmona. Delegaci\u00f3n de Cultura, Territorio y Patrimonio Hist\u00f3rico.<\/li><li>Carmona. Lucero de Europa.<\/li><\/ul>\n\n\n\n<p><a href=\"https:\/\/www.upo.es\/area-historia-arte\/wp-content\/uploads\/2024\/04\/Curso-de-Verano-Olavide.-22-edicion.pdf\">PROGRAMA<\/a><\/p>\n","protected":false},"excerpt":{"rendered":"<p>Fecha: del 17 al 19 de junio de 2024 Lugar:\u00a0 Sede Olavide en Carmona &#8211; Rectora Rosario Valpuesta. C\/ Ram\u00f3n[&#8230;]<\/p>\n","protected":false},"author":1,"featured_media":0,"parent":0,"menu_order":0,"comment_status":"closed","ping_status":"closed","template":"","meta":[],"_links":{"self":[{"href":"https:\/\/www.upo.es\/area-historia-arte\/wp-json\/wp\/v2\/pages\/3094"}],"collection":[{"href":"https:\/\/www.upo.es\/area-historia-arte\/wp-json\/wp\/v2\/pages"}],"about":[{"href":"https:\/\/www.upo.es\/area-historia-arte\/wp-json\/wp\/v2\/types\/page"}],"author":[{"embeddable":true,"href":"https:\/\/www.upo.es\/area-historia-arte\/wp-json\/wp\/v2\/users\/1"}],"replies":[{"embeddable":true,"href":"https:\/\/www.upo.es\/area-historia-arte\/wp-json\/wp\/v2\/comments?post=3094"}],"version-history":[{"count":1,"href":"https:\/\/www.upo.es\/area-historia-arte\/wp-json\/wp\/v2\/pages\/3094\/revisions"}],"predecessor-version":[{"id":3097,"href":"https:\/\/www.upo.es\/area-historia-arte\/wp-json\/wp\/v2\/pages\/3094\/revisions\/3097"}],"wp:attachment":[{"href":"https:\/\/www.upo.es\/area-historia-arte\/wp-json\/wp\/v2\/media?parent=3094"}],"curies":[{"name":"wp","href":"https:\/\/api.w.org\/{rel}","templated":true}]}}