{"id":3204,"date":"2025-01-30T13:02:56","date_gmt":"2025-01-30T12:02:56","guid":{"rendered":"https:\/\/www.upo.es\/area-historia-arte\/?page_id=3204"},"modified":"2025-02-04T11:32:36","modified_gmt":"2025-02-04T10:32:36","slug":"https-www-upo-es-area-historia-arte-seminario-arte-arquitectura-y-poder-en-el-siglo-xx-una-perspectiva-latinoamericana","status":"publish","type":"page","link":"https:\/\/www.upo.es\/area-historia-arte\/https-www-upo-es-area-historia-arte-seminario-arte-arquitectura-y-poder-en-el-siglo-xx-una-perspectiva-latinoamericana\/","title":{"rendered":"Seminario arte, arquitectura y poder en el siglo XX: una perspectiva latinoamericana"},"content":{"rendered":"\n<div class=\"wp-block-image\"><figure class=\"aligncenter size-large\"><a href=\"https:\/\/www.upo.es\/area-historia-arte\/wp-content\/uploads\/2025\/02\/Sem.-arte-arq-y-poder-en-el-siglo-XX-2.png\"><img loading=\"lazy\" width=\"1024\" height=\"576\" src=\"https:\/\/www.upo.es\/area-historia-arte\/wp-content\/uploads\/2025\/02\/Sem.-arte-arq-y-poder-en-el-siglo-XX-2-1024x576.png\" alt=\"\" class=\"wp-image-3224\" srcset=\"https:\/\/www.upo.es\/area-historia-arte\/wp-content\/uploads\/2025\/02\/Sem.-arte-arq-y-poder-en-el-siglo-XX-2-1024x576.png 1024w, https:\/\/www.upo.es\/area-historia-arte\/wp-content\/uploads\/2025\/02\/Sem.-arte-arq-y-poder-en-el-siglo-XX-2-300x169.png 300w, https:\/\/www.upo.es\/area-historia-arte\/wp-content\/uploads\/2025\/02\/Sem.-arte-arq-y-poder-en-el-siglo-XX-2-768x432.png 768w, https:\/\/www.upo.es\/area-historia-arte\/wp-content\/uploads\/2025\/02\/Sem.-arte-arq-y-poder-en-el-siglo-XX-2-1536x864.png 1536w, https:\/\/www.upo.es\/area-historia-arte\/wp-content\/uploads\/2025\/02\/Sem.-arte-arq-y-poder-en-el-siglo-XX-2.png 1920w\" sizes=\"(max-width: 1024px) 100vw, 1024px\" \/><\/a><\/figure><\/div>\n\n\n\n<p class=\"has-text-align-center\">Seminario arte, arquitectura y poder en el siglo XX: una perspectiva latinoamericana<\/p>\n\n\n\n<p class=\"has-text-align-center\"><strong>Fecha<\/strong>: del 10 al 11 de febrero de 2025<\/p>\n\n\n\n<p class=\"has-text-align-center\"><strong>Lugar:<\/strong>&nbsp; Universidad Pablo de Olavide<\/p>\n\n\n\n<p><strong>Coordinaci\u00f3n:<\/strong><\/p>\n\n\n\n<ul><li>Daniela Kaplan Stein<\/li><\/ul>\n\n\n\n<p><strong>Organizan<\/strong>:<\/p>\n\n\n\n<ul><li>M\u00e1ster en Arte, Museos y Gesti\u00f3n del Patrimonio Hist\u00f3rico<\/li><li>\u00c1rea de Historia del Arte<\/li><\/ul>\n\n\n\n<p><a href=\"https:\/\/www.upo.es\/area-historia-arte\/https-www-upo-es-area-historia-arte-seminario-arte-arquitectura-y-poder-en-el-siglo-xx-una-perspectiva-latinoamericana\/\" data-type=\"page\" data-id=\"3204\">PROGRAMA<\/a><\/p>\n","protected":false},"excerpt":{"rendered":"<p>Seminario arte, arquitectura y poder en el siglo XX: una perspectiva latinoamericana Fecha: del 10 al 11 de febrero de[&#8230;]<\/p>\n","protected":false},"author":1,"featured_media":0,"parent":0,"menu_order":0,"comment_status":"closed","ping_status":"closed","template":"","meta":[],"_links":{"self":[{"href":"https:\/\/www.upo.es\/area-historia-arte\/wp-json\/wp\/v2\/pages\/3204"}],"collection":[{"href":"https:\/\/www.upo.es\/area-historia-arte\/wp-json\/wp\/v2\/pages"}],"about":[{"href":"https:\/\/www.upo.es\/area-historia-arte\/wp-json\/wp\/v2\/types\/page"}],"author":[{"embeddable":true,"href":"https:\/\/www.upo.es\/area-historia-arte\/wp-json\/wp\/v2\/users\/1"}],"replies":[{"embeddable":true,"href":"https:\/\/www.upo.es\/area-historia-arte\/wp-json\/wp\/v2\/comments?post=3204"}],"version-history":[{"count":6,"href":"https:\/\/www.upo.es\/area-historia-arte\/wp-json\/wp\/v2\/pages\/3204\/revisions"}],"predecessor-version":[{"id":3225,"href":"https:\/\/www.upo.es\/area-historia-arte\/wp-json\/wp\/v2\/pages\/3204\/revisions\/3225"}],"wp:attachment":[{"href":"https:\/\/www.upo.es\/area-historia-arte\/wp-json\/wp\/v2\/media?parent=3204"}],"curies":[{"name":"wp","href":"https:\/\/api.w.org\/{rel}","templated":true}]}}