{"id":3284,"date":"2025-02-27T12:48:20","date_gmt":"2025-02-27T11:48:20","guid":{"rendered":"https:\/\/www.upo.es\/area-historia-arte\/?page_id=3284"},"modified":"2025-02-27T13:54:40","modified_gmt":"2025-02-27T12:54:40","slug":"xiv-jornadas-de-orientacion-y-empleo","status":"publish","type":"page","link":"https:\/\/www.upo.es\/area-historia-arte\/xiv-jornadas-de-orientacion-y-empleo\/","title":{"rendered":"XIV Jornadas de orientaci\u00f3n y empleo"},"content":{"rendered":"\n<p>Universidad Pablo de Olavide, sala de grados edificio 6<br>14 de marzo de 2025<br><br><\/p>\n\n\n\n<figure class=\"wp-block-image size-large\"><img loading=\"lazy\" width=\"724\" height=\"1024\" src=\"https:\/\/www.upo.es\/area-historia-arte\/wp-content\/uploads\/2025\/02\/Jornadas-de-Orientacio\u0301n-y-empleo-14-724x1024.png\" alt=\"\" class=\"wp-image-3310\" srcset=\"https:\/\/www.upo.es\/area-historia-arte\/wp-content\/uploads\/2025\/02\/Jornadas-de-Orientacio\u0301n-y-empleo-14-724x1024.png 724w, https:\/\/www.upo.es\/area-historia-arte\/wp-content\/uploads\/2025\/02\/Jornadas-de-Orientacio\u0301n-y-empleo-14-212x300.png 212w, https:\/\/www.upo.es\/area-historia-arte\/wp-content\/uploads\/2025\/02\/Jornadas-de-Orientacio\u0301n-y-empleo-14-768x1086.png 768w, https:\/\/www.upo.es\/area-historia-arte\/wp-content\/uploads\/2025\/02\/Jornadas-de-Orientacio\u0301n-y-empleo-14-1086x1536.png 1086w, https:\/\/www.upo.es\/area-historia-arte\/wp-content\/uploads\/2025\/02\/Jornadas-de-Orientacio\u0301n-y-empleo-14-1448x2048.png 1448w, https:\/\/www.upo.es\/area-historia-arte\/wp-content\/uploads\/2025\/02\/Jornadas-de-Orientacio\u0301n-y-empleo-14.png 1587w\" sizes=\"(max-width: 724px) 100vw, 724px\" \/><\/figure>\n\n\n\n<p>Fecha:<br>14 de marzo de 2025<br><br>Lugar: <br>Universidad Pablo de Olavide, sala de grados edificio 6<br><br>Direcci\u00f3n:<br>Francisco Ollero Lobato<\/p>\n\n\n\n<p>Coordinaci\u00f3n:<br>Daniela Kaplan Stein<br><br>Organizan:<br>M\u00e1ster en Arte, Museos y Gesti\u00f3n del Patrimonio<br>\u00c1rea de Historia del Arte<br>Facultad de Humanidades. Programa Ori\u00e9ntate y Encuentra<br><br>Colabora: <br>Fundaci\u00f3n Universidad Pablo de Olavide. \u00c1rea de Empleabilidad y Emprendimiento<br><br><\/p>\n\n\n\n<div class=\"wp-block-file\"><a href=\"https:\/\/www.upo.es\/area-historia-arte\/wp-content\/uploads\/2025\/02\/Jornadas-de-Orientacio\u0301n-y-empleo-4.pdf\">PROGRAMA<\/a><a href=\"https:\/\/www.upo.es\/area-historia-arte\/wp-content\/uploads\/2025\/02\/Jornadas-de-Orientacio\u0301n-y-empleo-4.pdf\" class=\"wp-block-file__button\" download>Descarga<\/a><\/div>\n","protected":false},"excerpt":{"rendered":"<p>Universidad Pablo de Olavide, sala de grados edificio 614 de marzo de 2025 Fecha:14 de marzo de 2025 Lugar: Universidad[&#8230;]<\/p>\n","protected":false},"author":1,"featured_media":0,"parent":0,"menu_order":0,"comment_status":"closed","ping_status":"closed","template":"","meta":[],"_links":{"self":[{"href":"https:\/\/www.upo.es\/area-historia-arte\/wp-json\/wp\/v2\/pages\/3284"}],"collection":[{"href":"https:\/\/www.upo.es\/area-historia-arte\/wp-json\/wp\/v2\/pages"}],"about":[{"href":"https:\/\/www.upo.es\/area-historia-arte\/wp-json\/wp\/v2\/types\/page"}],"author":[{"embeddable":true,"href":"https:\/\/www.upo.es\/area-historia-arte\/wp-json\/wp\/v2\/users\/1"}],"replies":[{"embeddable":true,"href":"https:\/\/www.upo.es\/area-historia-arte\/wp-json\/wp\/v2\/comments?post=3284"}],"version-history":[{"count":6,"href":"https:\/\/www.upo.es\/area-historia-arte\/wp-json\/wp\/v2\/pages\/3284\/revisions"}],"predecessor-version":[{"id":3313,"href":"https:\/\/www.upo.es\/area-historia-arte\/wp-json\/wp\/v2\/pages\/3284\/revisions\/3313"}],"wp:attachment":[{"href":"https:\/\/www.upo.es\/area-historia-arte\/wp-json\/wp\/v2\/media?parent=3284"}],"curies":[{"name":"wp","href":"https:\/\/api.w.org\/{rel}","templated":true}]}}