{"id":335,"date":"2019-03-31T15:20:27","date_gmt":"2019-03-31T13:20:27","guid":{"rendered":"https:\/\/www.upo.es\/area-historia-arte\/?page_id=335"},"modified":"2019-07-16T13:00:55","modified_gmt":"2019-07-16T11:00:55","slug":"ecumene-barroca-ubicars","status":"publish","type":"page","link":"https:\/\/www.upo.es\/area-historia-arte\/ecumene-barroca-ubicars\/","title":{"rendered":"Ec\u00famene Barroca &#8211; ubiCARS"},"content":{"rendered":"\n<p style=\"text-align:center\">Universo Barroco Iberoamericano<\/p>\n\n\n\n<p>Constituye una red\na escala supranacional para facilitar los estudios sobre el barroco\niberoamericano, estimulando la cooperaci\u00f3n y favoreciendo la difusi\u00f3n de sus\nresultados.<\/p>\n\n\n\n<p>En tal sentido\nimpulsa una serie de eventos a lo largo de todo el orbe Iberoamericano, que se\ninaugura en el mes de noviembre con dos citas, una en Quito y otra en Sevilla.<\/p>\n\n\n\n<p>La primera promovida\npor el Instituto Metropolitano de Patrimonio que lleva por t\u00edtulo Barroco Vivo.\nDesc\u00fabrelo en ti; la segunda, auspiciada por la Universidad Pablo de Olavide,\ntitulada Arte en escena. Tramoyas, escenograf\u00edas y simulacros en Andaluc\u00eda y\nAm\u00e9rica.<\/p>\n\n\n\n<p>En los pr\u00f3ximos meses se unir\u00e1n al programa las actividades ideadas por los equipos de Sevilla, Quito, Lima, Cali, Montevideo, S\u00e3o Paulo y M\u00e9xico DF.<\/p>\n\n\n\n<p><a href=\"http:\/\/www.upo.es\/ceiba\/ubicars\/\">Centro de Estudios del Barroco Iberoamericano &#8211; ubiCARS<\/a><\/p>\n","protected":false},"excerpt":{"rendered":"<p>Universo Barroco Iberoamericano Constituye una red a escala supranacional para facilitar los estudios sobre el barroco iberoamericano, estimulando la cooperaci\u00f3n[&#8230;]<\/p>\n","protected":false},"author":1,"featured_media":0,"parent":0,"menu_order":0,"comment_status":"closed","ping_status":"closed","template":"template-fullwidth.php","meta":[],"_links":{"self":[{"href":"https:\/\/www.upo.es\/area-historia-arte\/wp-json\/wp\/v2\/pages\/335"}],"collection":[{"href":"https:\/\/www.upo.es\/area-historia-arte\/wp-json\/wp\/v2\/pages"}],"about":[{"href":"https:\/\/www.upo.es\/area-historia-arte\/wp-json\/wp\/v2\/types\/page"}],"author":[{"embeddable":true,"href":"https:\/\/www.upo.es\/area-historia-arte\/wp-json\/wp\/v2\/users\/1"}],"replies":[{"embeddable":true,"href":"https:\/\/www.upo.es\/area-historia-arte\/wp-json\/wp\/v2\/comments?post=335"}],"version-history":[{"count":3,"href":"https:\/\/www.upo.es\/area-historia-arte\/wp-json\/wp\/v2\/pages\/335\/revisions"}],"predecessor-version":[{"id":2022,"href":"https:\/\/www.upo.es\/area-historia-arte\/wp-json\/wp\/v2\/pages\/335\/revisions\/2022"}],"wp:attachment":[{"href":"https:\/\/www.upo.es\/area-historia-arte\/wp-json\/wp\/v2\/media?parent=335"}],"curies":[{"name":"wp","href":"https:\/\/api.w.org\/{rel}","templated":true}]}}