{"id":3411,"date":"2025-09-26T10:31:05","date_gmt":"2025-09-26T08:31:05","guid":{"rendered":"https:\/\/www.upo.es\/area-historia-arte\/?page_id=3411"},"modified":"2025-09-26T10:31:19","modified_gmt":"2025-09-26T08:31:19","slug":"presentacion-del-libro-nuevas-poblaciones-en-la-banda-oriental-1780-1805","status":"publish","type":"page","link":"https:\/\/www.upo.es\/area-historia-arte\/presentacion-del-libro-nuevas-poblaciones-en-la-banda-oriental-1780-1805\/","title":{"rendered":"Presentaci\u00f3n del libro \u00abNuevas poblaciones en la Banda Oriental 1780-1805\u00bb"},"content":{"rendered":"\n<p><\/p>\n\n\n\n<figure class=\"wp-block-image size-large\"><img loading=\"lazy\" width=\"695\" height=\"1024\" src=\"https:\/\/www.upo.es\/area-historia-arte\/wp-content\/uploads\/2025\/09\/image-695x1024.png\" alt=\"\" class=\"wp-image-3412\" srcset=\"https:\/\/www.upo.es\/area-historia-arte\/wp-content\/uploads\/2025\/09\/image-695x1024.png 695w, https:\/\/www.upo.es\/area-historia-arte\/wp-content\/uploads\/2025\/09\/image-204x300.png 204w, https:\/\/www.upo.es\/area-historia-arte\/wp-content\/uploads\/2025\/09\/image-768x1131.png 768w, https:\/\/www.upo.es\/area-historia-arte\/wp-content\/uploads\/2025\/09\/image.png 981w\" sizes=\"(max-width: 695px) 100vw, 695px\" \/><\/figure>\n\n\n\n<p><strong>Fecha<\/strong>: 30 de septiembre, 19:00 hs.<\/p>\n\n\n\n<p><strong>Lugar:<\/strong>&nbsp; Sal\u00f3n de Actos de la Casa de la Provincia<\/p>\n\n\n\n<p><strong>Participan:<\/strong><br>Jos\u00e9 Mar\u00eda Feria Toribio<br>Tatiana Rimbaud Blengini<br>Francisco Ollero Lobato<\/p>\n","protected":false},"excerpt":{"rendered":"<p>Fecha: 30 de septiembre, 19:00 hs. Lugar:&nbsp; Sal\u00f3n de Actos de la Casa de la Provincia Participan:Jos\u00e9 Mar\u00eda Feria ToribioTatiana[&#8230;]<\/p>\n","protected":false},"author":1,"featured_media":0,"parent":0,"menu_order":0,"comment_status":"closed","ping_status":"closed","template":"","meta":[],"_links":{"self":[{"href":"https:\/\/www.upo.es\/area-historia-arte\/wp-json\/wp\/v2\/pages\/3411"}],"collection":[{"href":"https:\/\/www.upo.es\/area-historia-arte\/wp-json\/wp\/v2\/pages"}],"about":[{"href":"https:\/\/www.upo.es\/area-historia-arte\/wp-json\/wp\/v2\/types\/page"}],"author":[{"embeddable":true,"href":"https:\/\/www.upo.es\/area-historia-arte\/wp-json\/wp\/v2\/users\/1"}],"replies":[{"embeddable":true,"href":"https:\/\/www.upo.es\/area-historia-arte\/wp-json\/wp\/v2\/comments?post=3411"}],"version-history":[{"count":2,"href":"https:\/\/www.upo.es\/area-historia-arte\/wp-json\/wp\/v2\/pages\/3411\/revisions"}],"predecessor-version":[{"id":3414,"href":"https:\/\/www.upo.es\/area-historia-arte\/wp-json\/wp\/v2\/pages\/3411\/revisions\/3414"}],"wp:attachment":[{"href":"https:\/\/www.upo.es\/area-historia-arte\/wp-json\/wp\/v2\/media?parent=3411"}],"curies":[{"name":"wp","href":"https:\/\/api.w.org\/{rel}","templated":true}]}}