{"id":3444,"date":"2026-02-09T12:36:30","date_gmt":"2026-02-09T11:36:30","guid":{"rendered":"https:\/\/www.upo.es\/area-historia-arte\/?page_id=3444"},"modified":"2026-02-13T11:16:36","modified_gmt":"2026-02-13T10:16:36","slug":"ii-seminario-apropiaciones-indebidas-disyuntivas-para-una-historia-del-arte-del-siglo-xxi","status":"publish","type":"page","link":"https:\/\/www.upo.es\/area-historia-arte\/ii-seminario-apropiaciones-indebidas-disyuntivas-para-una-historia-del-arte-del-siglo-xxi\/","title":{"rendered":"II SEMINARIO: APROPIACIONES (IN)DEBIDAS. Disyuntivas para una historia del arte del siglo XXI"},"content":{"rendered":"\n<p>Juan M. Monterroso Montero<br>Universidade de Santiago de Compostela<\/p>\n\n\n\n<figure class=\"wp-block-image size-large\"><img loading=\"lazy\" width=\"1024\" height=\"512\" src=\"https:\/\/www.upo.es\/area-historia-arte\/wp-content\/uploads\/2026\/02\/APROPIACIONES-IN-DEBIDAS_seminario-2-1024x512.jpg\" alt=\"\" class=\"wp-image-3445\" srcset=\"https:\/\/www.upo.es\/area-historia-arte\/wp-content\/uploads\/2026\/02\/APROPIACIONES-IN-DEBIDAS_seminario-2-1024x512.jpg 1024w, https:\/\/www.upo.es\/area-historia-arte\/wp-content\/uploads\/2026\/02\/APROPIACIONES-IN-DEBIDAS_seminario-2-300x150.jpg 300w, https:\/\/www.upo.es\/area-historia-arte\/wp-content\/uploads\/2026\/02\/APROPIACIONES-IN-DEBIDAS_seminario-2-768x384.jpg 768w, https:\/\/www.upo.es\/area-historia-arte\/wp-content\/uploads\/2026\/02\/APROPIACIONES-IN-DEBIDAS_seminario-2-1536x768.jpg 1536w, https:\/\/www.upo.es\/area-historia-arte\/wp-content\/uploads\/2026\/02\/APROPIACIONES-IN-DEBIDAS_seminario-2-2048x1024.jpg 2048w, https:\/\/www.upo.es\/area-historia-arte\/wp-content\/uploads\/2026\/02\/APROPIACIONES-IN-DEBIDAS_seminario-2-840x420.jpg 840w\" sizes=\"(max-width: 1024px) 100vw, 1024px\" \/><\/figure>\n\n\n\n<p><\/p>\n\n\n\n<div class=\"wp-block-file\"><a href=\"https:\/\/www.upo.es\/area-historia-arte\/wp-content\/uploads\/2026\/02\/APROPIACIONES-IN-DEBIDAS_seminario-1.pdf\">PROGRAMA<\/a><a href=\"https:\/\/www.upo.es\/area-historia-arte\/wp-content\/uploads\/2026\/02\/APROPIACIONES-IN-DEBIDAS_seminario-1.pdf\" class=\"wp-block-file__button\" download>Descarga<\/a><\/div>\n\n\n\n<p><strong>Fecha<\/strong>: 18 y 19 de febrero de 2026<br><br><strong>Lugar:<\/strong>\u00a0 Universidad Pablo de Olavide, Sevilla. Aula 110, edificio 45.<\/p>\n\n\n\n<p><strong>Coordinaci\u00f3n:<\/strong><br>Daniela Kaplan Stein<br>dkapste@upo.es<\/p>\n\n\n\n<p><strong>Organizaci\u00f3n:<\/strong><br>M\u00e1ster en Arte, Museos y Gesti\u00f3n del Patrimonio Hist\u00f3rico<br>\u00c1rea de Historia del Arte, Universidad Pablo de Olavide<\/p>\n\n\n\n<p><\/p>\n","protected":false},"excerpt":{"rendered":"<p>Juan M. Monterroso MonteroUniversidade de Santiago de Compostela Fecha: 18 y 19 de febrero de 2026 Lugar:\u00a0 Universidad Pablo de[&#8230;]<\/p>\n","protected":false},"author":1,"featured_media":0,"parent":0,"menu_order":0,"comment_status":"closed","ping_status":"closed","template":"","meta":[],"_links":{"self":[{"href":"https:\/\/www.upo.es\/area-historia-arte\/wp-json\/wp\/v2\/pages\/3444"}],"collection":[{"href":"https:\/\/www.upo.es\/area-historia-arte\/wp-json\/wp\/v2\/pages"}],"about":[{"href":"https:\/\/www.upo.es\/area-historia-arte\/wp-json\/wp\/v2\/types\/page"}],"author":[{"embeddable":true,"href":"https:\/\/www.upo.es\/area-historia-arte\/wp-json\/wp\/v2\/users\/1"}],"replies":[{"embeddable":true,"href":"https:\/\/www.upo.es\/area-historia-arte\/wp-json\/wp\/v2\/comments?post=3444"}],"version-history":[{"count":2,"href":"https:\/\/www.upo.es\/area-historia-arte\/wp-json\/wp\/v2\/pages\/3444\/revisions"}],"predecessor-version":[{"id":3468,"href":"https:\/\/www.upo.es\/area-historia-arte\/wp-json\/wp\/v2\/pages\/3444\/revisions\/3468"}],"wp:attachment":[{"href":"https:\/\/www.upo.es\/area-historia-arte\/wp-json\/wp\/v2\/media?parent=3444"}],"curies":[{"name":"wp","href":"https:\/\/api.w.org\/{rel}","templated":true}]}}