{"id":3448,"date":"2026-02-09T12:41:22","date_gmt":"2026-02-09T11:41:22","guid":{"rendered":"https:\/\/www.upo.es\/area-historia-arte\/?page_id=3448"},"modified":"2026-02-13T11:17:30","modified_gmt":"2026-02-13T10:17:30","slug":"seminario-arte-y-conflicto-un-caso-de-estudio-montevideo-1920-1950","status":"publish","type":"page","link":"https:\/\/www.upo.es\/area-historia-arte\/seminario-arte-y-conflicto-un-caso-de-estudio-montevideo-1920-1950\/","title":{"rendered":"Seminario Arte y Conflicto. Un caso de estudio: Montevideo (1920-1950)"},"content":{"rendered":"\n<p>Prof. William Rey Ashfield<br>Universidad de la Rep\u00fablica, Montevideo, Uruguay<\/p>\n\n\n\n<p>10, 11 y 12 de febrero de 2026<br>Aula 110 edificio 45. Universidad Pablo de Olavide, Sevilla<\/p>\n\n\n\n<figure class=\"wp-block-image size-large\"><img loading=\"lazy\" width=\"1024\" height=\"576\" src=\"https:\/\/www.upo.es\/area-historia-arte\/wp-content\/uploads\/2026\/02\/Seminario-arte-y-conflicto-2-1024x576.jpg\" alt=\"\" class=\"wp-image-3449\" srcset=\"https:\/\/www.upo.es\/area-historia-arte\/wp-content\/uploads\/2026\/02\/Seminario-arte-y-conflicto-2-1024x576.jpg 1024w, https:\/\/www.upo.es\/area-historia-arte\/wp-content\/uploads\/2026\/02\/Seminario-arte-y-conflicto-2-300x169.jpg 300w, https:\/\/www.upo.es\/area-historia-arte\/wp-content\/uploads\/2026\/02\/Seminario-arte-y-conflicto-2-768x432.jpg 768w, https:\/\/www.upo.es\/area-historia-arte\/wp-content\/uploads\/2026\/02\/Seminario-arte-y-conflicto-2-1536x864.jpg 1536w, https:\/\/www.upo.es\/area-historia-arte\/wp-content\/uploads\/2026\/02\/Seminario-arte-y-conflicto-2.jpg 1920w\" sizes=\"(max-width: 1024px) 100vw, 1024px\" \/><\/figure>\n\n\n\n<p><\/p>\n\n\n\n<div class=\"wp-block-file\"><a href=\"https:\/\/www.upo.es\/area-historia-arte\/wp-content\/uploads\/2026\/02\/Seminario-arte-y-conflicto.pdf\">PROGRAMA<\/a><a href=\"https:\/\/www.upo.es\/area-historia-arte\/wp-content\/uploads\/2026\/02\/Seminario-arte-y-conflicto.pdf\" class=\"wp-block-file__button\" download>Descarga<\/a><\/div>\n\n\n\n<p><strong>Organiza: <\/strong>M\u00e1ster en Arte, Museos y Gesti\u00f3n del Patrimonio Hist\u00f3rico, \u00c1rea de Historia del Arte, Universidad Pablo de Olavide, Sevilla<br><br><strong>Coordina: <\/strong>Daniela Kaplan Stein<\/p>\n\n\n\n<p><strong>Inscripciones: <\/strong>dkapste@upo.es<\/p>\n","protected":false},"excerpt":{"rendered":"<p>Prof. William Rey AshfieldUniversidad de la Rep\u00fablica, Montevideo, Uruguay 10, 11 y 12 de febrero de 2026Aula 110 edificio 45.[&#8230;]<\/p>\n","protected":false},"author":1,"featured_media":0,"parent":0,"menu_order":0,"comment_status":"closed","ping_status":"closed","template":"","meta":[],"_links":{"self":[{"href":"https:\/\/www.upo.es\/area-historia-arte\/wp-json\/wp\/v2\/pages\/3448"}],"collection":[{"href":"https:\/\/www.upo.es\/area-historia-arte\/wp-json\/wp\/v2\/pages"}],"about":[{"href":"https:\/\/www.upo.es\/area-historia-arte\/wp-json\/wp\/v2\/types\/page"}],"author":[{"embeddable":true,"href":"https:\/\/www.upo.es\/area-historia-arte\/wp-json\/wp\/v2\/users\/1"}],"replies":[{"embeddable":true,"href":"https:\/\/www.upo.es\/area-historia-arte\/wp-json\/wp\/v2\/comments?post=3448"}],"version-history":[{"count":4,"href":"https:\/\/www.upo.es\/area-historia-arte\/wp-json\/wp\/v2\/pages\/3448\/revisions"}],"predecessor-version":[{"id":3471,"href":"https:\/\/www.upo.es\/area-historia-arte\/wp-json\/wp\/v2\/pages\/3448\/revisions\/3471"}],"wp:attachment":[{"href":"https:\/\/www.upo.es\/area-historia-arte\/wp-json\/wp\/v2\/media?parent=3448"}],"curies":[{"name":"wp","href":"https:\/\/api.w.org\/{rel}","templated":true}]}}