{"id":348,"date":"2019-03-31T15:27:18","date_gmt":"2019-03-31T13:27:18","guid":{"rendered":"https:\/\/www.upo.es\/area-historia-arte\/?page_id=348"},"modified":"2019-07-19T09:30:00","modified_gmt":"2019-07-19T07:30:00","slug":"v-seminario-de-gestion-y-difusion-del-patrimonio-cultural-local","status":"publish","type":"page","link":"https:\/\/www.upo.es\/area-historia-arte\/v-seminario-de-gestion-y-difusion-del-patrimonio-cultural-local\/","title":{"rendered":"V Seminario de \u00abGesti\u00f3n y Difusi\u00f3n del Patrimonio Cultural Local. Emprender y mediar en los \u00e1mbitos culturales\u00bb"},"content":{"rendered":"\n<p style=\"text-align:center\"><\/p>\n\n\n\n<div class=\"wp-block-image\"><figure class=\"aligncenter is-resized\"><img loading=\"lazy\" src=\"https:\/\/www.upo.es\/area-historia-arte\/wp-content\/uploads\/2019\/05\/V_Seminario_Gestion_y_Difusion_del_Patrimonio_Cultural_Local-1024x768.jpg\" alt=\"\" class=\"wp-image-1112\" width=\"607\" height=\"455\" srcset=\"https:\/\/www.upo.es\/area-historia-arte\/wp-content\/uploads\/2019\/05\/V_Seminario_Gestion_y_Difusion_del_Patrimonio_Cultural_Local-1024x768.jpg 1024w, https:\/\/www.upo.es\/area-historia-arte\/wp-content\/uploads\/2019\/05\/V_Seminario_Gestion_y_Difusion_del_Patrimonio_Cultural_Local-300x225.jpg 300w, https:\/\/www.upo.es\/area-historia-arte\/wp-content\/uploads\/2019\/05\/V_Seminario_Gestion_y_Difusion_del_Patrimonio_Cultural_Local-768x576.jpg 768w, https:\/\/www.upo.es\/area-historia-arte\/wp-content\/uploads\/2019\/05\/V_Seminario_Gestion_y_Difusion_del_Patrimonio_Cultural_Local.jpg 2000w\" sizes=\"(max-width: 607px) 100vw, 607px\" \/><\/figure><\/div>\n\n\n\n<p style=\"text-align:center\">V Seminario \u00abGesti\u00f3n y Difusi\u00f3n del Patrimonio Cultural Local Emprender y mediar en los \u00e1mbitos culturales\u00bb<\/p>\n\n\n\n<p style=\"text-align:center\"><strong>Fecha<\/strong>: 19 y 24 de febrero &#8211; 5 y 12 de marzo de 2015 <\/p>\n\n\n\n<p style=\"text-align:center\"><strong>Lugar<\/strong>: Casa de la Provincia, Sevilla<\/p>\n\n\n\n<p>El M\u00e1ster oficial de Arte, Museos\ny Gesti\u00f3n del Patrimonio Hist\u00f3rico (UPO), con el apoyo de la Casa de la\nProvincia de la Diputaci\u00f3n Provincial de Sevilla, ha organizado este Seminario\ncomo marco del intercambio de experiencias entre los profesionales de la\nDifusi\u00f3n y la Gesti\u00f3n del Patrimonio Cultural Local. Es un encuentro que\ninteresa a los alumnos del M\u00e1ster y a otros estudiantes unbversitarios, as\u00ed\ncomo a los t\u00e9cnicos municipales de la provincia y a cuantos quieran conocer\neste trasiego de experiencias. La entrada es libre hasta completar el aforo de\nla sala. Y para inscribirse basta con enviar un correo a la direcci\u00f3n\nfquigar@gmail.com, con datos personales (nombre y domicilio) y laborales\n(estudios o profesi\u00f3n y lugar de trabajo).<\/p>\n\n\n\n<p><strong>Coordinaci\u00f3n acad\u00e9mica:<\/strong><\/p>\n\n\n\n<ul><li>Fernando Quiles Garc\u00eda (Universidad Pablo de Olavide)<\/li><\/ul>\n\n\n\n<p><strong>Organiza:<\/strong><\/p>\n\n\n\n<ul><li>M\u00e1ster oficial de Arte, Museos y Gesti\u00f3n del Patrimonio Hist\u00f3rico (UPO)<\/li><li>\u00c1rea de Historia del Arte. Universidad Pablo de Olavide, Sevilla<\/li><\/ul>\n\n\n\n<p><strong>Colabora:<\/strong><\/p>\n\n\n\n<ul><li>Casa de la Provincia de la Diputaci\u00f3n de Sevilla<\/li><li>Visibilia. Portal de Patrimonio Art\u00edstico Andaluz<\/li><li>Enredars. Matriz de Arte y Patrimonio Iberoamericanos<\/li><\/ul>\n\n\n\n<p><strong>Tel\u00e9fono<\/strong>: 954349158<\/p>\n\n\n\n<p><strong>E-mail<\/strong>: fquigar@gmail.com<br><\/p>\n\n\n\n<p><a href=\"https:\/\/www.upo.es\/area-historia-arte\/wp-content\/uploads\/2019\/03\/V_Seminario_Gestion_y_Difusion_del_Patrimonio_Cultural_Local.pdf\">PROGRAMA<\/a><\/p>\n","protected":false},"excerpt":{"rendered":"<p>V Seminario \u00abGesti\u00f3n y Difusi\u00f3n del Patrimonio Cultural Local Emprender y mediar en los \u00e1mbitos culturales\u00bb Fecha: 19 y 24[&#8230;]<\/p>\n","protected":false},"author":1,"featured_media":0,"parent":0,"menu_order":0,"comment_status":"closed","ping_status":"closed","template":"template-fullwidth.php","meta":[],"_links":{"self":[{"href":"https:\/\/www.upo.es\/area-historia-arte\/wp-json\/wp\/v2\/pages\/348"}],"collection":[{"href":"https:\/\/www.upo.es\/area-historia-arte\/wp-json\/wp\/v2\/pages"}],"about":[{"href":"https:\/\/www.upo.es\/area-historia-arte\/wp-json\/wp\/v2\/types\/page"}],"author":[{"embeddable":true,"href":"https:\/\/www.upo.es\/area-historia-arte\/wp-json\/wp\/v2\/users\/1"}],"replies":[{"embeddable":true,"href":"https:\/\/www.upo.es\/area-historia-arte\/wp-json\/wp\/v2\/comments?post=348"}],"version-history":[{"count":9,"href":"https:\/\/www.upo.es\/area-historia-arte\/wp-json\/wp\/v2\/pages\/348\/revisions"}],"predecessor-version":[{"id":2201,"href":"https:\/\/www.upo.es\/area-historia-arte\/wp-json\/wp\/v2\/pages\/348\/revisions\/2201"}],"wp:attachment":[{"href":"https:\/\/www.upo.es\/area-historia-arte\/wp-json\/wp\/v2\/media?parent=348"}],"curies":[{"name":"wp","href":"https:\/\/api.w.org\/{rel}","templated":true}]}}