{"id":3496,"date":"2026-03-16T15:04:52","date_gmt":"2026-03-16T14:04:52","guid":{"rendered":"https:\/\/www.upo.es\/area-historia-arte\/?page_id=3496"},"modified":"2026-03-16T15:14:47","modified_gmt":"2026-03-16T14:14:47","slug":"arte-y-misericordia-en-la-iglesia-de-la-santa-caridad-manara-y-el-barroco-entretejido","status":"publish","type":"page","link":"https:\/\/www.upo.es\/area-historia-arte\/arte-y-misericordia-en-la-iglesia-de-la-santa-caridad-manara-y-el-barroco-entretejido\/","title":{"rendered":"Arte y misericordia en la Iglesia de la Santa Caridad. Ma\u00f1ara y el Barroco entretejido"},"content":{"rendered":"\n<p>Museo de Bellas Artes de Sevilla<br>13 y 14 de mayo de 2026<\/p>\n\n\n\n<figure class=\"wp-block-image size-large\"><img loading=\"lazy\" width=\"1024\" height=\"576\" src=\"https:\/\/www.upo.es\/area-historia-arte\/wp-content\/uploads\/2026\/03\/Programa_Arte-y-Misericordia-1024x576.png\" alt=\"\" class=\"wp-image-3497\" srcset=\"https:\/\/www.upo.es\/area-historia-arte\/wp-content\/uploads\/2026\/03\/Programa_Arte-y-Misericordia-1024x576.png 1024w, https:\/\/www.upo.es\/area-historia-arte\/wp-content\/uploads\/2026\/03\/Programa_Arte-y-Misericordia-300x169.png 300w, https:\/\/www.upo.es\/area-historia-arte\/wp-content\/uploads\/2026\/03\/Programa_Arte-y-Misericordia-768x432.png 768w, https:\/\/www.upo.es\/area-historia-arte\/wp-content\/uploads\/2026\/03\/Programa_Arte-y-Misericordia-1536x864.png 1536w, https:\/\/www.upo.es\/area-historia-arte\/wp-content\/uploads\/2026\/03\/Programa_Arte-y-Misericordia.png 1920w\" sizes=\"(max-width: 1024px) 100vw, 1024px\" \/><\/figure>\n\n\n\n<div class=\"wp-block-file\"><a href=\"https:\/\/www.upo.es\/area-historia-arte\/wp-content\/uploads\/2026\/03\/Programa_Arte-y-Misericordia-2.pdf\">PROGRAMA<\/a><a href=\"https:\/\/www.upo.es\/area-historia-arte\/wp-content\/uploads\/2026\/03\/Programa_Arte-y-Misericordia-2.pdf\" class=\"wp-block-file__button\" download>Descarga<\/a><\/div>\n\n\n\n<p><strong>Organiza:<\/strong> Museo de Bellas Artes de Sevilla, Consejer\u00eda de Cultura de la Junta de Andaluc\u00eda y Universidad Pablo de Olavide, \u00c1rea de Historia del Arte<\/p>\n\n\n\n<p><strong>Colabora: <\/strong>Hermandad de la Santa Caridad de Sevilla<\/p>\n\n\n\n<p><strong>Inscripciones: <\/strong>aforo limitado. Hasta el 10 de mayo, enviando un correo a dkapste@upo.es.<\/p>\n\n\n\n<p><strong>Dirigen: <\/strong>Fernando Quiles Garc\u00eda (Universidad Pablo de Olavide) e Ignacio Cano Rivero (Museo de Bellas Artes de Sevilla)<\/p>\n\n\n\n<p><strong>Coordina:<\/strong> Daniela Kaplan Stein (Universidad Pablo Olavide de Sevilla)<\/p>\n\n\n\n<p><\/p>\n","protected":false},"excerpt":{"rendered":"<p>Museo de Bellas Artes de Sevilla13 y 14 de mayo de 2026 Organiza: Museo de Bellas Artes de Sevilla, Consejer\u00eda[&#8230;]<\/p>\n","protected":false},"author":1,"featured_media":0,"parent":0,"menu_order":0,"comment_status":"closed","ping_status":"closed","template":"","meta":[],"_links":{"self":[{"href":"https:\/\/www.upo.es\/area-historia-arte\/wp-json\/wp\/v2\/pages\/3496"}],"collection":[{"href":"https:\/\/www.upo.es\/area-historia-arte\/wp-json\/wp\/v2\/pages"}],"about":[{"href":"https:\/\/www.upo.es\/area-historia-arte\/wp-json\/wp\/v2\/types\/page"}],"author":[{"embeddable":true,"href":"https:\/\/www.upo.es\/area-historia-arte\/wp-json\/wp\/v2\/users\/1"}],"replies":[{"embeddable":true,"href":"https:\/\/www.upo.es\/area-historia-arte\/wp-json\/wp\/v2\/comments?post=3496"}],"version-history":[{"count":2,"href":"https:\/\/www.upo.es\/area-historia-arte\/wp-json\/wp\/v2\/pages\/3496\/revisions"}],"predecessor-version":[{"id":3509,"href":"https:\/\/www.upo.es\/area-historia-arte\/wp-json\/wp\/v2\/pages\/3496\/revisions\/3509"}],"wp:attachment":[{"href":"https:\/\/www.upo.es\/area-historia-arte\/wp-json\/wp\/v2\/media?parent=3496"}],"curies":[{"name":"wp","href":"https:\/\/api.w.org\/{rel}","templated":true}]}}