{"id":3512,"date":"2026-03-22T11:04:09","date_gmt":"2026-03-22T10:04:09","guid":{"rendered":"https:\/\/www.upo.es\/area-historia-arte\/?page_id=3512"},"modified":"2026-03-22T11:11:09","modified_gmt":"2026-03-22T10:11:09","slug":"podcast-travesias-de-la-historia","status":"publish","type":"page","link":"https:\/\/www.upo.es\/area-historia-arte\/podcast-travesias-de-la-historia\/","title":{"rendered":"P\u00f3dcast Traves\u00edas de la Historia"},"content":{"rendered":"\n<div class=\"wp-block-image\"><figure class=\"aligncenter size-large is-resized\"><img loading=\"lazy\" src=\"https:\/\/www.upo.es\/area-historia-arte\/wp-content\/uploads\/2026\/03\/Cartel-Podcast-819x1024.png\" alt=\"\" class=\"wp-image-3511\" width=\"459\" height=\"575\" srcset=\"https:\/\/www.upo.es\/area-historia-arte\/wp-content\/uploads\/2026\/03\/Cartel-Podcast-819x1024.png 819w, https:\/\/www.upo.es\/area-historia-arte\/wp-content\/uploads\/2026\/03\/Cartel-Podcast-240x300.png 240w, https:\/\/www.upo.es\/area-historia-arte\/wp-content\/uploads\/2026\/03\/Cartel-Podcast-768x960.png 768w, https:\/\/www.upo.es\/area-historia-arte\/wp-content\/uploads\/2026\/03\/Cartel-Podcast-1229x1536.png 1229w, https:\/\/www.upo.es\/area-historia-arte\/wp-content\/uploads\/2026\/03\/Cartel-Podcast-1638x2048.png 1638w\" sizes=\"(max-width: 459px) 100vw, 459px\" \/><\/figure><\/div>\n\n\n\n<p><strong>TRAVES\u00cdAS DE LA HISTORIA.  TEMPORADA 1: LA MIRADA DE ELLAS<\/strong><\/p>\n\n\n\n<p>Del 23 al 27 de marzo de 2026, cada d\u00eda se difundir\u00e1 un episodio nuevo del p\u00f3dcast que va dirigido a p\u00fablico general interesado en la Historia y la Historia del Arte. Estar\u00e1n disponibles en <a href=\"https:\/\/radiolavide.org\/programa\/travesias-de-la-historia\/\">RadiOlavide<\/a>.<\/p>\n\n\n\n<ul><li><strong>Directora<\/strong>: Victoria S\u00e1nchez Mellado (\u00c1rea de Historia de Arte. Universidad Pablo de Olavide).<\/li><li><strong>Presentadora<\/strong>: Mar\u00eda S\u00e1nchez Mellado (Universidad de C\u00f3rdoba. Unidad de Cultura Cient\u00edfica y de la Innovaci\u00f3n (UCC+i).<\/li><li><strong>Colaboradora<\/strong>: Roc\u00edo Ort\u00edz Blanquero (alumna del m\u00e1ster en Arte, Museos y Gesti\u00f3n del Patrimonio Hist\u00f3rico).<\/li><\/ul>\n\n\n\n<p><strong>Participan<\/strong>:  Carmen Rodr\u00edguez Serrano (Universidad de Sevilla), Daniela Kaplan Stein (Universidad Pablo de Olavide), Mar\u00eda Losada Friend (Universidad Pablo de Olavide), Victoria S\u00e1nchez Mellado (Universidad Pablo de Olavide) y Zara Ruiz Romero (Universidad de Sevilla). <\/p>\n\n\n\n<p>M\u00e1s informaci\u00f3n: <a href=\"https:\/\/eventos.upo.es\/147844\/programme\/7o-semana-de-la-historia-de-la-universidad-pablo-de-olavide.html\">Programa<\/a> S\u00e9ptima Semana de la Historia.<\/p>\n","protected":false},"excerpt":{"rendered":"<p>TRAVES\u00cdAS DE LA HISTORIA. TEMPORADA 1: LA MIRADA DE ELLAS Del 23 al 27 de marzo de 2026, cada d\u00eda[&#8230;]<\/p>\n","protected":false},"author":1,"featured_media":0,"parent":0,"menu_order":0,"comment_status":"closed","ping_status":"closed","template":"","meta":[],"_links":{"self":[{"href":"https:\/\/www.upo.es\/area-historia-arte\/wp-json\/wp\/v2\/pages\/3512"}],"collection":[{"href":"https:\/\/www.upo.es\/area-historia-arte\/wp-json\/wp\/v2\/pages"}],"about":[{"href":"https:\/\/www.upo.es\/area-historia-arte\/wp-json\/wp\/v2\/types\/page"}],"author":[{"embeddable":true,"href":"https:\/\/www.upo.es\/area-historia-arte\/wp-json\/wp\/v2\/users\/1"}],"replies":[{"embeddable":true,"href":"https:\/\/www.upo.es\/area-historia-arte\/wp-json\/wp\/v2\/comments?post=3512"}],"version-history":[{"count":3,"href":"https:\/\/www.upo.es\/area-historia-arte\/wp-json\/wp\/v2\/pages\/3512\/revisions"}],"predecessor-version":[{"id":3517,"href":"https:\/\/www.upo.es\/area-historia-arte\/wp-json\/wp\/v2\/pages\/3512\/revisions\/3517"}],"wp:attachment":[{"href":"https:\/\/www.upo.es\/area-historia-arte\/wp-json\/wp\/v2\/media?parent=3512"}],"curies":[{"name":"wp","href":"https:\/\/api.w.org\/{rel}","templated":true}]}}