{"id":357,"date":"2019-03-31T15:31:43","date_gmt":"2019-03-31T13:31:43","guid":{"rendered":"https:\/\/www.upo.es\/area-historia-arte\/?page_id=357"},"modified":"2019-07-16T12:54:38","modified_gmt":"2019-07-16T10:54:38","slug":"ii-simposio-internacional-jovenes-investigadores-del-barroco-iberoamericano-arte-y-patrimonio-traficos-transoceanicos","status":"publish","type":"page","link":"https:\/\/www.upo.es\/area-historia-arte\/ii-simposio-internacional-jovenes-investigadores-del-barroco-iberoamericano-arte-y-patrimonio-traficos-transoceanicos\/","title":{"rendered":"II Simposio Internacional J\u00f3venes Investigadores del Barroco Iberoamericano \u00abArte y Patrimonio: tr\u00e1ficos transoce\u00e1nicos\u00bb"},"content":{"rendered":"\n<p style=\"text-align:center\"><\/p>\n\n\n\n<div class=\"wp-block-image\"><figure class=\"aligncenter is-resized\"><img loading=\"lazy\" src=\"https:\/\/www.upo.es\/area-historia-arte\/wp-content\/uploads\/2019\/05\/Yapanga_de_Quito_Vicente_Alban_Museo_de_America-1024x781.jpg\" alt=\"\" class=\"wp-image-1107\" width=\"562\" height=\"428\" srcset=\"https:\/\/www.upo.es\/area-historia-arte\/wp-content\/uploads\/2019\/05\/Yapanga_de_Quito_Vicente_Alban_Museo_de_America-1024x781.jpg 1024w, https:\/\/www.upo.es\/area-historia-arte\/wp-content\/uploads\/2019\/05\/Yapanga_de_Quito_Vicente_Alban_Museo_de_America-300x229.jpg 300w, https:\/\/www.upo.es\/area-historia-arte\/wp-content\/uploads\/2019\/05\/Yapanga_de_Quito_Vicente_Alban_Museo_de_America-768x586.jpg 768w, https:\/\/www.upo.es\/area-historia-arte\/wp-content\/uploads\/2019\/05\/Yapanga_de_Quito_Vicente_Alban_Museo_de_America.jpg 1377w\" sizes=\"(max-width: 562px) 100vw, 562px\" \/><figcaption><br><\/figcaption><\/figure><\/div>\n\n\n\n<p style=\"text-align:center\">II Simposio Internacional de J\u00f3venes Investigadores del Barroco Iberoamericano \u00abArte y Patrimonio: tr\u00e1ficos transoce\u00e1nicos\u00bb<\/p>\n\n\n\n<p style=\"text-align:center\"><strong>Fecha<\/strong>: 15, 16 y 17 de abril de 2015 <\/p>\n\n\n\n<p style=\"text-align:center\"><strong>Lugar<\/strong>: Facultad de Ciencias Humanas y Sociales, Universitat Jaume I, Castell\u00f3n<\/p>\n\n\n\n<p><strong>Organizan<\/strong>:<\/p>\n\n\n\n<ul><li> CEIBA. Centro de Estudios del Barroco Iberoamericano<\/li><li> Grupo de Investigaci\u00f3n Iacobus (GI-1907), USC<\/li><li> Iconografia i Hist\u00f2ria de l\u00b4Art, UJI<\/li><li> \u00c1rea Historia del Arte, UPO<\/li><li> Escuela de Estudios Hispano-Americanos (CSIC)<\/li><\/ul>\n\n\n\n<p>El CEIBA nace como un proyecto para crear un centro de Investigaci\u00f3n interuniversitario en el que puedan estar reunidos todos aquellos\/as investigadores\/as que tengan la cultura barroca como eje de sus estudios. Tomando como punto de partida los grupos de investigaci\u00f3n afines de las Universidades Jaume I de Castell\u00f3n,&nbsp; Santiago de Compostela y Pablo de Olavide de Sevilla, se tiene el objetivo de desarrollar un centro de referencia para la investigaci\u00f3n, la docencia y la difusi\u00f3n de las diferentes manifestaciones art\u00edsticas y culturales asociadas con el Barroco. Calidad, compromiso y multidisciplinariedad son las premisas que alientan a este Centro.<br> <br>En la segunda convocatoria celebrada en la Universitat Jaume I se han reunido j\u00f3venes investigadores\/as de ocho pa\u00edses. Con sus trabajos han representado a&nbsp; universidades y centros de investigaci\u00f3n de M\u00e9xico, Brasil, Per\u00fa, Colombia, Chile, Portugal, Reino Unido y Espa\u00f1a, consolidando una red de trabajo que esperamos que vuelva a encontrarse en el III Simposio en SEVILLA &#8211; 2017. Les esperamos!<\/p>\n\n\n\n<p><a href=\"http:\/\/jovenesceiba.com\/\">J\u00f3venes CeIBA<\/a><\/p>\n\n\n\n<p><a href=\"https:\/\/www.upo.es\/area-historia-arte\/wp-content\/uploads\/2019\/03\/Programa_II_Jovenes_Investigadores_Barroco_Iberoamericano_CEIBA_2015.pdf\">PROGRAMA<\/a><br><br><\/p>\n","protected":false},"excerpt":{"rendered":"<p>II Simposio Internacional de J\u00f3venes Investigadores del Barroco Iberoamericano \u00abArte y Patrimonio: tr\u00e1ficos transoce\u00e1nicos\u00bb Fecha: 15, 16 y 17 de[&#8230;]<\/p>\n","protected":false},"author":1,"featured_media":0,"parent":0,"menu_order":0,"comment_status":"closed","ping_status":"closed","template":"template-fullwidth.php","meta":[],"_links":{"self":[{"href":"https:\/\/www.upo.es\/area-historia-arte\/wp-json\/wp\/v2\/pages\/357"}],"collection":[{"href":"https:\/\/www.upo.es\/area-historia-arte\/wp-json\/wp\/v2\/pages"}],"about":[{"href":"https:\/\/www.upo.es\/area-historia-arte\/wp-json\/wp\/v2\/types\/page"}],"author":[{"embeddable":true,"href":"https:\/\/www.upo.es\/area-historia-arte\/wp-json\/wp\/v2\/users\/1"}],"replies":[{"embeddable":true,"href":"https:\/\/www.upo.es\/area-historia-arte\/wp-json\/wp\/v2\/comments?post=357"}],"version-history":[{"count":6,"href":"https:\/\/www.upo.es\/area-historia-arte\/wp-json\/wp\/v2\/pages\/357\/revisions"}],"predecessor-version":[{"id":2017,"href":"https:\/\/www.upo.es\/area-historia-arte\/wp-json\/wp\/v2\/pages\/357\/revisions\/2017"}],"wp:attachment":[{"href":"https:\/\/www.upo.es\/area-historia-arte\/wp-json\/wp\/v2\/media?parent=357"}],"curies":[{"name":"wp","href":"https:\/\/api.w.org\/{rel}","templated":true}]}}